{"id":994693,"date":"2017-12-13T16:05:38","date_gmt":"2017-12-13T06:05:38","guid":{"rendered":"http:\/\/soledu.net\/co\/?page_id=994693"},"modified":"2025-03-18T10:14:09","modified_gmt":"2025-03-18T00:14:09","slug":"event-list","status":"publish","type":"page","link":"https:\/\/www.soledu.net\/co\/event-list\/","title":{"rendered":"Events"},"content":{"rendered":"<div class=\"wpb-content-wrapper\"><div data-vc-full-width=\"true\" data-vc-full-width-temp=\"true\" data-vc-full-width-init=\"false\" data-vc-stretch-content=\"true\" class=\"vc_row wpb_row vc_row-fluid vc_row-no-padding\"><div class=\"wpb_column vc_column_container vc_col-sm-2\"><div class=\"vc_column-inner\"><div class=\"wpb_wrapper\"><\/div><\/div><\/div><div class=\"wpb_column vc_column_container vc_col-sm-8\"><div class=\"vc_column-inner\"><div class=\"wpb_wrapper\">\n\t<div  class=\"wpb_single_image wpb_content_element vc_align_center\">\n\t\t\n\t\t<figure class=\"wpb_wrapper vc_figure\">\n\t\t\t<div class=\"vc_single_image-wrapper   vc_box_border_grey\"><img loading=\"lazy\" decoding=\"async\" width=\"2800\" height=\"700\" src=\"https:\/\/www.soledu.net\/co\/app\/uploads\/2023\/02\/download-bg.png\" class=\"vc_single_image-img attachment-full\" alt=\"\" title=\"download-bg\" srcset=\"https:\/\/www.soledu.net\/co\/app\/uploads\/2023\/02\/download-bg.png 2800w, https:\/\/www.soledu.net\/co\/app\/uploads\/2023\/02\/download-bg-300x75.png 300w, https:\/\/www.soledu.net\/co\/app\/uploads\/2023\/02\/download-bg-1024x256.png 1024w, https:\/\/www.soledu.net\/co\/app\/uploads\/2023\/02\/download-bg-768x192.png 768w, https:\/\/www.soledu.net\/co\/app\/uploads\/2023\/02\/download-bg-1536x384.png 1536w, https:\/\/www.soledu.net\/co\/app\/uploads\/2023\/02\/download-bg-2048x512.png 2048w\" sizes=\"auto, (max-width: 2800px) 100vw, 2800px\"  data-dt-location=\"https:\/\/www.soledu.net\/co\/membership-card\/download-bg\/\" \/><\/div>\n\t\t<\/figure>\n\t<\/div>\n<div class=\"ult-spacer spacer-69e36710868c8\" data-id=\"69e36710868c8\" data-height=\"\" data-height-mobile=\"\" data-height-tab=\"\" data-height-tab-portrait=\"\" data-height-mobile-landscape=\"\" style=\"clear:both;display:block;\"><\/div><h2 style=\"font-size: 30px;color: #2c3035;text-align: center;font-family:Montserrat;font-weight:700;font-style:normal\" class=\"vc_custom_heading vc_do_custom_heading\" >Forma parte de nuestros pr\u00f3ximos eventos!<\/h2><div class=\"ult-spacer spacer-69e3671086c13\" data-id=\"69e3671086c13\" data-height=\"20\" data-height-mobile=\"20\" data-height-tab=\"20\" data-height-tab-portrait=\"\" data-height-mobile-landscape=\"\" style=\"clear:both;display:block;\"><\/div>\n\t<div class=\"wpb_text_column wpb_content_element \" >\n\t\t<div class=\"wpb_wrapper\">\n\t\t\t<p>En <strong data-start=\"168\" data-end=\"191\">SOL Edu &amp; Migration<\/strong>, queremos que tu experiencia en Australia sea enriquecedora tanto acad\u00e9mica como socialmente. Por eso, organizamos una variedad de eventos en Brisbane que te ayudar\u00e1n a aprender, conectar con personas de todo el mundo y disfrutar de la ciudad al m\u00e1ximo.<\/p>\n\n\t\t<\/div>\n\t<\/div>\n<div class=\"ult-spacer spacer-69e3671086d4d\" data-id=\"69e3671086d4d\" data-height=\"\" data-height-mobile=\"\" data-height-tab=\"\" data-height-tab-portrait=\"\" data-height-mobile-landscape=\"\" style=\"clear:both;display:block;\"><\/div>\n\t<div class=\"wpb_text_column wpb_content_element \" >\n\t\t<div class=\"wpb_wrapper\">\n\t\t\t<p data-start=\"449\" data-end=\"604\">\ud83d\udcda <strong data-start=\"452\" data-end=\"475\">Eventos Educativos:<\/strong> Descubre oportunidades acad\u00e9micas con nuestras ferias, seminarios y sesiones informativas sobre universidades, cursos y becas.<\/p>\n<p data-start=\"606\" data-end=\"728\">\ud83c\udf0d <strong data-start=\"609\" data-end=\"633\">Charlas Migratorias:<\/strong> Mantente informado sobre visas y opciones de migraci\u00f3n con la gu\u00eda de expertos en el sector.<\/p>\n<p data-start=\"730\" data-end=\"880\">\ud83d\udde3\ufe0f <strong data-start=\"734\" data-end=\"768\">Meetups para practicar ingl\u00e9s:<\/strong> Mejora tu fluidez en un ambiente relajado mientras conoces a estudiantes internacionales de distintos pa\u00edses.<\/p>\n<p data-start=\"882\" data-end=\"1101\">\ud83c\udfd9\ufe0f <strong data-start=\"886\" data-end=\"920\">Paseos y actividades sociales:<\/strong> Explora Brisbane y sus alrededores con excursiones, eventos culturales y salidas grupales dise\u00f1adas para crear nuevas amistades y hacer de tu estad\u00eda una experiencia inolvidable.<\/p>\n<p data-start=\"1103\" data-end=\"1307\">Si buscas crecer profesionalmente, mejorar tu ingl\u00e9s o simplemente hacer nuevos amigos mientras descubres Australia, \u00a1nuestros eventos son para ti! \u00danete a nuestra comunidad y vive Brisbane con SOL Edu.<\/p>\n\n\t\t<\/div>\n\t<\/div>\n<div class=\"vc_btn3-container  member vc_btn3-center\" ><a style=\"background-color:#ffc605; color:#3d3d3d;\" class=\"vc_general vc_btn3 vc_btn3-size-md vc_btn3-shape-round vc_btn3-style-custom\" href=\"https:\/\/www.soledu.net\/au\/event-membership\/event-list\/\" title=\"\" target=\"_blank\">\u00a1Pr\u00f3ximos eventos!<\/a><\/div><div class=\"ult-spacer spacer-69e3671087094\" data-id=\"69e3671087094\" data-height=\"30\" data-height-mobile=\"30\" data-height-tab=\"30\" data-height-tab-portrait=\"\" data-height-mobile-landscape=\"\" style=\"clear:both;display:block;\"><\/div><p style=\"font-size: 30px;color: #3d3d3d;text-align: center;font-family:Montserrat;font-weight:700;font-style:normal\" class=\"vc_custom_heading vc_do_custom_heading\" >Beneficios exclusivos con la app de SOL Edu<\/p><div class=\"ult-spacer spacer-69e36710871f1\" data-id=\"69e36710871f1\" data-height=\"20\" data-height-mobile=\"20\" data-height-tab=\"20\" data-height-tab-portrait=\"\" data-height-mobile-landscape=\"\" style=\"clear:both;display:block;\"><\/div>\n\t<div class=\"wpb_text_column wpb_content_element \" >\n\t\t<div class=\"wpb_wrapper\">\n\t\t\t<p data-start=\"1295\" data-end=\"1503\">Para que disfrutes a\u00fan m\u00e1s de tu experiencia, <strong data-start=\"1341\" data-end=\"1378\">descarga la aplicaci\u00f3n de SOL Edu<\/strong> y accede a incre\u00edbles descuentos en tiendas, restaurantes y otros establecimientos en Brisbane. Adem\u00e1s, con la app podr\u00e1s:<\/p>\n<p data-start=\"1505\" data-end=\"1725\">\u2705 Obtener tu acreditaci\u00f3n como estudiante de SOL Edu.<br data-start=\"1558\" data-end=\"1561\" \/>\u2705 Inscribirte f\u00e1cilmente en nuestros eventos.<br data-start=\"1606\" data-end=\"1609\" \/>\u2705 Acceder a informaci\u00f3n \u00fatil sobre educaci\u00f3n y migraci\u00f3n.<br data-start=\"1666\" data-end=\"1669\" \/>\u2705 Conectarte con otros estudiantes y hacer networking.<\/p>\n<p data-start=\"1727\" data-end=\"1922\">No dejes pasar la oportunidad de vivir Brisbane al m\u00e1ximo con <strong data-start=\"1789\" data-end=\"1812\">SOL Edu &amp; Migration<\/strong>. \u00a1\u00danete a nuestra comunidad, participa en nuestros eventos y aprovecha todos los beneficios de nuestra app!<\/p>\n\n\t\t<\/div>\n\t<\/div>\n<div class=\"vc_btn3-container  member vc_btn3-center\" ><a style=\"background-color:#ffc605; color:#3d3d3d;\" class=\"vc_general vc_btn3 vc_btn3-size-md vc_btn3-shape-round vc_btn3-style-custom\" href=\"https:\/\/www.soledu.net\/au\/event-membership\/membership-partner-shops\/\" title=\"\" target=\"_blank\">\u00a1Descubre los descuentos exclusivos para ti!<\/a><\/div><div class=\"vc_empty_space\"   style=\"height: 32px\"><span class=\"vc_empty_space_inner\"><\/span><\/div><\/div><\/div><\/div><div class=\"wpb_column vc_column_container vc_col-sm-2\"><div class=\"vc_column-inner\"><div class=\"wpb_wrapper\"><\/div><\/div><\/div><\/div><div class=\"vc_row-full-width vc_clearfix\"><\/div><div class=\"vc_row wpb_row vc_row-fluid\"><div class=\"wpb_column vc_column_container vc_col-sm-6\"><div class=\"vc_column-inner\"><div class=\"wpb_wrapper\">\n\t<div  class=\"wpb_single_image wpb_content_element vc_align_center\">\n\t\t\n\t\t<figure class=\"wpb_wrapper vc_figure\">\n\t\t\t<a href=\"https:\/\/apps.apple.com\/au\/app\/sol-edu\/id1473357487\" target=\"_self\"  class=\"vc_single_image-wrapper   vc_box_border_grey rollover\"   ><img loading=\"lazy\" decoding=\"async\" width=\"300\" height=\"92\" src=\"https:\/\/www.soledu.net\/co\/app\/uploads\/2020\/01\/Download-the-new-SOL-Edu-app-300x92.png\" class=\"vc_single_image-img attachment-medium\" alt=\"\" title=\"Download-the-new-SOL-Edu-app\" srcset=\"https:\/\/www.soledu.net\/co\/app\/uploads\/2020\/01\/Download-the-new-SOL-Edu-app-300x92.png 300w, https:\/\/www.soledu.net\/co\/app\/uploads\/2020\/01\/Download-the-new-SOL-Edu-app.png 474w\" sizes=\"auto, (max-width: 300px) 100vw, 300px\"  data-dt-location=\"https:\/\/www.soledu.net\/co\/app\/download-the-new-sol-edu-app\/\" \/><\/a>\n\t\t<\/figure>\n\t<\/div>\n<\/div><\/div><\/div><div class=\"wpb_column vc_column_container vc_col-sm-6\"><div class=\"vc_column-inner\"><div class=\"wpb_wrapper\">\n\t<div  class=\"wpb_single_image wpb_content_element vc_align_center\">\n\t\t\n\t\t<figure class=\"wpb_wrapper vc_figure\">\n\t\t\t<a href=\"https:\/\/play.google.com\/store\/apps\/details?id=com.soledu.students&amp;hl=en_AU\" target=\"_self\"  class=\"vc_single_image-wrapper   vc_box_border_grey rollover\"   ><img loading=\"lazy\" decoding=\"async\" width=\"300\" height=\"92\" src=\"https:\/\/www.soledu.net\/co\/app\/uploads\/2020\/01\/Download-the-new-SOL-Edu-app-android-2020-300x92.png\" class=\"vc_single_image-img attachment-medium\" alt=\"\" title=\"Download-the-new-SOL-Edu-app-android-2020\" srcset=\"https:\/\/www.soledu.net\/co\/app\/uploads\/2020\/01\/Download-the-new-SOL-Edu-app-android-2020-300x92.png 300w, https:\/\/www.soledu.net\/co\/app\/uploads\/2020\/01\/Download-the-new-SOL-Edu-app-android-2020.png 474w\" sizes=\"auto, (max-width: 300px) 100vw, 300px\"  data-dt-location=\"https:\/\/www.soledu.net\/co\/app\/download-the-new-sol-edu-app-android-2020\/\" \/><\/a>\n\t\t<\/figure>\n\t<\/div>\n<\/div><\/div><\/div><\/div><div class=\"vc_row wpb_row vc_row-fluid\"><div class=\"wpb_column vc_column_container vc_col-sm-12\"><div class=\"vc_column-inner\"><div class=\"wpb_wrapper\"><\/div><\/div><\/div><\/div>\n<\/div>","protected":false},"excerpt":{"rendered":"<p>Forma parte de nuestros pr\u00f3ximos eventos! En SOL Edu &amp; Migration, queremos que tu experiencia en Australia sea enriquecedora tanto acad\u00e9mica como socialmente. Por eso, organizamos una variedad de eventos en Brisbane que te ayudar\u00e1n a aprender, conectar con personas de todo el mundo y disfrutar de la ciudad al m\u00e1ximo. \ud83d\udcda Eventos Educativos: Descubre&hellip;<\/p>\n","protected":false},"author":13,"featured_media":0,"parent":0,"menu_order":2,"comment_status":"closed","ping_status":"open","template":"","meta":{"_acf_changed":false,"om_disable_all_campaigns":false,"footnotes":""},"class_list":["post-994693","page","type-page","status-publish","hentry","description-off"],"acf":[],"yoast_head":"<!-- This site is optimized with the Yoast SEO plugin v27.2 - https:\/\/yoast.com\/product\/yoast-seo-wordpress\/ -->\n<title>SOL Edu Latinos - Eventos y Tarjeta de miembros SOL.<\/title>\n<meta name=\"description\" content=\"En SOL Edu Latinos, queremos que estes al tanto de todo lo que pasa en Australia por ejemplo, c\u00f3mo puedes mejorar tu ingl\u00e9s, c\u00f3mo encontrar empleo o realizar tramites gubernamentales, tales como el RSA o el ABN e incluso el TAX Return. No te pierdas todo lo que traemos para ti en este 2018.\" \/>\n<meta name=\"robots\" content=\"index, follow, max-snippet:-1, max-image-preview:large, max-video-preview:-1\" \/>\n<link rel=\"canonical\" href=\"https:\/\/www.soledu.net\/co\/event-list\/\" \/>\n<meta property=\"og:locale\" content=\"en_US\" \/>\n<meta property=\"og:type\" content=\"article\" \/>\n<meta property=\"og:title\" content=\"SOL Edu Latinos - Eventos y Tarjeta de miembros SOL.\" \/>\n<meta property=\"og:description\" content=\"En SOL Edu Latinos, queremos que estes al tanto de todo lo que pasa en Australia por ejemplo, c\u00f3mo puedes mejorar tu ingl\u00e9s, c\u00f3mo encontrar empleo o realizar tramites gubernamentales, tales como el RSA o el ABN e incluso el TAX Return. No te pierdas todo lo que traemos para ti en este 2018.\" \/>\n<meta property=\"og:url\" content=\"https:\/\/www.soledu.net\/co\/event-list\/\" \/>\n<meta property=\"og:site_name\" content=\"SOL Edu Latinos\" \/>\n<meta property=\"article:publisher\" content=\"https:\/\/www.facebook.com\/SOLEdu.Latinos\/\" \/>\n<meta property=\"article:modified_time\" content=\"2025-03-18T00:14:09+00:00\" \/>\n<meta name=\"twitter:card\" content=\"summary_large_image\" \/>\n<meta name=\"twitter:label1\" content=\"Est. reading time\" \/>\n\t<meta name=\"twitter:data1\" content=\"2 minutes\" \/>\n<script type=\"application\/ld+json\" class=\"yoast-schema-graph\">{\"@context\":\"https:\/\/schema.org\",\"@graph\":[{\"@type\":\"WebPage\",\"@id\":\"https:\/\/www.soledu.net\/co\/event-list\/\",\"url\":\"https:\/\/www.soledu.net\/co\/event-list\/\",\"name\":\"SOL Edu Latinos - Eventos y Tarjeta de miembros SOL.\",\"isPartOf\":{\"@id\":\"https:\/\/www.soledu.net\/co\/#website\"},\"datePublished\":\"2017-12-13T06:05:38+00:00\",\"dateModified\":\"2025-03-18T00:14:09+00:00\",\"description\":\"En SOL Edu Latinos, queremos que estes al tanto de todo lo que pasa en Australia por ejemplo, c\u00f3mo puedes mejorar tu ingl\u00e9s, c\u00f3mo encontrar empleo o realizar tramites gubernamentales, tales como el RSA o el ABN e incluso el TAX Return. No te pierdas todo lo que traemos para ti en este 2018.\",\"breadcrumb\":{\"@id\":\"https:\/\/www.soledu.net\/co\/event-list\/#breadcrumb\"},\"inLanguage\":\"en-AU\",\"potentialAction\":[{\"@type\":\"ReadAction\",\"target\":[\"https:\/\/www.soledu.net\/co\/event-list\/\"]}]},{\"@type\":\"BreadcrumbList\",\"@id\":\"https:\/\/www.soledu.net\/co\/event-list\/#breadcrumb\",\"itemListElement\":[{\"@type\":\"ListItem\",\"position\":1,\"name\":\"Home\",\"item\":\"https:\/\/www.soledu.net\/co\/\"},{\"@type\":\"ListItem\",\"position\":2,\"name\":\"Events\"}]},{\"@type\":\"WebSite\",\"@id\":\"https:\/\/www.soledu.net\/co\/#website\",\"url\":\"https:\/\/www.soledu.net\/co\/\",\"name\":\"SOL Edu Latinos\",\"description\":\"Somos una agencia de estudios en exterior, que te ayuda a cumplir tu sue\u00f1o de estudiar y trabajar en Australia y Nueva Zelanda. Somos los \u00fanicos con convenio en todas las instituciones educativas de Australia.Con m\u00e1s de 25 a\u00f1os de experiencia,te ayudamos a gestionar tu visa de estudiante. Asesor\u00eda gratuita.\",\"publisher\":{\"@id\":\"https:\/\/www.soledu.net\/co\/#organization\"},\"potentialAction\":[{\"@type\":\"SearchAction\",\"target\":{\"@type\":\"EntryPoint\",\"urlTemplate\":\"https:\/\/www.soledu.net\/co\/?s={search_term_string}\"},\"query-input\":{\"@type\":\"PropertyValueSpecification\",\"valueRequired\":true,\"valueName\":\"search_term_string\"}}],\"inLanguage\":\"en-AU\"},{\"@type\":\"Organization\",\"@id\":\"https:\/\/www.soledu.net\/co\/#organization\",\"name\":\"Sol edu Latinos\",\"url\":\"https:\/\/www.soledu.net\/co\/\",\"logo\":{\"@type\":\"ImageObject\",\"inLanguage\":\"en-AU\",\"@id\":\"https:\/\/www.soledu.net\/co\/#\/schema\/logo\/image\/\",\"url\":\"https:\/\/www.soledu.net\/co\/wp-content\/uploads\/2017\/12\/logo-SOL-Edu-and-iae-extra-medium.png\",\"contentUrl\":\"https:\/\/www.soledu.net\/co\/wp-content\/uploads\/2017\/12\/logo-SOL-Edu-and-iae-extra-medium.png\",\"width\":580,\"height\":172,\"caption\":\"Sol edu Latinos\"},\"image\":{\"@id\":\"https:\/\/www.soledu.net\/co\/#\/schema\/logo\/image\/\"},\"sameAs\":[\"https:\/\/www.facebook.com\/SOLEdu.Latinos\/\",\"https:\/\/www.instagram.com\/soledulatinos\/\"]}]}<\/script>\n<!-- \/ Yoast SEO plugin. -->","yoast_head_json":{"title":"SOL Edu Latinos - Eventos y Tarjeta de miembros SOL.","description":"En SOL Edu Latinos, queremos que estes al tanto de todo lo que pasa en Australia por ejemplo, c\u00f3mo puedes mejorar tu ingl\u00e9s, c\u00f3mo encontrar empleo o realizar tramites gubernamentales, tales como el RSA o el ABN e incluso el TAX Return. No te pierdas todo lo que traemos para ti en este 2018.","robots":{"index":"index","follow":"follow","max-snippet":"max-snippet:-1","max-image-preview":"max-image-preview:large","max-video-preview":"max-video-preview:-1"},"canonical":"https:\/\/www.soledu.net\/co\/event-list\/","og_locale":"en_US","og_type":"article","og_title":"SOL Edu Latinos - Eventos y Tarjeta de miembros SOL.","og_description":"En SOL Edu Latinos, queremos que estes al tanto de todo lo que pasa en Australia por ejemplo, c\u00f3mo puedes mejorar tu ingl\u00e9s, c\u00f3mo encontrar empleo o realizar tramites gubernamentales, tales como el RSA o el ABN e incluso el TAX Return. No te pierdas todo lo que traemos para ti en este 2018.","og_url":"https:\/\/www.soledu.net\/co\/event-list\/","og_site_name":"SOL Edu Latinos","article_publisher":"https:\/\/www.facebook.com\/SOLEdu.Latinos\/","article_modified_time":"2025-03-18T00:14:09+00:00","twitter_card":"summary_large_image","twitter_misc":{"Est. reading time":"2 minutes"},"schema":{"@context":"https:\/\/schema.org","@graph":[{"@type":"WebPage","@id":"https:\/\/www.soledu.net\/co\/event-list\/","url":"https:\/\/www.soledu.net\/co\/event-list\/","name":"SOL Edu Latinos - Eventos y Tarjeta de miembros SOL.","isPartOf":{"@id":"https:\/\/www.soledu.net\/co\/#website"},"datePublished":"2017-12-13T06:05:38+00:00","dateModified":"2025-03-18T00:14:09+00:00","description":"En SOL Edu Latinos, queremos que estes al tanto de todo lo que pasa en Australia por ejemplo, c\u00f3mo puedes mejorar tu ingl\u00e9s, c\u00f3mo encontrar empleo o realizar tramites gubernamentales, tales como el RSA o el ABN e incluso el TAX Return. No te pierdas todo lo que traemos para ti en este 2018.","breadcrumb":{"@id":"https:\/\/www.soledu.net\/co\/event-list\/#breadcrumb"},"inLanguage":"en-AU","potentialAction":[{"@type":"ReadAction","target":["https:\/\/www.soledu.net\/co\/event-list\/"]}]},{"@type":"BreadcrumbList","@id":"https:\/\/www.soledu.net\/co\/event-list\/#breadcrumb","itemListElement":[{"@type":"ListItem","position":1,"name":"Home","item":"https:\/\/www.soledu.net\/co\/"},{"@type":"ListItem","position":2,"name":"Events"}]},{"@type":"WebSite","@id":"https:\/\/www.soledu.net\/co\/#website","url":"https:\/\/www.soledu.net\/co\/","name":"SOL Edu Latinos","description":"Somos una agencia de estudios en exterior, que te ayuda a cumplir tu sue\u00f1o de estudiar y trabajar en Australia y Nueva Zelanda. Somos los \u00fanicos con convenio en todas las instituciones educativas de Australia.Con m\u00e1s de 25 a\u00f1os de experiencia,te ayudamos a gestionar tu visa de estudiante. Asesor\u00eda gratuita.","publisher":{"@id":"https:\/\/www.soledu.net\/co\/#organization"},"potentialAction":[{"@type":"SearchAction","target":{"@type":"EntryPoint","urlTemplate":"https:\/\/www.soledu.net\/co\/?s={search_term_string}"},"query-input":{"@type":"PropertyValueSpecification","valueRequired":true,"valueName":"search_term_string"}}],"inLanguage":"en-AU"},{"@type":"Organization","@id":"https:\/\/www.soledu.net\/co\/#organization","name":"Sol edu Latinos","url":"https:\/\/www.soledu.net\/co\/","logo":{"@type":"ImageObject","inLanguage":"en-AU","@id":"https:\/\/www.soledu.net\/co\/#\/schema\/logo\/image\/","url":"https:\/\/www.soledu.net\/co\/wp-content\/uploads\/2017\/12\/logo-SOL-Edu-and-iae-extra-medium.png","contentUrl":"https:\/\/www.soledu.net\/co\/wp-content\/uploads\/2017\/12\/logo-SOL-Edu-and-iae-extra-medium.png","width":580,"height":172,"caption":"Sol edu Latinos"},"image":{"@id":"https:\/\/www.soledu.net\/co\/#\/schema\/logo\/image\/"},"sameAs":["https:\/\/www.facebook.com\/SOLEdu.Latinos\/","https:\/\/www.instagram.com\/soledulatinos\/"]}]}},"_links":{"self":[{"href":"https:\/\/www.soledu.net\/co\/wp-json\/wp\/v2\/pages\/994693","targetHints":{"allow":["GET"]}}],"collection":[{"href":"https:\/\/www.soledu.net\/co\/wp-json\/wp\/v2\/pages"}],"about":[{"href":"https:\/\/www.soledu.net\/co\/wp-json\/wp\/v2\/types\/page"}],"author":[{"embeddable":true,"href":"https:\/\/www.soledu.net\/co\/wp-json\/wp\/v2\/users\/13"}],"replies":[{"embeddable":true,"href":"https:\/\/www.soledu.net\/co\/wp-json\/wp\/v2\/comments?post=994693"}],"version-history":[{"count":116,"href":"https:\/\/www.soledu.net\/co\/wp-json\/wp\/v2\/pages\/994693\/revisions"}],"predecessor-version":[{"id":1014684,"href":"https:\/\/www.soledu.net\/co\/wp-json\/wp\/v2\/pages\/994693\/revisions\/1014684"}],"wp:attachment":[{"href":"https:\/\/www.soledu.net\/co\/wp-json\/wp\/v2\/media?parent=994693"}],"curies":[{"name":"wp","href":"https:\/\/api.w.org\/{rel}","templated":true}]}}