{"id":994622,"date":"2017-12-12T11:12:22","date_gmt":"2017-12-12T01:12:22","guid":{"rendered":"http:\/\/soledu.net\/co\/?page_id=994622"},"modified":"2017-12-12T11:12:22","modified_gmt":"2017-12-12T01:12:22","slug":"eai","status":"publish","type":"page","link":"https:\/\/www.soledu.net\/co\/how-to-start-seminar-2\/ingles-general-en-australia\/eai\/","title":{"rendered":"Ex\u00e1menes Acreditados Internacionalmente"},"content":{"rendered":"<div class=\"wpb-content-wrapper\"><div class=\"vc_row wpb_row vc_row-fluid\"><div class=\"wpb_column vc_column_container vc_col-sm-12\"><div class=\"vc_column-inner\"><div class=\"wpb_wrapper\"><div class=\"vc_empty_space\"   style=\"height: 20px\"><span class=\"vc_empty_space_inner\"><\/span><\/div>\n\t<div class=\"wpb_text_column wpb_content_element \" >\n\t\t<div class=\"wpb_wrapper\">\n\t\t\t<h4 style=\"text-align: center; letter-spacing: -1pt;\">Quieres obtener estos certificados internacionales?<br \/>\nCont\u00e1ctanos y recibe gratuitamente la mejor asesor\u00eda profesional personalizada para alcanzar tus objetivos.<\/h4>\n\n\t\t<\/div>\n\t<\/div>\n<\/div><\/div><\/div><\/div><div class=\"vc_row wpb_row vc_row-fluid\"><div class=\"wpb_column vc_column_container vc_col-sm-12\"><div class=\"vc_column-inner\"><div class=\"wpb_wrapper\"><div class=\"vc_empty_space\"   style=\"height: 20px\"><span class=\"vc_empty_space_inner\"><\/span><\/div><div id=\"ts-vcsc-youtube-6201012\" class=\"ts-video-container ts-ratio-sixteen-to-nine  ts-video-overlay-false\"  style=\"\"><iframe loading=\"lazy\" class=\"ts-video-iframe\" width=\"100%\" height=\"auto\"  src=\"https:\/\/www.youtube.com\/embed\/vWEbQaoRepo?autoplay=0&showinfo=1&controls=1&autohide=1&rel=0&loop=0&modestbranding=0&mute=0&vq=auto&wmode=opaque\" frameborder=\"0\" webkitallowfullscreen mozallowfullscreen allowfullscreen allow=\"autoplay\"><\/iframe><\/div>\n\t<div class=\"wpb_text_column wpb_content_element \" >\n\t\t<div class=\"wpb_wrapper\">\n\t\t\t<p style=\"text-align: center;\"><span style=\"font-size: 8pt;\">Video source from IELTS Official<\/span><\/p>\n\n\t\t<\/div>\n\t<\/div>\n<div class=\"vc_empty_space\"   style=\"height: 50px\"><span class=\"vc_empty_space_inner\"><\/span><\/div>\n\t<div class=\"wpb_text_column wpb_content_element \" >\n\t\t<div class=\"wpb_wrapper\">\n\t\t\t<h4><b>IELTS<\/b><\/h4>\n<p>Perfecciona tu Ingles y entrena en c\u00f3mo resolver y lograr obtener el tan anhelado certificado IELTS. Este certificado es de los pocos a nivel mundial que realmente dice que nivel de ingl\u00e9s tienes.<\/p>\n<p>Por otro lado es requisito para algunas clases de visa a nivel mundial, entradas a las Universidades de Australia, incluso para tu futura Residencia Permanente (PR)<\/p>\n<p>Este curso es un curso intensivo de 5 d\u00edas a la semana y te entrena en: Habla, escritura, lectura y escucha.<\/p>\n\n\t\t<\/div>\n\t<\/div>\n<div class=\"vc_empty_space\"   style=\"height: 50px\"><span class=\"vc_empty_space_inner\"><\/span><\/div>\n\t<div class=\"wpb_text_column wpb_content_element \" >\n\t\t<div class=\"wpb_wrapper\">\n\t\t\t<h4><b>Cambridge<\/b><\/h4>\n<p>Curso dise\u00f1ado para perfeccionar tu ingl\u00e9s y lograr el tan prestigioso certificado Cambridge otorgado por la Universidad de Cambridge en el Reino Unido.<\/p>\n<p>Se imparte en diferentes escuelas alrededor de Australia aunque un poco menos popular. Este curso puede dividirse en m\u00e1s de 3 tipos de Cambridge dependiendo del nivel de ingl\u00e9s del estudiante.<\/p>\n<p>Este curso es un curso intensivo de 5 d\u00edas a la semana y te entrena en: Habla, escritura, lectura, escucha y el uso del ingl\u00e9s.<\/p>\n\n\t\t<\/div>\n\t<\/div>\n<\/div><\/div><\/div><\/div>\n<\/div>","protected":false},"excerpt":{"rendered":"<p>Quieres obtener estos certificados internacionales? Cont\u00e1ctanos y recibe gratuitamente la mejor asesor\u00eda profesional personalizada para alcanzar tus objetivos. Video source from IELTS Official IELTS Perfecciona tu Ingles y entrena en c\u00f3mo resolver y lograr obtener el tan anhelado certificado IELTS. Este certificado es de los pocos a nivel mundial que realmente dice que nivel de&hellip;<\/p>\n","protected":false},"author":13,"featured_media":0,"parent":994618,"menu_order":2,"comment_status":"closed","ping_status":"open","template":"","meta":{"_acf_changed":false,"om_disable_all_campaigns":false,"footnotes":""},"class_list":["post-994622","page","type-page","status-publish","hentry","description-off"],"acf":[],"yoast_head":"<!-- This site is optimized with the Yoast SEO plugin v27.2 - https:\/\/yoast.com\/product\/yoast-seo-wordpress\/ -->\n<title>Ex\u00e1menes Acreditados Internacionalmente &#8211; SOL Edu Latinos<\/title>\n<meta name=\"robots\" content=\"index, follow, max-snippet:-1, max-image-preview:large, max-video-preview:-1\" \/>\n<link rel=\"canonical\" href=\"https:\/\/www.soledu.net\/co\/how-to-start-seminar-2\/ingles-general-en-australia\/eai\/\" \/>\n<meta property=\"og:locale\" content=\"en_US\" \/>\n<meta property=\"og:type\" content=\"article\" \/>\n<meta property=\"og:title\" content=\"Ex\u00e1menes Acreditados Internacionalmente &#8211; SOL Edu Latinos\" \/>\n<meta property=\"og:url\" content=\"https:\/\/www.soledu.net\/co\/how-to-start-seminar-2\/ingles-general-en-australia\/eai\/\" \/>\n<meta property=\"og:site_name\" content=\"SOL Edu Latinos\" \/>\n<meta property=\"article:publisher\" content=\"https:\/\/www.facebook.com\/SOLEdu.Latinos\/\" \/>\n<meta name=\"twitter:card\" content=\"summary_large_image\" \/>\n<meta name=\"twitter:label1\" content=\"Est. reading time\" \/>\n\t<meta name=\"twitter:data1\" content=\"1 minute\" \/>\n<script type=\"application\/ld+json\" class=\"yoast-schema-graph\">{\"@context\":\"https:\/\/schema.org\",\"@graph\":[{\"@type\":\"WebPage\",\"@id\":\"https:\/\/www.soledu.net\/co\/how-to-start-seminar-2\/ingles-general-en-australia\/eai\/\",\"url\":\"https:\/\/www.soledu.net\/co\/how-to-start-seminar-2\/ingles-general-en-australia\/eai\/\",\"name\":\"Ex\u00e1menes Acreditados Internacionalmente &#8211; SOL Edu Latinos\",\"isPartOf\":{\"@id\":\"https:\/\/www.soledu.net\/co\/#website\"},\"datePublished\":\"2017-12-12T01:12:22+00:00\",\"breadcrumb\":{\"@id\":\"https:\/\/www.soledu.net\/co\/how-to-start-seminar-2\/ingles-general-en-australia\/eai\/#breadcrumb\"},\"inLanguage\":\"en-AU\",\"potentialAction\":[{\"@type\":\"ReadAction\",\"target\":[\"https:\/\/www.soledu.net\/co\/how-to-start-seminar-2\/ingles-general-en-australia\/eai\/\"]}]},{\"@type\":\"BreadcrumbList\",\"@id\":\"https:\/\/www.soledu.net\/co\/how-to-start-seminar-2\/ingles-general-en-australia\/eai\/#breadcrumb\",\"itemListElement\":[{\"@type\":\"ListItem\",\"position\":1,\"name\":\"Home\",\"item\":\"https:\/\/www.soledu.net\/co\/\"},{\"@type\":\"ListItem\",\"position\":2,\"name\":\"Ingles en Australia\",\"item\":\"https:\/\/www.soledu.net\/co\/how-to-start-seminar-2\/\"},{\"@type\":\"ListItem\",\"position\":3,\"name\":\"General English (Ingl\u00e9s general)\",\"item\":\"https:\/\/www.soledu.net\/co\/how-to-start-seminar-2\/ingles-general-en-australia\/\"},{\"@type\":\"ListItem\",\"position\":4,\"name\":\"Ex\u00e1menes Acreditados Internacionalmente\"}]},{\"@type\":\"WebSite\",\"@id\":\"https:\/\/www.soledu.net\/co\/#website\",\"url\":\"https:\/\/www.soledu.net\/co\/\",\"name\":\"SOL Edu Latinos\",\"description\":\"Somos una agencia de estudios en exterior, que te ayuda a cumplir tu sue\u00f1o de estudiar y trabajar en Australia y Nueva Zelanda. Somos los \u00fanicos con convenio en todas las instituciones educativas de Australia.Con m\u00e1s de 25 a\u00f1os de experiencia,te ayudamos a gestionar tu visa de estudiante. Asesor\u00eda gratuita.\",\"publisher\":{\"@id\":\"https:\/\/www.soledu.net\/co\/#organization\"},\"potentialAction\":[{\"@type\":\"SearchAction\",\"target\":{\"@type\":\"EntryPoint\",\"urlTemplate\":\"https:\/\/www.soledu.net\/co\/?s={search_term_string}\"},\"query-input\":{\"@type\":\"PropertyValueSpecification\",\"valueRequired\":true,\"valueName\":\"search_term_string\"}}],\"inLanguage\":\"en-AU\"},{\"@type\":\"Organization\",\"@id\":\"https:\/\/www.soledu.net\/co\/#organization\",\"name\":\"Sol edu Latinos\",\"url\":\"https:\/\/www.soledu.net\/co\/\",\"logo\":{\"@type\":\"ImageObject\",\"inLanguage\":\"en-AU\",\"@id\":\"https:\/\/www.soledu.net\/co\/#\/schema\/logo\/image\/\",\"url\":\"https:\/\/www.soledu.net\/co\/wp-content\/uploads\/2017\/12\/logo-SOL-Edu-and-iae-extra-medium.png\",\"contentUrl\":\"https:\/\/www.soledu.net\/co\/wp-content\/uploads\/2017\/12\/logo-SOL-Edu-and-iae-extra-medium.png\",\"width\":580,\"height\":172,\"caption\":\"Sol edu Latinos\"},\"image\":{\"@id\":\"https:\/\/www.soledu.net\/co\/#\/schema\/logo\/image\/\"},\"sameAs\":[\"https:\/\/www.facebook.com\/SOLEdu.Latinos\/\",\"https:\/\/www.instagram.com\/soledulatinos\/\"]}]}<\/script>\n<!-- \/ Yoast SEO plugin. -->","yoast_head_json":{"title":"Ex\u00e1menes Acreditados Internacionalmente &#8211; SOL Edu Latinos","robots":{"index":"index","follow":"follow","max-snippet":"max-snippet:-1","max-image-preview":"max-image-preview:large","max-video-preview":"max-video-preview:-1"},"canonical":"https:\/\/www.soledu.net\/co\/how-to-start-seminar-2\/ingles-general-en-australia\/eai\/","og_locale":"en_US","og_type":"article","og_title":"Ex\u00e1menes Acreditados Internacionalmente &#8211; SOL Edu Latinos","og_url":"https:\/\/www.soledu.net\/co\/how-to-start-seminar-2\/ingles-general-en-australia\/eai\/","og_site_name":"SOL Edu Latinos","article_publisher":"https:\/\/www.facebook.com\/SOLEdu.Latinos\/","twitter_card":"summary_large_image","twitter_misc":{"Est. reading time":"1 minute"},"schema":{"@context":"https:\/\/schema.org","@graph":[{"@type":"WebPage","@id":"https:\/\/www.soledu.net\/co\/how-to-start-seminar-2\/ingles-general-en-australia\/eai\/","url":"https:\/\/www.soledu.net\/co\/how-to-start-seminar-2\/ingles-general-en-australia\/eai\/","name":"Ex\u00e1menes Acreditados Internacionalmente &#8211; SOL Edu Latinos","isPartOf":{"@id":"https:\/\/www.soledu.net\/co\/#website"},"datePublished":"2017-12-12T01:12:22+00:00","breadcrumb":{"@id":"https:\/\/www.soledu.net\/co\/how-to-start-seminar-2\/ingles-general-en-australia\/eai\/#breadcrumb"},"inLanguage":"en-AU","potentialAction":[{"@type":"ReadAction","target":["https:\/\/www.soledu.net\/co\/how-to-start-seminar-2\/ingles-general-en-australia\/eai\/"]}]},{"@type":"BreadcrumbList","@id":"https:\/\/www.soledu.net\/co\/how-to-start-seminar-2\/ingles-general-en-australia\/eai\/#breadcrumb","itemListElement":[{"@type":"ListItem","position":1,"name":"Home","item":"https:\/\/www.soledu.net\/co\/"},{"@type":"ListItem","position":2,"name":"Ingles en Australia","item":"https:\/\/www.soledu.net\/co\/how-to-start-seminar-2\/"},{"@type":"ListItem","position":3,"name":"General English (Ingl\u00e9s general)","item":"https:\/\/www.soledu.net\/co\/how-to-start-seminar-2\/ingles-general-en-australia\/"},{"@type":"ListItem","position":4,"name":"Ex\u00e1menes Acreditados Internacionalmente"}]},{"@type":"WebSite","@id":"https:\/\/www.soledu.net\/co\/#website","url":"https:\/\/www.soledu.net\/co\/","name":"SOL Edu Latinos","description":"Somos una agencia de estudios en exterior, que te ayuda a cumplir tu sue\u00f1o de estudiar y trabajar en Australia y Nueva Zelanda. Somos los \u00fanicos con convenio en todas las instituciones educativas de Australia.Con m\u00e1s de 25 a\u00f1os de experiencia,te ayudamos a gestionar tu visa de estudiante. Asesor\u00eda gratuita.","publisher":{"@id":"https:\/\/www.soledu.net\/co\/#organization"},"potentialAction":[{"@type":"SearchAction","target":{"@type":"EntryPoint","urlTemplate":"https:\/\/www.soledu.net\/co\/?s={search_term_string}"},"query-input":{"@type":"PropertyValueSpecification","valueRequired":true,"valueName":"search_term_string"}}],"inLanguage":"en-AU"},{"@type":"Organization","@id":"https:\/\/www.soledu.net\/co\/#organization","name":"Sol edu Latinos","url":"https:\/\/www.soledu.net\/co\/","logo":{"@type":"ImageObject","inLanguage":"en-AU","@id":"https:\/\/www.soledu.net\/co\/#\/schema\/logo\/image\/","url":"https:\/\/www.soledu.net\/co\/wp-content\/uploads\/2017\/12\/logo-SOL-Edu-and-iae-extra-medium.png","contentUrl":"https:\/\/www.soledu.net\/co\/wp-content\/uploads\/2017\/12\/logo-SOL-Edu-and-iae-extra-medium.png","width":580,"height":172,"caption":"Sol edu Latinos"},"image":{"@id":"https:\/\/www.soledu.net\/co\/#\/schema\/logo\/image\/"},"sameAs":["https:\/\/www.facebook.com\/SOLEdu.Latinos\/","https:\/\/www.instagram.com\/soledulatinos\/"]}]}},"_links":{"self":[{"href":"https:\/\/www.soledu.net\/co\/wp-json\/wp\/v2\/pages\/994622","targetHints":{"allow":["GET"]}}],"collection":[{"href":"https:\/\/www.soledu.net\/co\/wp-json\/wp\/v2\/pages"}],"about":[{"href":"https:\/\/www.soledu.net\/co\/wp-json\/wp\/v2\/types\/page"}],"author":[{"embeddable":true,"href":"https:\/\/www.soledu.net\/co\/wp-json\/wp\/v2\/users\/13"}],"replies":[{"embeddable":true,"href":"https:\/\/www.soledu.net\/co\/wp-json\/wp\/v2\/comments?post=994622"}],"version-history":[{"count":1,"href":"https:\/\/www.soledu.net\/co\/wp-json\/wp\/v2\/pages\/994622\/revisions"}],"predecessor-version":[{"id":994623,"href":"https:\/\/www.soledu.net\/co\/wp-json\/wp\/v2\/pages\/994622\/revisions\/994623"}],"up":[{"embeddable":true,"href":"https:\/\/www.soledu.net\/co\/wp-json\/wp\/v2\/pages\/994618"}],"wp:attachment":[{"href":"https:\/\/www.soledu.net\/co\/wp-json\/wp\/v2\/media?parent=994622"}],"curies":[{"name":"wp","href":"https:\/\/api.w.org\/{rel}","templated":true}]}}