{"id":994582,"date":"2017-12-11T14:03:50","date_gmt":"2017-12-11T04:03:50","guid":{"rendered":"http:\/\/soledu.net\/co\/?page_id=994582"},"modified":"2017-12-11T14:03:50","modified_gmt":"2017-12-11T04:03:50","slug":"sydney","status":"publish","type":"page","link":"https:\/\/www.soledu.net\/co\/destinos\/gracias-por-contactarnos\/sydney\/","title":{"rendered":"Sydney"},"content":{"rendered":"<div class=\"wpb-content-wrapper\"><div class=\"vc_row wpb_row vc_row-fluid\"><div class=\"wpb_column vc_column_container vc_col-sm-12\"><div class=\"vc_column-inner\"><div class=\"wpb_wrapper\"><div id=\"ts-vcsc-youtube-5654998\" class=\"ts-video-container ts-ratio-sixteen-to-nine  ts-video-overlay-false\"  style=\"\"><iframe loading=\"lazy\" class=\"ts-video-iframe\" width=\"100%\" height=\"auto\"  src=\"https:\/\/www.youtube.com\/embed\/QA_SY4b1tNI?autoplay=0&showinfo=1&controls=1&autohide=1&rel=0&loop=0&modestbranding=0&mute=0&vq=auto&wmode=opaque\" frameborder=\"0\" webkitallowfullscreen mozallowfullscreen allowfullscreen allow=\"autoplay\"><\/iframe><\/div>\n\t<div class=\"wpb_text_column wpb_content_element \" >\n\t\t<div class=\"wpb_wrapper\">\n\t\t\t<p style=\"text-align: center;\"><span style=\"font-size: 8pt;\">Video source from Expedia.com.au<\/span><\/p>\n\n\t\t<\/div>\n\t<\/div>\n<div class=\"vc_empty_space\"   style=\"height: 30px\"><span class=\"vc_empty_space_inner\"><\/span><\/div>\n\t<div class=\"wpb_text_column wpb_content_element \" >\n\t\t<div class=\"wpb_wrapper\">\n\t\t\t<p>Es la ciudad m\u00e1s grande y poblada de Australia, con una poblaci\u00f3n cercana a los 4 millones de habitantes Es la capital del estado de New South Wales y fue la primera colonia brit\u00e1nica en Australia por ende es la ciudad m\u00e1s antigua del pa\u00eds.<\/p>\n<p>Est\u00e1 situada al sudeste de Australia, a orillas de la amplia Bah\u00eda de Jackson. En la ciudad destaca la \u00d3pera de S\u00eddney, el puente del puerto de S\u00eddney y sus playas. El \u00e1rea metropolitana est\u00e1 rodeada de parques nacionales que contienen deltas, bah\u00edas y r\u00edos. La ciudad ha acogido eventos internacionales deportivos como los Juegos de la Commonwealth de 1938, los Juegos Ol\u00edmpicos de S\u00eddney 2000 y la final de la Copa Mundial de Rugby de 2003, entre otros.<\/p>\n<p>S\u00eddney es una de las ciudades m\u00e1s multiculturales del mundo, principal destino para inmigrantes de Australia. De acuerdo con un estudio sobre el costo de vida, S\u00eddney result\u00f3 ser la urbe m\u00e1s cara de Australia y la 15\u00aa a nivel mundial, S\u00eddney tambi\u00e9n lidera la lista de las 10 ciudades con mejor calidad de vida del mundo.<\/p>\n<p>S\u00eddney tiene un clima subtropical h\u00famedo con veranos suaves e inviernos algo fr\u00edos, con pocas precipitaciones.<\/p>\n\n\t\t<\/div>\n\t<\/div>\n<\/div><\/div><\/div><\/div>\n<\/div>","protected":false},"excerpt":{"rendered":"<p>Video source from Expedia.com.au Es la ciudad m\u00e1s grande y poblada de Australia, con una poblaci\u00f3n cercana a los 4 millones de habitantes Es la capital del estado de New South Wales y fue la primera colonia brit\u00e1nica en Australia por ende es la ciudad m\u00e1s antigua del pa\u00eds. Est\u00e1 situada al sudeste de Australia,&hellip;<\/p>\n","protected":false},"author":13,"featured_media":0,"parent":994564,"menu_order":2,"comment_status":"closed","ping_status":"open","template":"","meta":{"_acf_changed":false,"om_disable_all_campaigns":false,"footnotes":""},"class_list":["post-994582","page","type-page","status-publish","hentry","description-off"],"acf":[],"yoast_head":"<!-- This site is optimized with the Yoast SEO plugin v27.2 - https:\/\/yoast.com\/product\/yoast-seo-wordpress\/ -->\n<title>Sydney &#8211; SOL Edu Latinos<\/title>\n<meta name=\"robots\" content=\"index, follow, max-snippet:-1, max-image-preview:large, max-video-preview:-1\" \/>\n<link rel=\"canonical\" href=\"https:\/\/www.soledu.net\/co\/destinos\/gracias-por-contactarnos\/sydney\/\" \/>\n<meta property=\"og:locale\" content=\"en_US\" \/>\n<meta property=\"og:type\" content=\"article\" \/>\n<meta property=\"og:title\" content=\"Sydney &#8211; SOL Edu Latinos\" \/>\n<meta property=\"og:url\" content=\"https:\/\/www.soledu.net\/co\/destinos\/gracias-por-contactarnos\/sydney\/\" \/>\n<meta property=\"og:site_name\" content=\"SOL Edu Latinos\" \/>\n<meta property=\"article:publisher\" content=\"https:\/\/www.facebook.com\/SOLEdu.Latinos\/\" \/>\n<meta name=\"twitter:card\" content=\"summary_large_image\" \/>\n<meta name=\"twitter:label1\" content=\"Est. reading time\" \/>\n\t<meta name=\"twitter:data1\" content=\"1 minute\" \/>\n<script type=\"application\/ld+json\" class=\"yoast-schema-graph\">{\"@context\":\"https:\/\/schema.org\",\"@graph\":[{\"@type\":\"WebPage\",\"@id\":\"https:\/\/www.soledu.net\/co\/destinos\/gracias-por-contactarnos\/sydney\/\",\"url\":\"https:\/\/www.soledu.net\/co\/destinos\/gracias-por-contactarnos\/sydney\/\",\"name\":\"Sydney &#8211; SOL Edu Latinos\",\"isPartOf\":{\"@id\":\"https:\/\/www.soledu.net\/co\/#website\"},\"datePublished\":\"2017-12-11T04:03:50+00:00\",\"breadcrumb\":{\"@id\":\"https:\/\/www.soledu.net\/co\/destinos\/gracias-por-contactarnos\/sydney\/#breadcrumb\"},\"inLanguage\":\"en-AU\",\"potentialAction\":[{\"@type\":\"ReadAction\",\"target\":[\"https:\/\/www.soledu.net\/co\/destinos\/gracias-por-contactarnos\/sydney\/\"]}]},{\"@type\":\"BreadcrumbList\",\"@id\":\"https:\/\/www.soledu.net\/co\/destinos\/gracias-por-contactarnos\/sydney\/#breadcrumb\",\"itemListElement\":[{\"@type\":\"ListItem\",\"position\":1,\"name\":\"Home\",\"item\":\"https:\/\/www.soledu.net\/co\/\"},{\"@type\":\"ListItem\",\"position\":2,\"name\":\"Destinos\",\"item\":\"https:\/\/www.soledu.net\/co\/destinos\/\"},{\"@type\":\"ListItem\",\"position\":3,\"name\":\"Gracias\",\"item\":\"https:\/\/www.soledu.net\/co\/destinos\/gracias-por-contactarnos\/\"},{\"@type\":\"ListItem\",\"position\":4,\"name\":\"Sydney\"}]},{\"@type\":\"WebSite\",\"@id\":\"https:\/\/www.soledu.net\/co\/#website\",\"url\":\"https:\/\/www.soledu.net\/co\/\",\"name\":\"SOL Edu Latinos\",\"description\":\"Somos una agencia de estudios en exterior, que te ayuda a cumplir tu sue\u00f1o de estudiar y trabajar en Australia y Nueva Zelanda. Somos los \u00fanicos con convenio en todas las instituciones educativas de Australia.Con m\u00e1s de 25 a\u00f1os de experiencia,te ayudamos a gestionar tu visa de estudiante. Asesor\u00eda gratuita.\",\"publisher\":{\"@id\":\"https:\/\/www.soledu.net\/co\/#organization\"},\"potentialAction\":[{\"@type\":\"SearchAction\",\"target\":{\"@type\":\"EntryPoint\",\"urlTemplate\":\"https:\/\/www.soledu.net\/co\/?s={search_term_string}\"},\"query-input\":{\"@type\":\"PropertyValueSpecification\",\"valueRequired\":true,\"valueName\":\"search_term_string\"}}],\"inLanguage\":\"en-AU\"},{\"@type\":\"Organization\",\"@id\":\"https:\/\/www.soledu.net\/co\/#organization\",\"name\":\"Sol edu Latinos\",\"url\":\"https:\/\/www.soledu.net\/co\/\",\"logo\":{\"@type\":\"ImageObject\",\"inLanguage\":\"en-AU\",\"@id\":\"https:\/\/www.soledu.net\/co\/#\/schema\/logo\/image\/\",\"url\":\"https:\/\/www.soledu.net\/co\/wp-content\/uploads\/2017\/12\/logo-SOL-Edu-and-iae-extra-medium.png\",\"contentUrl\":\"https:\/\/www.soledu.net\/co\/wp-content\/uploads\/2017\/12\/logo-SOL-Edu-and-iae-extra-medium.png\",\"width\":580,\"height\":172,\"caption\":\"Sol edu Latinos\"},\"image\":{\"@id\":\"https:\/\/www.soledu.net\/co\/#\/schema\/logo\/image\/\"},\"sameAs\":[\"https:\/\/www.facebook.com\/SOLEdu.Latinos\/\",\"https:\/\/www.instagram.com\/soledulatinos\/\"]}]}<\/script>\n<!-- \/ Yoast SEO plugin. -->","yoast_head_json":{"title":"Sydney &#8211; SOL Edu Latinos","robots":{"index":"index","follow":"follow","max-snippet":"max-snippet:-1","max-image-preview":"max-image-preview:large","max-video-preview":"max-video-preview:-1"},"canonical":"https:\/\/www.soledu.net\/co\/destinos\/gracias-por-contactarnos\/sydney\/","og_locale":"en_US","og_type":"article","og_title":"Sydney &#8211; SOL Edu Latinos","og_url":"https:\/\/www.soledu.net\/co\/destinos\/gracias-por-contactarnos\/sydney\/","og_site_name":"SOL Edu Latinos","article_publisher":"https:\/\/www.facebook.com\/SOLEdu.Latinos\/","twitter_card":"summary_large_image","twitter_misc":{"Est. reading time":"1 minute"},"schema":{"@context":"https:\/\/schema.org","@graph":[{"@type":"WebPage","@id":"https:\/\/www.soledu.net\/co\/destinos\/gracias-por-contactarnos\/sydney\/","url":"https:\/\/www.soledu.net\/co\/destinos\/gracias-por-contactarnos\/sydney\/","name":"Sydney &#8211; SOL Edu Latinos","isPartOf":{"@id":"https:\/\/www.soledu.net\/co\/#website"},"datePublished":"2017-12-11T04:03:50+00:00","breadcrumb":{"@id":"https:\/\/www.soledu.net\/co\/destinos\/gracias-por-contactarnos\/sydney\/#breadcrumb"},"inLanguage":"en-AU","potentialAction":[{"@type":"ReadAction","target":["https:\/\/www.soledu.net\/co\/destinos\/gracias-por-contactarnos\/sydney\/"]}]},{"@type":"BreadcrumbList","@id":"https:\/\/www.soledu.net\/co\/destinos\/gracias-por-contactarnos\/sydney\/#breadcrumb","itemListElement":[{"@type":"ListItem","position":1,"name":"Home","item":"https:\/\/www.soledu.net\/co\/"},{"@type":"ListItem","position":2,"name":"Destinos","item":"https:\/\/www.soledu.net\/co\/destinos\/"},{"@type":"ListItem","position":3,"name":"Gracias","item":"https:\/\/www.soledu.net\/co\/destinos\/gracias-por-contactarnos\/"},{"@type":"ListItem","position":4,"name":"Sydney"}]},{"@type":"WebSite","@id":"https:\/\/www.soledu.net\/co\/#website","url":"https:\/\/www.soledu.net\/co\/","name":"SOL Edu Latinos","description":"Somos una agencia de estudios en exterior, que te ayuda a cumplir tu sue\u00f1o de estudiar y trabajar en Australia y Nueva Zelanda. Somos los \u00fanicos con convenio en todas las instituciones educativas de Australia.Con m\u00e1s de 25 a\u00f1os de experiencia,te ayudamos a gestionar tu visa de estudiante. Asesor\u00eda gratuita.","publisher":{"@id":"https:\/\/www.soledu.net\/co\/#organization"},"potentialAction":[{"@type":"SearchAction","target":{"@type":"EntryPoint","urlTemplate":"https:\/\/www.soledu.net\/co\/?s={search_term_string}"},"query-input":{"@type":"PropertyValueSpecification","valueRequired":true,"valueName":"search_term_string"}}],"inLanguage":"en-AU"},{"@type":"Organization","@id":"https:\/\/www.soledu.net\/co\/#organization","name":"Sol edu Latinos","url":"https:\/\/www.soledu.net\/co\/","logo":{"@type":"ImageObject","inLanguage":"en-AU","@id":"https:\/\/www.soledu.net\/co\/#\/schema\/logo\/image\/","url":"https:\/\/www.soledu.net\/co\/wp-content\/uploads\/2017\/12\/logo-SOL-Edu-and-iae-extra-medium.png","contentUrl":"https:\/\/www.soledu.net\/co\/wp-content\/uploads\/2017\/12\/logo-SOL-Edu-and-iae-extra-medium.png","width":580,"height":172,"caption":"Sol edu Latinos"},"image":{"@id":"https:\/\/www.soledu.net\/co\/#\/schema\/logo\/image\/"},"sameAs":["https:\/\/www.facebook.com\/SOLEdu.Latinos\/","https:\/\/www.instagram.com\/soledulatinos\/"]}]}},"_links":{"self":[{"href":"https:\/\/www.soledu.net\/co\/wp-json\/wp\/v2\/pages\/994582","targetHints":{"allow":["GET"]}}],"collection":[{"href":"https:\/\/www.soledu.net\/co\/wp-json\/wp\/v2\/pages"}],"about":[{"href":"https:\/\/www.soledu.net\/co\/wp-json\/wp\/v2\/types\/page"}],"author":[{"embeddable":true,"href":"https:\/\/www.soledu.net\/co\/wp-json\/wp\/v2\/users\/13"}],"replies":[{"embeddable":true,"href":"https:\/\/www.soledu.net\/co\/wp-json\/wp\/v2\/comments?post=994582"}],"version-history":[{"count":1,"href":"https:\/\/www.soledu.net\/co\/wp-json\/wp\/v2\/pages\/994582\/revisions"}],"predecessor-version":[{"id":994583,"href":"https:\/\/www.soledu.net\/co\/wp-json\/wp\/v2\/pages\/994582\/revisions\/994583"}],"up":[{"embeddable":true,"href":"https:\/\/www.soledu.net\/co\/wp-json\/wp\/v2\/pages\/994564"}],"wp:attachment":[{"href":"https:\/\/www.soledu.net\/co\/wp-json\/wp\/v2\/media?parent=994582"}],"curies":[{"name":"wp","href":"https:\/\/api.w.org\/{rel}","templated":true}]}}