{"id":994564,"date":"2017-12-11T13:31:15","date_gmt":"2017-12-11T03:31:15","guid":{"rendered":"http:\/\/soledu.net\/co\/?page_id=994564"},"modified":"2018-07-10T10:02:49","modified_gmt":"2018-07-10T00:02:49","slug":"gracias-por-contactarnos","status":"publish","type":"page","link":"https:\/\/www.soledu.net\/co\/destinos\/gracias-por-contactarnos\/","title":{"rendered":"Gracias"},"content":{"rendered":"<div class=\"wpb-content-wrapper\"><div data-vc-full-width=\"true\" data-vc-full-width-temp=\"true\" data-vc-full-width-init=\"false\" data-vc-stretch-content=\"true\" class=\"vc_row wpb_row vc_row-fluid vc_row-no-padding\"><div class=\"wpb_column vc_column_container vc_col-sm-12\"><div class=\"vc_column-inner\"><div class=\"wpb_wrapper\"><h1 style=\"font-size: 40px;color: #2c3035;text-align: center;font-family:Montserrat;font-weight:700;font-style:normal\" class=\"vc_custom_heading vc_do_custom_heading\" >Gracias por Contactarnos<\/h1><div class=\"vc_separator wpb_content_element vc_separator_align_center vc_sep_width_10 vc_sep_border_width_4 vc_sep_pos_align_center vc_separator_no_text wpb_content_element  wpb_content_element\" ><span class=\"vc_sep_holder vc_sep_holder_l\"><span style=\"border-color:#ffcc05;\" class=\"vc_sep_line\"><\/span><\/span><span class=\"vc_sep_holder vc_sep_holder_r\"><span style=\"border-color:#ffcc05;\" class=\"vc_sep_line\"><\/span><\/span>\n<\/div><div class=\"vc_row wpb_row vc_inner vc_row-fluid\"><div class=\"wpb_column vc_column_container vc_col-sm-2\"><div class=\"vc_column-inner\"><div class=\"wpb_wrapper\"><\/div><\/div><\/div><div class=\"wpb_column vc_column_container vc_col-sm-8\"><div class=\"vc_column-inner\"><div class=\"wpb_wrapper\"><p style=\"font-size: 19px;color: #5f6366;text-align: center;font-family:Montserrat;font-weight:400;font-style:normal\" class=\"vc_custom_heading vc_do_custom_heading\" >En las pr\u00f3ximas horas nos comuncaremos contigo para ofrecerte mayor informaci\u00f3n sobre los cursos y planes que ofrecemos para latinos que quieren viajar a Australia<\/p><div class=\"vc_empty_space\"   style=\"height: 32px\"><span class=\"vc_empty_space_inner\"><\/span><\/div><p style=\"font-size: 19px;color: #5f6366;text-align: center;font-family:Montserrat;font-weight:400;font-style:normal\" class=\"vc_custom_heading vc_do_custom_heading\" >Si a\u00fan tienes dudas sobre c\u00faal ciudad Australiana es la mejor para ti, aqu\u00ed te dejamos un mapa para que te gu\u00edes un poco, encontrar\u00e1s el costo de vida de cada ciudad, los mejores colegios y las mejores universidades.<\/p><\/div><\/div><\/div><div class=\"wpb_column vc_column_container vc_col-sm-2\"><div class=\"vc_column-inner\"><div class=\"wpb_wrapper\"><\/div><\/div><\/div><\/div><div class=\"vc_separator wpb_content_element vc_separator_align_center vc_sep_width_100 vc_sep_border_width_6 vc_sep_pos_align_center vc_separator_no_text wpb_content_element  wpb_content_element\" ><span class=\"vc_sep_holder vc_sep_holder_l\"><span style=\"border-color:#ffcc05;\" class=\"vc_sep_line\"><\/span><\/span><span class=\"vc_sep_holder vc_sep_holder_r\"><span style=\"border-color:#ffcc05;\" class=\"vc_sep_line\"><\/span><\/span>\n<\/div><\/div><\/div><\/div><\/div><div class=\"vc_row-full-width vc_clearfix\"><\/div><div data-vc-full-width=\"true\" data-vc-full-width-temp=\"true\" data-vc-full-width-init=\"false\" data-vc-stretch-content=\"true\" class=\"vc_row wpb_row vc_row-fluid vc_custom_1515725408490 vc_row-has-fill vc_row-no-padding vc_row-o-full-height vc_row-o-columns-middle vc_row-flex\"><div class=\"wpb_column vc_column_container vc_col-sm-12 vc_hidden-sm vc_hidden-xs\"><div class=\"vc_column-inner\"><div class=\"wpb_wrapper\"><div id=\"ts-vcsc-iframe-3211723-parent\" class=\"ts-iframe-container ts-iframe-container-fixed  \"  data-height-type=\"auto\" data-height-current=\"\" data-height-last=\"\" data-height-scroll=\"\" data-height-measure=\"offsetHeight,clientHeight,scrollHeight\" data-height-position=\"false\" data-height-minimum=\"400\" data-height-overflow=\"hidden\" data-height-adjust=\"resize\" data-height-interval=\"1000\" data-height-offset=\"0\" data-break-parents=\"6\" data-inline=\"false\" data-border=\"0\" style=\"  margin-top: 0px; margin-bottom: 0px;\"><iframe loading=\"lazy\" id=\"ts-vcsc-iframe-3211723\" name=\"ts-vcsc-iframe-3211723\" class=\"transparent   \" src=\"http:\/\/soledu.net\/co\/wp-content\/uploads\/mapa-destinos\/mapa.html\" style=\"width: 95%; \" width=\"95%\" height=\"auto\" frameborder=\"0\" scrolling=\"yes\" webkitallowfullscreen mozallowfullscreen allowfullscreen seamless><\/iframe><\/div><\/div><\/div><\/div><\/div><div class=\"vc_row-full-width vc_clearfix\"><\/div><!-- Row Backgrounds --><div class=\"upb_color\" data-bg-override=\"0\" data-bg-color=\"\" data-fadeout=\"\" data-fadeout-percentage=\"30\" data-parallax-content=\"\" data-parallax-content-sense=\"30\" data-row-effect-mobile-disable=\"true\" data-img-parallax-mobile-disable=\"true\" data-rtl=\"false\"  data-custom-vc-row=\"\"  data-vc=\"8.7.2\"  data-is_old_vc=\"\"  data-theme-support=\"\"   data-overlay=\"false\" data-overlay-color=\"\" data-overlay-pattern=\"\" data-overlay-pattern-opacity=\"\" data-overlay-pattern-size=\"\"    ><\/div><div data-vc-full-width=\"true\" data-vc-full-width-temp=\"true\" data-vc-full-width-init=\"false\" data-vc-stretch-content=\"true\" class=\"vc_row wpb_row vc_row-fluid vc_custom_1515566868238 vc_row-has-fill vc_row-no-padding\"><div class=\"wpb_column vc_column_container vc_col-sm-12 vc_hidden-lg vc_hidden-md\"><div class=\"vc_column-inner\"><div class=\"wpb_wrapper\"><div id=\"ts-vcsc-iframe-4167547-parent\" class=\"ts-iframe-container ts-iframe-container-fixed  \"  data-height-type=\"heightpixel\" data-height-current=\"\" data-height-last=\"\" data-height-scroll=\"\" data-height-measure=\"offsetHeight,clientHeight,scrollHeight\" data-height-position=\"false\" data-height-minimum=\"400\" data-height-overflow=\"hidden\" data-height-adjust=\"resize\" data-height-interval=\"1000\" data-height-offset=\"0\" data-break-parents=\"6\" data-inline=\"false\" data-border=\"0\" style=\"height: 455px; padding: 0;  margin-top: 0px; margin-bottom: 0px;\"><iframe loading=\"lazy\" id=\"ts-vcsc-iframe-4167547\" name=\"ts-vcsc-iframe-4167547\" class=\"transparent   \" src=\"http:\/\/soledu.net\/co\/wp-content\/uploads\/mapa\/mapam.html\" style=\"height: 455px; \" width=\"100%\" height=\"455px\" frameborder=\"0\" scrolling=\"yes\" webkitallowfullscreen mozallowfullscreen allowfullscreen seamless><\/iframe><\/div><\/div><\/div><\/div><\/div><div class=\"vc_row-full-width vc_clearfix\"><\/div><!-- Row Backgrounds --><div class=\"upb_color\" data-bg-override=\"0\" data-bg-color=\"\" data-fadeout=\"\" data-fadeout-percentage=\"30\" data-parallax-content=\"\" data-parallax-content-sense=\"30\" data-row-effect-mobile-disable=\"true\" data-img-parallax-mobile-disable=\"true\" data-rtl=\"false\"  data-custom-vc-row=\"\"  data-vc=\"8.7.2\"  data-is_old_vc=\"\"  data-theme-support=\"\"   data-overlay=\"false\" data-overlay-color=\"\" data-overlay-pattern=\"\" data-overlay-pattern-opacity=\"\" data-overlay-pattern-size=\"\"     data-hide-row=\" uvc_hidden-lg  uvc_hidden-ml  uvc_hidden-md \" ><\/div><div data-vc-full-width=\"true\" data-vc-full-width-temp=\"true\" data-vc-full-width-init=\"false\" data-vc-stretch-content=\"true\" class=\"vc_row wpb_row vc_row-fluid vc_row-no-padding\"><div class=\"wpb_column vc_column_container vc_col-sm-12\"><div class=\"vc_column-inner\"><div class=\"wpb_wrapper\"><div class=\"vc_separator wpb_content_element vc_separator_align_center vc_sep_width_100 vc_sep_border_width_6 vc_sep_pos_align_center vc_separator_no_text wpb_content_element  wpb_content_element\" ><span class=\"vc_sep_holder vc_sep_holder_l\"><span style=\"border-color:#ffcc05;\" class=\"vc_sep_line\"><\/span><\/span><span class=\"vc_sep_holder vc_sep_holder_r\"><span style=\"border-color:#ffcc05;\" class=\"vc_sep_line\"><\/span><\/span>\n<\/div><\/div><\/div><\/div><\/div><div class=\"vc_row-full-width vc_clearfix\"><\/div><div class=\"vc_row wpb_row vc_row-fluid\"><div class=\"wpb_column vc_column_container vc_col-sm-12\"><div class=\"vc_column-inner\"><div class=\"wpb_wrapper\">\n\t<div class=\"wpb_raw_code wpb_raw_js\" >\n\t\t<div class=\"wpb_wrapper\">\n\t\t\t<!-- Google Code for Formulario campaign 2 Conversion Page -->\n<script type=\"text\/javascript\">\n\/* <![CDATA[ *\/\nvar google_conversion_id = 998826242;\nvar google_conversion_label = \"OtqRCMXcq4UBEILCo9wD\";\nvar google_remarketing_only = false;\n\/* ]]> *\/\n<\/script>\n<script type=\"text\/javascript\" src=\"\/\/www.googleadservices.com\/pagead\/conversion.js\">\n<\/script>\n<noscript>\n<div style=\"display:inline;\">\n<img loading=\"lazy\" decoding=\"async\" height=\"1\" width=\"1\" style=\"border-style:none;\" alt=\"\" src=\"\/\/www.googleadservices.com\/pagead\/conversion\/998826242\/?label=OtqRCMXcq4UBEILCo9wD&amp;guid=ON&amp;script=0\"\/>\n<\/div>\n<\/noscript>\n\n\t\t<\/div>\n\t<\/div>\n<\/div><\/div><\/div><\/div>\n<\/div>","protected":false},"excerpt":{"rendered":"<p>Gracias por Contactarnos En las pr\u00f3ximas horas nos comuncaremos contigo para ofrecerte mayor informaci\u00f3n sobre los cursos y planes que ofrecemos para latinos que quieren viajar a AustraliaSi a\u00fan tienes dudas sobre c\u00faal ciudad Australiana es la mejor para ti, aqu\u00ed te dejamos un mapa para que te gu\u00edes un poco, encontrar\u00e1s el costo de&hellip;<\/p>\n","protected":false},"author":13,"featured_media":0,"parent":1003461,"menu_order":20,"comment_status":"closed","ping_status":"open","template":"","meta":{"_acf_changed":false,"om_disable_all_campaigns":false,"footnotes":""},"class_list":["post-994564","page","type-page","status-publish","hentry","description-off"],"acf":[],"yoast_head":"<!-- This site is optimized with the Yoast SEO plugin v27.2 - https:\/\/yoast.com\/product\/yoast-seo-wordpress\/ -->\n<title>Elige la ciudad de tus sue\u00f1os en Australia - Sol Edu Latinos<\/title>\n<meta name=\"description\" content=\"Si est\u00e1s buscando un destino atractivo para aprender ingl\u00e9s en el exterior, Australia es el pa\u00eds perfecto para que vivas la experiencia m\u00e1s extraordinaria de tu vida, Aqu\u00ed encontrar\u00e1s informaci\u00f3n detallada de cada una de las ciudades de Australia, como costos de vida y programas de estudios para extranjeros.Ver m\u00e1s\" \/>\n<meta name=\"robots\" content=\"index, follow, max-snippet:-1, max-image-preview:large, max-video-preview:-1\" \/>\n<link rel=\"canonical\" href=\"https:\/\/www.soledu.net\/co\/destinos\/gracias-por-contactarnos\/\" \/>\n<meta property=\"og:locale\" content=\"en_US\" \/>\n<meta property=\"og:type\" content=\"article\" \/>\n<meta property=\"og:title\" content=\"Elige la ciudad de tus sue\u00f1os en Australia - Sol Edu Latinos\" \/>\n<meta property=\"og:description\" content=\"Si est\u00e1s buscando un destino atractivo para aprender ingl\u00e9s en el exterior, Australia es el pa\u00eds perfecto para que vivas la experiencia m\u00e1s extraordinaria de tu vida, Aqu\u00ed encontrar\u00e1s informaci\u00f3n detallada de cada una de las ciudades de Australia, como costos de vida y programas de estudios para extranjeros.Ver m\u00e1s\" \/>\n<meta property=\"og:url\" content=\"https:\/\/www.soledu.net\/co\/destinos\/gracias-por-contactarnos\/\" \/>\n<meta property=\"og:site_name\" content=\"SOL Edu Latinos\" \/>\n<meta property=\"article:publisher\" content=\"https:\/\/www.facebook.com\/SOLEdu.Latinos\/\" \/>\n<meta property=\"article:modified_time\" content=\"2018-07-10T00:02:49+00:00\" \/>\n<meta name=\"twitter:card\" content=\"summary_large_image\" \/>\n<meta name=\"twitter:label1\" content=\"Est. reading time\" \/>\n\t<meta name=\"twitter:data1\" content=\"2 minutes\" \/>\n<script type=\"application\/ld+json\" class=\"yoast-schema-graph\">{\"@context\":\"https:\/\/schema.org\",\"@graph\":[{\"@type\":\"WebPage\",\"@id\":\"https:\/\/www.soledu.net\/co\/destinos\/gracias-por-contactarnos\/\",\"url\":\"https:\/\/www.soledu.net\/co\/destinos\/gracias-por-contactarnos\/\",\"name\":\"Elige la ciudad de tus sue\u00f1os en Australia - Sol Edu Latinos\",\"isPartOf\":{\"@id\":\"https:\/\/www.soledu.net\/co\/#website\"},\"datePublished\":\"2017-12-11T03:31:15+00:00\",\"dateModified\":\"2018-07-10T00:02:49+00:00\",\"description\":\"Si est\u00e1s buscando un destino atractivo para aprender ingl\u00e9s en el exterior, Australia es el pa\u00eds perfecto para que vivas la experiencia m\u00e1s extraordinaria de tu vida, Aqu\u00ed encontrar\u00e1s informaci\u00f3n detallada de cada una de las ciudades de Australia, como costos de vida y programas de estudios para extranjeros.Ver m\u00e1s\",\"breadcrumb\":{\"@id\":\"https:\/\/www.soledu.net\/co\/destinos\/gracias-por-contactarnos\/#breadcrumb\"},\"inLanguage\":\"en-AU\",\"potentialAction\":[{\"@type\":\"ReadAction\",\"target\":[\"https:\/\/www.soledu.net\/co\/destinos\/gracias-por-contactarnos\/\"]}]},{\"@type\":\"BreadcrumbList\",\"@id\":\"https:\/\/www.soledu.net\/co\/destinos\/gracias-por-contactarnos\/#breadcrumb\",\"itemListElement\":[{\"@type\":\"ListItem\",\"position\":1,\"name\":\"Home\",\"item\":\"https:\/\/www.soledu.net\/co\/\"},{\"@type\":\"ListItem\",\"position\":2,\"name\":\"Destinos\",\"item\":\"https:\/\/www.soledu.net\/co\/destinos\/\"},{\"@type\":\"ListItem\",\"position\":3,\"name\":\"Gracias\"}]},{\"@type\":\"WebSite\",\"@id\":\"https:\/\/www.soledu.net\/co\/#website\",\"url\":\"https:\/\/www.soledu.net\/co\/\",\"name\":\"SOL Edu Latinos\",\"description\":\"Somos una agencia de estudios en exterior, que te ayuda a cumplir tu sue\u00f1o de estudiar y trabajar en Australia y Nueva Zelanda. Somos los \u00fanicos con convenio en todas las instituciones educativas de Australia.Con m\u00e1s de 25 a\u00f1os de experiencia,te ayudamos a gestionar tu visa de estudiante. Asesor\u00eda gratuita.\",\"publisher\":{\"@id\":\"https:\/\/www.soledu.net\/co\/#organization\"},\"potentialAction\":[{\"@type\":\"SearchAction\",\"target\":{\"@type\":\"EntryPoint\",\"urlTemplate\":\"https:\/\/www.soledu.net\/co\/?s={search_term_string}\"},\"query-input\":{\"@type\":\"PropertyValueSpecification\",\"valueRequired\":true,\"valueName\":\"search_term_string\"}}],\"inLanguage\":\"en-AU\"},{\"@type\":\"Organization\",\"@id\":\"https:\/\/www.soledu.net\/co\/#organization\",\"name\":\"Sol edu Latinos\",\"url\":\"https:\/\/www.soledu.net\/co\/\",\"logo\":{\"@type\":\"ImageObject\",\"inLanguage\":\"en-AU\",\"@id\":\"https:\/\/www.soledu.net\/co\/#\/schema\/logo\/image\/\",\"url\":\"https:\/\/www.soledu.net\/co\/wp-content\/uploads\/2017\/12\/logo-SOL-Edu-and-iae-extra-medium.png\",\"contentUrl\":\"https:\/\/www.soledu.net\/co\/wp-content\/uploads\/2017\/12\/logo-SOL-Edu-and-iae-extra-medium.png\",\"width\":580,\"height\":172,\"caption\":\"Sol edu Latinos\"},\"image\":{\"@id\":\"https:\/\/www.soledu.net\/co\/#\/schema\/logo\/image\/\"},\"sameAs\":[\"https:\/\/www.facebook.com\/SOLEdu.Latinos\/\",\"https:\/\/www.instagram.com\/soledulatinos\/\"]}]}<\/script>\n<!-- \/ Yoast SEO plugin. -->","yoast_head_json":{"title":"Elige la ciudad de tus sue\u00f1os en Australia - Sol Edu Latinos","description":"Si est\u00e1s buscando un destino atractivo para aprender ingl\u00e9s en el exterior, Australia es el pa\u00eds perfecto para que vivas la experiencia m\u00e1s extraordinaria de tu vida, Aqu\u00ed encontrar\u00e1s informaci\u00f3n detallada de cada una de las ciudades de Australia, como costos de vida y programas de estudios para extranjeros.Ver m\u00e1s","robots":{"index":"index","follow":"follow","max-snippet":"max-snippet:-1","max-image-preview":"max-image-preview:large","max-video-preview":"max-video-preview:-1"},"canonical":"https:\/\/www.soledu.net\/co\/destinos\/gracias-por-contactarnos\/","og_locale":"en_US","og_type":"article","og_title":"Elige la ciudad de tus sue\u00f1os en Australia - Sol Edu Latinos","og_description":"Si est\u00e1s buscando un destino atractivo para aprender ingl\u00e9s en el exterior, Australia es el pa\u00eds perfecto para que vivas la experiencia m\u00e1s extraordinaria de tu vida, Aqu\u00ed encontrar\u00e1s informaci\u00f3n detallada de cada una de las ciudades de Australia, como costos de vida y programas de estudios para extranjeros.Ver m\u00e1s","og_url":"https:\/\/www.soledu.net\/co\/destinos\/gracias-por-contactarnos\/","og_site_name":"SOL Edu Latinos","article_publisher":"https:\/\/www.facebook.com\/SOLEdu.Latinos\/","article_modified_time":"2018-07-10T00:02:49+00:00","twitter_card":"summary_large_image","twitter_misc":{"Est. reading time":"2 minutes"},"schema":{"@context":"https:\/\/schema.org","@graph":[{"@type":"WebPage","@id":"https:\/\/www.soledu.net\/co\/destinos\/gracias-por-contactarnos\/","url":"https:\/\/www.soledu.net\/co\/destinos\/gracias-por-contactarnos\/","name":"Elige la ciudad de tus sue\u00f1os en Australia - Sol Edu Latinos","isPartOf":{"@id":"https:\/\/www.soledu.net\/co\/#website"},"datePublished":"2017-12-11T03:31:15+00:00","dateModified":"2018-07-10T00:02:49+00:00","description":"Si est\u00e1s buscando un destino atractivo para aprender ingl\u00e9s en el exterior, Australia es el pa\u00eds perfecto para que vivas la experiencia m\u00e1s extraordinaria de tu vida, Aqu\u00ed encontrar\u00e1s informaci\u00f3n detallada de cada una de las ciudades de Australia, como costos de vida y programas de estudios para extranjeros.Ver m\u00e1s","breadcrumb":{"@id":"https:\/\/www.soledu.net\/co\/destinos\/gracias-por-contactarnos\/#breadcrumb"},"inLanguage":"en-AU","potentialAction":[{"@type":"ReadAction","target":["https:\/\/www.soledu.net\/co\/destinos\/gracias-por-contactarnos\/"]}]},{"@type":"BreadcrumbList","@id":"https:\/\/www.soledu.net\/co\/destinos\/gracias-por-contactarnos\/#breadcrumb","itemListElement":[{"@type":"ListItem","position":1,"name":"Home","item":"https:\/\/www.soledu.net\/co\/"},{"@type":"ListItem","position":2,"name":"Destinos","item":"https:\/\/www.soledu.net\/co\/destinos\/"},{"@type":"ListItem","position":3,"name":"Gracias"}]},{"@type":"WebSite","@id":"https:\/\/www.soledu.net\/co\/#website","url":"https:\/\/www.soledu.net\/co\/","name":"SOL Edu Latinos","description":"Somos una agencia de estudios en exterior, que te ayuda a cumplir tu sue\u00f1o de estudiar y trabajar en Australia y Nueva Zelanda. Somos los \u00fanicos con convenio en todas las instituciones educativas de Australia.Con m\u00e1s de 25 a\u00f1os de experiencia,te ayudamos a gestionar tu visa de estudiante. Asesor\u00eda gratuita.","publisher":{"@id":"https:\/\/www.soledu.net\/co\/#organization"},"potentialAction":[{"@type":"SearchAction","target":{"@type":"EntryPoint","urlTemplate":"https:\/\/www.soledu.net\/co\/?s={search_term_string}"},"query-input":{"@type":"PropertyValueSpecification","valueRequired":true,"valueName":"search_term_string"}}],"inLanguage":"en-AU"},{"@type":"Organization","@id":"https:\/\/www.soledu.net\/co\/#organization","name":"Sol edu Latinos","url":"https:\/\/www.soledu.net\/co\/","logo":{"@type":"ImageObject","inLanguage":"en-AU","@id":"https:\/\/www.soledu.net\/co\/#\/schema\/logo\/image\/","url":"https:\/\/www.soledu.net\/co\/wp-content\/uploads\/2017\/12\/logo-SOL-Edu-and-iae-extra-medium.png","contentUrl":"https:\/\/www.soledu.net\/co\/wp-content\/uploads\/2017\/12\/logo-SOL-Edu-and-iae-extra-medium.png","width":580,"height":172,"caption":"Sol edu Latinos"},"image":{"@id":"https:\/\/www.soledu.net\/co\/#\/schema\/logo\/image\/"},"sameAs":["https:\/\/www.facebook.com\/SOLEdu.Latinos\/","https:\/\/www.instagram.com\/soledulatinos\/"]}]}},"_links":{"self":[{"href":"https:\/\/www.soledu.net\/co\/wp-json\/wp\/v2\/pages\/994564","targetHints":{"allow":["GET"]}}],"collection":[{"href":"https:\/\/www.soledu.net\/co\/wp-json\/wp\/v2\/pages"}],"about":[{"href":"https:\/\/www.soledu.net\/co\/wp-json\/wp\/v2\/types\/page"}],"author":[{"embeddable":true,"href":"https:\/\/www.soledu.net\/co\/wp-json\/wp\/v2\/users\/13"}],"replies":[{"embeddable":true,"href":"https:\/\/www.soledu.net\/co\/wp-json\/wp\/v2\/comments?post=994564"}],"version-history":[{"count":23,"href":"https:\/\/www.soledu.net\/co\/wp-json\/wp\/v2\/pages\/994564\/revisions"}],"predecessor-version":[{"id":1004008,"href":"https:\/\/www.soledu.net\/co\/wp-json\/wp\/v2\/pages\/994564\/revisions\/1004008"}],"up":[{"embeddable":true,"href":"https:\/\/www.soledu.net\/co\/wp-json\/wp\/v2\/pages\/1003461"}],"wp:attachment":[{"href":"https:\/\/www.soledu.net\/co\/wp-json\/wp\/v2\/media?parent=994564"}],"curies":[{"name":"wp","href":"https:\/\/api.w.org\/{rel}","templated":true}]}}