{"id":1012505,"date":"2023-01-09T13:11:05","date_gmt":"2023-01-09T03:11:05","guid":{"rendered":"https:\/\/www.soledu.net\/co\/?page_id=1012505"},"modified":"2025-11-05T16:29:52","modified_gmt":"2025-11-05T06:29:52","slug":"nueva-zelanda","status":"publish","type":"page","link":"https:\/\/www.soledu.net\/co\/nueva-zelanda\/","title":{"rendered":"Estudiar En Nueva Zelanda"},"content":{"rendered":"<div class=\"wpb-content-wrapper\"><div class=\"vc_row wpb_row vc_row-fluid co_wah-intro\"><div class=\"wpb_column vc_column_container vc_col-sm-12\"><div class=\"vc_column-inner\"><div class=\"wpb_wrapper\">\n\t<div  class=\"wpb_single_image wpb_content_element vc_align_center\">\n\t\t\n\t\t<figure class=\"wpb_wrapper vc_figure\">\n\t\t\t<div class=\"vc_single_image-wrapper   vc_box_border_grey\"><img loading=\"lazy\" decoding=\"async\" width=\"2048\" height=\"1024\" src=\"https:\/\/www.soledu.net\/co\/app\/uploads\/2025\/10\/sale-2048-x-1024-px-3.png\" class=\"vc_single_image-img attachment-full\" alt=\"\" title=\"sale (2048 x 1024 px) (3)\" srcset=\"https:\/\/www.soledu.net\/co\/app\/uploads\/2025\/10\/sale-2048-x-1024-px-3.png 2048w, https:\/\/www.soledu.net\/co\/app\/uploads\/2025\/10\/sale-2048-x-1024-px-3-300x150.png 300w, https:\/\/www.soledu.net\/co\/app\/uploads\/2025\/10\/sale-2048-x-1024-px-3-1024x512.png 1024w, https:\/\/www.soledu.net\/co\/app\/uploads\/2025\/10\/sale-2048-x-1024-px-3-768x384.png 768w, https:\/\/www.soledu.net\/co\/app\/uploads\/2025\/10\/sale-2048-x-1024-px-3-1536x768.png 1536w\" sizes=\"auto, (max-width: 2048px) 100vw, 2048px\"  data-dt-location=\"https:\/\/www.soledu.net\/co\/nz-2\/sale-2048-x-1024-px-3\/\" \/><\/div>\n\t\t<\/figure>\n\t<\/div>\n<h1 style=\"font-size: 36px;color: #333333;text-align: center;font-family:Montserrat;font-weight:700;font-style:normal\" class=\"vc_custom_heading vc_do_custom_heading\" >Estudiar En Nueva Zelanda<\/h1><div class=\"vc_separator wpb_content_element vc_separator_align_center vc_sep_width_20 vc_sep_border_width_5 vc_sep_pos_align_center vc_separator_no_text wpb_content_element  wpb_content_element\" ><span class=\"vc_sep_holder vc_sep_holder_l\"><span style=\"border-color:#f6d048;\" class=\"vc_sep_line\"><\/span><\/span><span class=\"vc_sep_holder vc_sep_holder_r\"><span style=\"border-color:#f6d048;\" class=\"vc_sep_line\"><\/span><\/span>\n<\/div><div class=\"vc_empty_space\"   style=\"height: 12px\"><span class=\"vc_empty_space_inner\"><\/span><\/div>\n\t<div class=\"wpb_text_column wpb_content_element \" >\n\t\t<div class=\"wpb_wrapper\">\n\t\t\t<p data-start=\"114\" data-end=\"385\">Para muchos latinoamericanos, estudiar en un pa\u00eds al otro lado del mundo representa una experiencia \u00fanica y transformadora. <strong data-start=\"238\" data-end=\"255\">Nueva Zelanda<\/strong> no solo ofrece una educaci\u00f3n de alta calidad, sino tambi\u00e9n un entorno seguro, acogedor, multicultural y lleno de oportunidades.<\/p>\n<p data-start=\"387\" data-end=\"693\">Este pa\u00eds se ha destacado constantemente entre los mejores lugares para vivir, gracias a su equilibrio entre bienestar, naturaleza y desarrollo. En diversos estudios internacionales, <strong data-start=\"570\" data-end=\"690\">Nueva Zelanda ha sido reconocida como uno de los pa\u00edses con mejor calidad de vida y uno de los m\u00e1s felices del mundo<\/strong>.<\/p>\n<p data-start=\"695\" data-end=\"1007\">Adem\u00e1s, seg\u00fan el <strong data-start=\"712\" data-end=\"735\">ranking de CEOWORLD<\/strong>, Nueva Zelanda figura entre los <strong data-start=\"768\" data-end=\"834\">principales destinos globales para estudiantes internacionales<\/strong>, y de acuerdo con el <strong data-start=\"856\" data-end=\"904\">Ranking of National Higher Education Systems<\/strong>, se encuentra entre los pa\u00edses con <strong data-start=\"940\" data-end=\"988\">sistemas educativos m\u00e1s s\u00f3lidos y confiables<\/strong> a nivel mundial.<\/p>\n\n\t\t<\/div>\n\t<\/div>\n<div class=\"vc_row wpb_row vc_inner vc_row-fluid\"><div class=\"wpb_column vc_column_container vc_col-sm-6\"><div class=\"vc_column-inner\"><div class=\"wpb_wrapper\"><h1 style=\"font-size: 28px;color: #333333;text-align: center;font-family:Montserrat;font-weight:700;font-style:normal\" class=\"vc_custom_heading vc_do_custom_heading\" >\u00bfPor qu\u00e9 los estudiantes prefieren tanto este destino para estudiar?<\/h1>\n\t<div class=\"wpb_text_column wpb_content_element \" >\n\t\t<div class=\"wpb_wrapper\">\n\t\t\t<p data-start=\"314\" data-end=\"506\"><strong data-start=\"314\" data-end=\"331\">Nueva Zelanda<\/strong> ofrece una amplia variedad de opciones acad\u00e9micas en distintas ciudades, con programas que van desde <strong data-start=\"433\" data-end=\"503\">cursos de ingl\u00e9s y formaci\u00f3n t\u00e9cnica hasta estudios universitarios<\/strong>.<\/p>\n<p data-start=\"508\" data-end=\"733\">Mientras estudias, tu visa te permite <strong data-start=\"546\" data-end=\"590\">trabajar medio tiempo durante las clases<\/strong> y <strong data-start=\"593\" data-end=\"642\">tiempo completo en los per\u00edodos de vacaciones<\/strong>, lo que representa una excelente oportunidad para ganar experiencia y apoyar tus gastos.<\/p>\n<p data-start=\"735\" data-end=\"920\">El pa\u00eds goza de un <strong data-start=\"754\" data-end=\"796\">clima privilegiado durante todo el a\u00f1o<\/strong>, con paisajes que van desde playas tropicales hasta monta\u00f1as nevadas, ideales para todo tipo de gustos y estilos de vida.<\/p>\n<p data-start=\"922\" data-end=\"1089\">Adem\u00e1s, podr\u00e1s descubrir una <strong data-start=\"951\" data-end=\"978\">fauna \u00fanica en el mundo<\/strong>, con especies emblem\u00e1ticas como el <strong data-start=\"1014\" data-end=\"1022\">kiwi<\/strong>, el <strong data-start=\"1027\" data-end=\"1034\">kea<\/strong> y el <strong data-start=\"1040\" data-end=\"1051\">tuatara<\/strong>, que solo habitan en Nueva Zelanda.<\/p>\n\n\t\t<\/div>\n\t<\/div>\n<\/div><\/div><\/div><div class=\"wpb_column vc_column_container vc_col-sm-6\"><div class=\"vc_column-inner\"><div class=\"wpb_wrapper\">\n\t<div class=\"wpb_video_widget wpb_content_element vc_clearfix   vc_video-aspect-ratio-169 vc_video-el-width-100 vc_video-align-left\" >\n\t\t<div class=\"wpb_wrapper\">\n\t\t\t\n\t\t\t<div class=\"wpb_video_wrapper\"><iframe loading=\"lazy\" title=\"Study with New Zealand\" width=\"500\" height=\"281\" src=\"https:\/\/www.youtube.com\/embed\/suYniN6a610?feature=oembed\" frameborder=\"0\" allow=\"accelerometer; autoplay; clipboard-write; encrypted-media; gyroscope; picture-in-picture; web-share\" referrerpolicy=\"strict-origin-when-cross-origin\" allowfullscreen><\/iframe><\/div>\n\t\t<\/div>\n\t<\/div>\n<\/div><\/div><\/div><\/div><\/div><\/div><\/div><\/div><div class=\"vc_row wpb_row vc_row-fluid co_wah-content\"><div class=\"wpb_column vc_column_container vc_col-sm-12\"><div class=\"vc_column-inner\"><div class=\"wpb_wrapper\"><div class=\"vc_row wpb_row vc_inner vc_row-fluid\"><div class=\"wpb_column vc_column_container vc_col-sm-12\"><div class=\"vc_column-inner\"><div class=\"wpb_wrapper\"><h1 style=\"font-size: 36px;color: #333333;text-align: center;font-family:Montserrat;font-weight:700;font-style:normal\" class=\"vc_custom_heading vc_do_custom_heading\" >\u00bfCu\u00e1nto cuesta estudiar ingl\u00e9s?<\/h1><div class=\"vc_separator wpb_content_element vc_separator_align_center vc_sep_width_20 vc_sep_border_width_5 vc_sep_pos_align_center vc_separator_no_text wpb_content_element  wpb_content_element\" ><span class=\"vc_sep_holder vc_sep_holder_l\"><span style=\"border-color:#f6d048;\" class=\"vc_sep_line\"><\/span><\/span><span class=\"vc_sep_holder vc_sep_holder_r\"><span style=\"border-color:#f6d048;\" class=\"vc_sep_line\"><\/span><\/span>\n<\/div>\n\t<div class=\"wpb_text_column wpb_content_element \" >\n\t\t<div class=\"wpb_wrapper\">\n\t\t\t<p class=\"\" data-start=\"162\" data-end=\"322\">Los cursos comienzan todos los lunes y se pagan de forma semanal. Por eso, el costo total de tu programa depender\u00e1 del n\u00famero de semanas que decidas estudiar.<\/p>\n<p class=\"\" data-start=\"324\" data-end=\"545\">En promedio, el valor semanal var\u00eda entre <strong data-start=\"366\" data-end=\"385\">$220 y $350 AUD<\/strong>, dependiendo de la ciudad, el horario (ma\u00f1ana, tarde o noche) y el tipo de instituci\u00f3n. Las universidades suelen tener un costo m\u00e1s elevado que los institutos.<\/p>\n<p class=\"\" data-start=\"547\" data-end=\"590\">Generalmente, los cursos m\u00e1s comunes son:<\/p>\n<ul data-start=\"591\" data-end=\"745\">\n<li class=\"\" data-start=\"591\" data-end=\"668\">\n<p class=\"\" data-start=\"593\" data-end=\"668\"><strong data-start=\"593\" data-end=\"613\">Curso de 6 meses<\/strong>, que otorga una visa de aproximadamente <strong data-start=\"654\" data-end=\"665\">8 meses<\/strong>.<\/p>\n<\/li>\n<li class=\"\" data-start=\"669\" data-end=\"745\">\n<p class=\"\" data-start=\"671\" data-end=\"745\"><strong data-start=\"671\" data-end=\"691\">Curso de 9 meses<\/strong>, que otorga una visa de aproximadamente <strong data-start=\"732\" data-end=\"744\">12 meses<\/strong>.<\/p>\n<\/li>\n<\/ul>\n<p class=\"\" data-start=\"747\" data-end=\"1012\">Si tu curso tiene una duraci\u00f3n de <strong data-start=\"781\" data-end=\"801\">25 semanas o m\u00e1s<\/strong>, normalmente puedes pagar el <strong data-start=\"831\" data-end=\"886\">50% del valor total (curso, matr\u00edcula y materiales)<\/strong> desde tu pa\u00eds de origen, y el <strong data-start=\"917\" data-end=\"961\">50% restante una vez llegues a Australia<\/strong> (habitualmente dentro de los tres primeros meses).<\/p>\n<p class=\"\" data-start=\"1014\" data-end=\"1100\">Adem\u00e1s del costo del curso, debes tener en cuenta los siguientes gastos adicionales:<\/p>\n<ul data-start=\"1101\" data-end=\"1187\">\n<li class=\"\" data-start=\"1101\" data-end=\"1114\">\n<p class=\"\" data-start=\"1103\" data-end=\"1114\">Matr\u00edcula<\/p>\n<\/li>\n<li class=\"\" data-start=\"1115\" data-end=\"1129\">\n<p class=\"\" data-start=\"1117\" data-end=\"1129\">Materiales<\/p>\n<\/li>\n<li class=\"\" data-start=\"1130\" data-end=\"1166\">\n<p class=\"\" data-start=\"1132\" data-end=\"1166\">Seguro m\u00e9dico obligatorio (OSHC)<\/p>\n<\/li>\n<li class=\"\" data-start=\"1167\" data-end=\"1187\">\n<p class=\"\" data-start=\"1169\" data-end=\"1187\">Valor de la visa<\/p>\n<\/li>\n<\/ul>\n<p class=\"\" data-start=\"1189\" data-end=\"1249\">Dependiendo de tu nacionalidad, tambi\u00e9n podr\u00edas necesitar:<\/p>\n<ul data-start=\"1250\" data-end=\"1303\">\n<li class=\"\" data-start=\"1250\" data-end=\"1270\">\n<p class=\"\" data-start=\"1252\" data-end=\"1270\">Ex\u00e1menes m\u00e9dicos<\/p>\n<\/li>\n<li class=\"\" data-start=\"1271\" data-end=\"1303\">\n<p class=\"\" data-start=\"1273\" data-end=\"1303\">Captura de datos biom\u00e9tricos<\/p>\n<\/li>\n<\/ul>\n\n\t\t<\/div>\n\t<\/div>\n<h1 style=\"font-size: 36px;color: #333333;text-align: center;font-family:Montserrat;font-weight:700;font-style:normal\" class=\"vc_custom_heading vc_do_custom_heading\" >\u00bfAustralia solo ofrece cursos de Ingl\u00e9s General?<\/h1><div class=\"vc_separator wpb_content_element vc_separator_align_center vc_sep_width_20 vc_sep_border_width_5 vc_sep_pos_align_center vc_separator_no_text wpb_content_element  wpb_content_element\" ><span class=\"vc_sep_holder vc_sep_holder_l\"><span style=\"border-color:#f6d048;\" class=\"vc_sep_line\"><\/span><\/span><span class=\"vc_sep_holder vc_sep_holder_r\"><span style=\"border-color:#f6d048;\" class=\"vc_sep_line\"><\/span><\/span>\n<\/div>\n\t<div class=\"wpb_text_column wpb_content_element \" >\n\t\t<div class=\"wpb_wrapper\">\n\t\t\t<p class=\"\" data-start=\"138\" data-end=\"265\">No. Adem\u00e1s del Ingl\u00e9s General, en Australia puedes acceder a una amplia variedad de programas educativos seg\u00fan tus objetivos.<\/p>\n<p class=\"\" data-start=\"267\" data-end=\"580\"><strong data-start=\"267\" data-end=\"319\">1. Cursos de preparaci\u00f3n para ex\u00e1menes oficiales<\/strong><br data-start=\"319\" data-end=\"322\" \/>Puedes estudiar cursos enfocados en ex\u00e1menes internacionales como <strong data-start=\"388\" data-end=\"397\">IELTS<\/strong> o <strong data-start=\"400\" data-end=\"413\">Cambridge<\/strong>. Estos programas est\u00e1n dise\u00f1ados para ayudarte a alcanzar una certificaci\u00f3n reconocida, \u00fatil tanto para procesos migratorios como para ingresar a estudios superiores.<\/p>\n<p class=\"\" data-start=\"582\" data-end=\"994\"><strong data-start=\"582\" data-end=\"614\">2. Cursos Vocacionales (VET)<\/strong><br data-start=\"614\" data-end=\"617\" \/>Australia ofrece <strong data-start=\"634\" data-end=\"668\">cursos t\u00e9cnicos y vocacionales<\/strong> en diversas \u00e1reas, con duraciones que van desde los <strong data-start=\"721\" data-end=\"752\">6 meses hasta m\u00e1s de un a\u00f1o<\/strong>. Puedes encontrar programas en campos como <strong data-start=\"796\" data-end=\"864\">Negocios, Cocina, Marketing, Tecnolog\u00eda, Enfermer\u00eda, Carpinter\u00eda<\/strong>, entre muchos otros. Estos cursos combinan teor\u00eda y pr\u00e1ctica, y son una excelente opci\u00f3n para adquirir habilidades profesionales.<\/p>\n<p class=\"\" data-start=\"996\" data-end=\"1452\"><strong data-start=\"996\" data-end=\"1026\">3. Estudios universitarios<\/strong><br data-start=\"1026\" data-end=\"1029\" \/>Tambi\u00e9n puedes cursar programas de educaci\u00f3n superior, desde <strong data-start=\"1090\" data-end=\"1113\">Bachelor (pregrado)<\/strong> hasta <strong data-start=\"1120\" data-end=\"1152\">Maestr\u00edas y Doctorados (PhD)<\/strong>. Varias universidades australianas ofrecen <strong data-start=\"1196\" data-end=\"1251\">becas autom\u00e1ticas para estudiantes latinoamericanos<\/strong>, lo que puede reducir significativamente los costos. Aunque estudiar en la universidad implica una inversi\u00f3n considerable, representa una oportunidad valiosa para tu desarrollo profesional y personal.<\/p>\n\n\t\t<\/div>\n\t<\/div>\n<\/div><\/div><\/div><\/div><div class=\"vc_row wpb_row vc_inner vc_row-fluid\"><div class=\"wpb_column vc_column_container vc_col-sm-2\"><div class=\"vc_column-inner\"><div class=\"wpb_wrapper\"><\/div><\/div><\/div><div class=\"wpb_column vc_column_container vc_col-sm-8\"><div class=\"vc_column-inner\"><div class=\"wpb_wrapper\"><div class=\"vc_empty_space\"   style=\"height: 36px\"><span class=\"vc_empty_space_inner\"><\/span><\/div><h2 style=\"font-size: 30px;color: #333333;text-align: center;font-family:Montserrat;font-weight:700;font-style:normal\" class=\"vc_custom_heading vc_do_custom_heading\" >\u00bfCuanto cobra SOL Edu por los<br \/>\nservicios de asesor\u00eda estudiantil?<\/h2><div class=\"vc_separator wpb_content_element vc_separator_align_center vc_sep_width_20 vc_sep_border_width_5 vc_sep_pos_align_center vc_separator_no_text wpb_content_element  wpb_content_element\" ><span class=\"vc_sep_holder vc_sep_holder_l\"><span style=\"border-color:#f6d048;\" class=\"vc_sep_line\"><\/span><\/span><span class=\"vc_sep_holder vc_sep_holder_r\"><span style=\"border-color:#f6d048;\" class=\"vc_sep_line\"><\/span><\/span>\n<\/div><div class=\"vc_empty_space\"   style=\"height: 12px\"><span class=\"vc_empty_space_inner\"><\/span><\/div><\/div><\/div><\/div><div class=\"wpb_column vc_column_container vc_col-sm-2\"><div class=\"vc_column-inner\"><div class=\"wpb_wrapper\"><\/div><\/div><\/div><\/div><div class=\"vc_row wpb_row vc_inner vc_row-fluid\"><div class=\"wpb_column vc_column_container vc_col-sm-12\"><div class=\"vc_column-inner\"><div class=\"wpb_wrapper\">\n\t<div class=\"wpb_text_column wpb_content_element \" >\n\t\t<div class=\"wpb_wrapper\">\n\t\t\t<p style=\"text-align: center;\"><strong>\u00a1No cobramos por los servicios! As\u00ed que escr\u00edbenos y una de nuestras asesoras se comunicar\u00e1 contigo.<\/strong><\/p>\n<p style=\"text-align: center;\">Adem\u00e1s, te acompa\u00f1aremos no solo en este proceso de visa sino tambi\u00e9n cuando est\u00e9s en Australia, podr\u00e1s acceder a nuestra App gratuita y disfrutar de nuestros eventos, fiestas y descuentos.<\/p>\n\n\t\t<\/div>\n\t<\/div>\n<\/div><\/div><\/div><\/div><div class=\"vc_empty_space\"   style=\"height: 55px\"><span class=\"vc_empty_space_inner\"><\/span><\/div><\/div><\/div><\/div><\/div><div data-vc-full-width=\"true\" data-vc-full-width-temp=\"true\" data-vc-full-width-init=\"false\" class=\"vc_row wpb_row vc_row-fluid co_form-style vc_custom_1679380700345 vc_row-has-fill\"><div class=\"wpb_column vc_column_container vc_col-sm-3\"><div class=\"vc_column-inner\"><div class=\"wpb_wrapper\"><\/div><\/div><\/div><div class=\"wpb_column vc_column_container vc_col-sm-6\"><div class=\"vc_column-inner\"><div class=\"wpb_wrapper\">\n\t<div class=\"wpb_raw_code wpb_raw_html wpb_content_element\" >\n\t\t<div class=\"wpb_wrapper\">\n\t\t\t<div data-form-block-id=\"5baf71f1-c2fa-ed11-8f6e-000d3a6ad35b\"><\/div> <script src=\"https:\/\/mktdplp102cdn.azureedge.net\/public\/latest\/js\/form-loader.js?v=1.85.2002\"><\/script> <div id=\"d0nKWShJw2vuneY0ztkaaram_Kz1A3LZsXpW55R_XE5Q\"><\/div><script src=\"https:\/\/mktdplp102cdn.azureedge.net\/public\/latest\/js\/ws-tracking.js?v=1.85.2002\"><\/script><div class=\"d365-mkt-config\" style=\"display:none\" data-website-id=\"0nKWShJw2vuneY0ztkaaram_Kz1A3LZsXpW55R_XE5Q\" data-hostname=\"f2ebdcfc885645ba9f93c9e0efe7d942.svc.dynamics.com\"><\/div>\n\t\t<\/div>\n\t<\/div>\n<\/div><\/div><\/div><div class=\"wpb_column vc_column_container vc_col-sm-3\"><div class=\"vc_column-inner\"><div class=\"wpb_wrapper\"><\/div><\/div><\/div><\/div><div class=\"vc_row-full-width vc_clearfix\"><\/div>\n<\/div>","protected":false},"excerpt":{"rendered":"<p>Estudiar En Nueva Zelanda Para muchos latinoamericanos, estudiar en un pa\u00eds al otro lado del mundo representa una experiencia \u00fanica y transformadora. Nueva Zelanda no solo ofrece una educaci\u00f3n de alta calidad, sino tambi\u00e9n un entorno seguro, acogedor, multicultural y lleno de oportunidades. Este pa\u00eds se ha destacado constantemente entre los mejores lugares para vivir,&hellip;<\/p>\n","protected":false},"author":16,"featured_media":0,"parent":0,"menu_order":0,"comment_status":"closed","ping_status":"closed","template":"","meta":{"_acf_changed":false,"om_disable_all_campaigns":false,"footnotes":""},"class_list":["post-1012505","page","type-page","status-publish","hentry","description-off"],"acf":[],"yoast_head":"<!-- This site is optimized with the Yoast SEO plugin v27.2 - https:\/\/yoast.com\/product\/yoast-seo-wordpress\/ -->\n<title>Estudiar En Nueva Zelanda &#8211; SOL Edu Latinos<\/title>\n<meta name=\"robots\" content=\"index, follow, max-snippet:-1, max-image-preview:large, max-video-preview:-1\" \/>\n<link rel=\"canonical\" href=\"https:\/\/www.soledu.net\/co\/nueva-zelanda\/\" \/>\n<meta property=\"og:locale\" content=\"en_US\" \/>\n<meta property=\"og:type\" content=\"article\" \/>\n<meta property=\"og:title\" content=\"Estudiar En Nueva Zelanda &#8211; SOL Edu Latinos\" \/>\n<meta property=\"og:url\" content=\"https:\/\/www.soledu.net\/co\/nueva-zelanda\/\" \/>\n<meta property=\"og:site_name\" content=\"SOL Edu Latinos\" \/>\n<meta property=\"article:publisher\" content=\"https:\/\/www.facebook.com\/SOLEdu.Latinos\/\" \/>\n<meta property=\"article:modified_time\" content=\"2025-11-05T06:29:52+00:00\" \/>\n<meta name=\"twitter:card\" content=\"summary_large_image\" \/>\n<meta name=\"twitter:label1\" content=\"Est. reading time\" \/>\n\t<meta name=\"twitter:data1\" content=\"4 minutes\" \/>\n<script type=\"application\/ld+json\" class=\"yoast-schema-graph\">{\"@context\":\"https:\/\/schema.org\",\"@graph\":[{\"@type\":\"WebPage\",\"@id\":\"https:\/\/www.soledu.net\/co\/nueva-zelanda\/\",\"url\":\"https:\/\/www.soledu.net\/co\/nueva-zelanda\/\",\"name\":\"Estudiar En Nueva Zelanda &#8211; SOL Edu Latinos\",\"isPartOf\":{\"@id\":\"https:\/\/www.soledu.net\/co\/#website\"},\"datePublished\":\"2023-01-09T03:11:05+00:00\",\"dateModified\":\"2025-11-05T06:29:52+00:00\",\"breadcrumb\":{\"@id\":\"https:\/\/www.soledu.net\/co\/nueva-zelanda\/#breadcrumb\"},\"inLanguage\":\"en-AU\",\"potentialAction\":[{\"@type\":\"ReadAction\",\"target\":[\"https:\/\/www.soledu.net\/co\/nueva-zelanda\/\"]}]},{\"@type\":\"BreadcrumbList\",\"@id\":\"https:\/\/www.soledu.net\/co\/nueva-zelanda\/#breadcrumb\",\"itemListElement\":[{\"@type\":\"ListItem\",\"position\":1,\"name\":\"Home\",\"item\":\"https:\/\/www.soledu.net\/co\/\"},{\"@type\":\"ListItem\",\"position\":2,\"name\":\"Estudiar En Nueva Zelanda\"}]},{\"@type\":\"WebSite\",\"@id\":\"https:\/\/www.soledu.net\/co\/#website\",\"url\":\"https:\/\/www.soledu.net\/co\/\",\"name\":\"SOL Edu Latinos\",\"description\":\"Somos una agencia de estudios en exterior, que te ayuda a cumplir tu sue\u00f1o de estudiar y trabajar en Australia y Nueva Zelanda. Somos los \u00fanicos con convenio en todas las instituciones educativas de Australia.Con m\u00e1s de 25 a\u00f1os de experiencia,te ayudamos a gestionar tu visa de estudiante. Asesor\u00eda gratuita.\",\"publisher\":{\"@id\":\"https:\/\/www.soledu.net\/co\/#organization\"},\"potentialAction\":[{\"@type\":\"SearchAction\",\"target\":{\"@type\":\"EntryPoint\",\"urlTemplate\":\"https:\/\/www.soledu.net\/co\/?s={search_term_string}\"},\"query-input\":{\"@type\":\"PropertyValueSpecification\",\"valueRequired\":true,\"valueName\":\"search_term_string\"}}],\"inLanguage\":\"en-AU\"},{\"@type\":\"Organization\",\"@id\":\"https:\/\/www.soledu.net\/co\/#organization\",\"name\":\"Sol edu Latinos\",\"url\":\"https:\/\/www.soledu.net\/co\/\",\"logo\":{\"@type\":\"ImageObject\",\"inLanguage\":\"en-AU\",\"@id\":\"https:\/\/www.soledu.net\/co\/#\/schema\/logo\/image\/\",\"url\":\"https:\/\/www.soledu.net\/co\/wp-content\/uploads\/2017\/12\/logo-SOL-Edu-and-iae-extra-medium.png\",\"contentUrl\":\"https:\/\/www.soledu.net\/co\/wp-content\/uploads\/2017\/12\/logo-SOL-Edu-and-iae-extra-medium.png\",\"width\":580,\"height\":172,\"caption\":\"Sol edu Latinos\"},\"image\":{\"@id\":\"https:\/\/www.soledu.net\/co\/#\/schema\/logo\/image\/\"},\"sameAs\":[\"https:\/\/www.facebook.com\/SOLEdu.Latinos\/\",\"https:\/\/www.instagram.com\/soledulatinos\/\"]}]}<\/script>\n<!-- \/ Yoast SEO plugin. -->","yoast_head_json":{"title":"Estudiar En Nueva Zelanda &#8211; SOL Edu Latinos","robots":{"index":"index","follow":"follow","max-snippet":"max-snippet:-1","max-image-preview":"max-image-preview:large","max-video-preview":"max-video-preview:-1"},"canonical":"https:\/\/www.soledu.net\/co\/nueva-zelanda\/","og_locale":"en_US","og_type":"article","og_title":"Estudiar En Nueva Zelanda &#8211; SOL Edu Latinos","og_url":"https:\/\/www.soledu.net\/co\/nueva-zelanda\/","og_site_name":"SOL Edu Latinos","article_publisher":"https:\/\/www.facebook.com\/SOLEdu.Latinos\/","article_modified_time":"2025-11-05T06:29:52+00:00","twitter_card":"summary_large_image","twitter_misc":{"Est. reading time":"4 minutes"},"schema":{"@context":"https:\/\/schema.org","@graph":[{"@type":"WebPage","@id":"https:\/\/www.soledu.net\/co\/nueva-zelanda\/","url":"https:\/\/www.soledu.net\/co\/nueva-zelanda\/","name":"Estudiar En Nueva Zelanda &#8211; SOL Edu Latinos","isPartOf":{"@id":"https:\/\/www.soledu.net\/co\/#website"},"datePublished":"2023-01-09T03:11:05+00:00","dateModified":"2025-11-05T06:29:52+00:00","breadcrumb":{"@id":"https:\/\/www.soledu.net\/co\/nueva-zelanda\/#breadcrumb"},"inLanguage":"en-AU","potentialAction":[{"@type":"ReadAction","target":["https:\/\/www.soledu.net\/co\/nueva-zelanda\/"]}]},{"@type":"BreadcrumbList","@id":"https:\/\/www.soledu.net\/co\/nueva-zelanda\/#breadcrumb","itemListElement":[{"@type":"ListItem","position":1,"name":"Home","item":"https:\/\/www.soledu.net\/co\/"},{"@type":"ListItem","position":2,"name":"Estudiar En Nueva Zelanda"}]},{"@type":"WebSite","@id":"https:\/\/www.soledu.net\/co\/#website","url":"https:\/\/www.soledu.net\/co\/","name":"SOL Edu Latinos","description":"Somos una agencia de estudios en exterior, que te ayuda a cumplir tu sue\u00f1o de estudiar y trabajar en Australia y Nueva Zelanda. Somos los \u00fanicos con convenio en todas las instituciones educativas de Australia.Con m\u00e1s de 25 a\u00f1os de experiencia,te ayudamos a gestionar tu visa de estudiante. Asesor\u00eda gratuita.","publisher":{"@id":"https:\/\/www.soledu.net\/co\/#organization"},"potentialAction":[{"@type":"SearchAction","target":{"@type":"EntryPoint","urlTemplate":"https:\/\/www.soledu.net\/co\/?s={search_term_string}"},"query-input":{"@type":"PropertyValueSpecification","valueRequired":true,"valueName":"search_term_string"}}],"inLanguage":"en-AU"},{"@type":"Organization","@id":"https:\/\/www.soledu.net\/co\/#organization","name":"Sol edu Latinos","url":"https:\/\/www.soledu.net\/co\/","logo":{"@type":"ImageObject","inLanguage":"en-AU","@id":"https:\/\/www.soledu.net\/co\/#\/schema\/logo\/image\/","url":"https:\/\/www.soledu.net\/co\/wp-content\/uploads\/2017\/12\/logo-SOL-Edu-and-iae-extra-medium.png","contentUrl":"https:\/\/www.soledu.net\/co\/wp-content\/uploads\/2017\/12\/logo-SOL-Edu-and-iae-extra-medium.png","width":580,"height":172,"caption":"Sol edu Latinos"},"image":{"@id":"https:\/\/www.soledu.net\/co\/#\/schema\/logo\/image\/"},"sameAs":["https:\/\/www.facebook.com\/SOLEdu.Latinos\/","https:\/\/www.instagram.com\/soledulatinos\/"]}]}},"_links":{"self":[{"href":"https:\/\/www.soledu.net\/co\/wp-json\/wp\/v2\/pages\/1012505","targetHints":{"allow":["GET"]}}],"collection":[{"href":"https:\/\/www.soledu.net\/co\/wp-json\/wp\/v2\/pages"}],"about":[{"href":"https:\/\/www.soledu.net\/co\/wp-json\/wp\/v2\/types\/page"}],"author":[{"embeddable":true,"href":"https:\/\/www.soledu.net\/co\/wp-json\/wp\/v2\/users\/16"}],"replies":[{"embeddable":true,"href":"https:\/\/www.soledu.net\/co\/wp-json\/wp\/v2\/comments?post=1012505"}],"version-history":[{"count":27,"href":"https:\/\/www.soledu.net\/co\/wp-json\/wp\/v2\/pages\/1012505\/revisions"}],"predecessor-version":[{"id":1012910,"href":"https:\/\/www.soledu.net\/co\/wp-json\/wp\/v2\/pages\/1012505\/revisions\/1012910"}],"wp:attachment":[{"href":"https:\/\/www.soledu.net\/co\/wp-json\/wp\/v2\/media?parent=1012505"}],"curies":[{"name":"wp","href":"https:\/\/api.w.org\/{rel}","templated":true}]}}