{"id":1001859,"date":"2018-05-10T09:23:52","date_gmt":"2018-05-09T23:23:52","guid":{"rendered":"http:\/\/soledu.net\/co\/?page_id=1001859"},"modified":"2026-01-21T15:21:21","modified_gmt":"2026-01-21T05:21:21","slug":"membership-card","status":"publish","type":"page","link":"https:\/\/www.soledu.net\/co\/membership-card\/","title":{"rendered":"Membership card"},"content":{"rendered":"<div class=\"wpb-content-wrapper\"><div class=\"vc_row wpb_row vc_row-fluid mb-download\"><div data-vc-parallax=\"1.5\" data-vc-parallax-image=\"https:\/\/www.soledu.net\/co\/app\/uploads\/2023\/02\/download-bg.png\" class=\"wpb_column vc_column_container vc_col-sm-12 vc_col-has-fill vc_general vc_parallax vc_parallax-content-moving\"><div class=\"vc_column-inner\"><div class=\"wpb_wrapper\"><div class=\"vc_row wpb_row vc_inner vc_row-fluid\"><div class=\"wpb_column vc_column_container vc_col-sm-6\"><div class=\"vc_column-inner\"><div class=\"wpb_wrapper\">\n\t<div class=\"wpb_text_column wpb_content_element \" >\n\t\t<div class=\"wpb_wrapper\">\n\t\t\t<h3><strong>\u00a1 DESCARGA<\/strong><br \/>\nNUESTRA APLICACI\u00d3N!<\/h3>\n<p><strong>100% gratis<\/strong>\u00a0para iOS y Android<\/p>\n\n\t\t<\/div>\n\t<\/div>\n\n\t<div  class=\"wpb_single_image wpb_content_element vc_align_left\">\n\t\t\n\t\t<figure class=\"wpb_wrapper vc_figure\">\n\t\t\t<a href=\"https:\/\/apps.apple.com\/au\/app\/sol-edu\/id1473357487\" target=\"_blank\"  class=\"vc_single_image-wrapper   vc_box_border_grey rollover\"   ><img loading=\"lazy\" decoding=\"async\" width=\"241\" height=\"80\" src=\"https:\/\/www.soledu.net\/co\/app\/uploads\/2023\/02\/download-app-store.png\" class=\"vc_single_image-img attachment-full\" alt=\"\" title=\"download-app-store\"  data-dt-location=\"https:\/\/www.soledu.net\/co\/membership-card\/download-app-store\/\" \/><\/a>\n\t\t<\/figure>\n\t<\/div>\n\n\t<div  class=\"wpb_single_image wpb_content_element vc_align_left\">\n\t\t\n\t\t<figure class=\"wpb_wrapper vc_figure\">\n\t\t\t<a href=\"https:\/\/play.google.com\/store\/apps\/details?id=com.soledu.students&amp;hl=en_AU\" target=\"_blank\"  class=\"vc_single_image-wrapper   vc_box_border_grey rollover\"   ><img loading=\"lazy\" decoding=\"async\" width=\"270\" height=\"80\" src=\"https:\/\/www.soledu.net\/co\/app\/uploads\/2023\/02\/download-play-store.png\" class=\"vc_single_image-img attachment-full\" alt=\"\" title=\"download-play-store\"  data-dt-location=\"https:\/\/www.soledu.net\/co\/membership-card\/download-play-store\/\" \/><\/a>\n\t\t<\/figure>\n\t<\/div>\n<\/div><\/div><\/div><div class=\"wpb_column vc_column_container vc_col-sm-6 vc_hidden-md vc_hidden-sm vc_hidden-xs\"><div class=\"vc_column-inner\"><div class=\"wpb_wrapper\"><\/div><\/div><\/div><\/div><\/div><\/div><\/div><\/div><div class=\"vc_row wpb_row vc_row-fluid mb-extra\"><div class=\"wpb_column vc_column_container vc_col-sm-12\"><div class=\"vc_column-inner\"><div class=\"wpb_wrapper\"><div class=\"vc_row wpb_row vc_inner vc_row-fluid\"><div class=\"wpb_column vc_column_container vc_col-sm-2\"><div class=\"vc_column-inner\"><div class=\"wpb_wrapper\">\n\t<div class=\"wpb_text_column wpb_content_element \" >\n\t\t<div class=\"wpb_wrapper\">\n\t\t\t<h4>MIEMBROS<\/h4>\n<h2>15,000 <strong>+<\/strong><\/h2>\n\n\t\t<\/div>\n\t<\/div>\n<\/div><\/div><\/div><div class=\"wpb_column vc_column_container vc_col-sm-2\"><div class=\"vc_column-inner\"><div class=\"wpb_wrapper\">\n\t<div class=\"wpb_text_column wpb_content_element \" >\n\t\t<div class=\"wpb_wrapper\">\n\t\t\t<h4>TIENDAS<\/h4>\n<h2>75 <strong>+<\/strong><\/h2>\n\n\t\t<\/div>\n\t<\/div>\n<\/div><\/div><\/div><div class=\"wpb_column vc_column_container vc_col-sm-2\"><div class=\"vc_column-inner\"><div class=\"wpb_wrapper\">\n\t<div class=\"wpb_text_column wpb_content_element \" >\n\t\t<div class=\"wpb_wrapper\">\n\t\t\t<h3>SERVICIOS<\/h3>\n<h3><strong>GRATUITOS<\/strong><\/h3>\n<h6>@ SOL\u2019s Office<\/h6>\n\n\t\t<\/div>\n\t<\/div>\n<\/div><\/div><\/div><div class=\"wpb_column vc_column_container vc_col-sm-2\"><div class=\"vc_column-inner\"><div class=\"wpb_wrapper\">\n\t<div class=\"wpb_text_column wpb_content_element \" >\n\t\t<div class=\"wpb_wrapper\">\n\t\t\t<ul>\n<li>Servicio de impresi\u00f3n<\/li>\n<li>wifi ilimitado<\/li>\n<li>Foto del pasaporte<\/li>\n<\/ul>\n\n\t\t<\/div>\n\t<\/div>\n<\/div><\/div><\/div><div class=\"wpb_column vc_column_container vc_col-sm-4\"><div class=\"vc_column-inner\"><div class=\"wpb_wrapper\">\n\t<div class=\"wpb_video_widget wpb_content_element vc_clearfix   vc_video-aspect-ratio-169 vc_video-el-width-100 vc_video-align-left\" >\n\t\t<div class=\"wpb_wrapper\">\n\t\t\t\n\t\t\t<div class=\"wpb_video_wrapper\"><iframe loading=\"lazy\" title=\"SOL Edu App Is On App Store Now!\" width=\"500\" height=\"281\" src=\"https:\/\/www.youtube.com\/embed\/dvnn1j1JptI?feature=oembed\" frameborder=\"0\" allow=\"accelerometer; autoplay; clipboard-write; encrypted-media; gyroscope; picture-in-picture; web-share\" allowfullscreen><\/iframe><\/div>\n\t\t<\/div>\n\t<\/div>\n<\/div><\/div><\/div><\/div><\/div><\/div><\/div><\/div><div class=\"vc_row wpb_row vc_row-fluid mb-cards\"><div class=\"wpb_column vc_column_container vc_col-sm-12\"><div class=\"vc_column-inner\"><div class=\"wpb_wrapper\"><div class=\"vc_row wpb_row vc_inner vc_row-fluid\"><div class=\"wpb_column vc_column_container vc_col-sm-5\"><div class=\"vc_column-inner\"><div class=\"wpb_wrapper\">\n\t<div  class=\"wpb_single_image wpb_content_element vc_align_center   card\">\n\t\t\n\t\t<figure class=\"wpb_wrapper vc_figure\">\n\t\t\t<div class=\"vc_single_image-wrapper   vc_box_border_grey\"><img loading=\"lazy\" decoding=\"async\" width=\"902\" height=\"606\" src=\"https:\/\/www.soledu.net\/co\/app\/uploads\/2023\/02\/sol-member-card.png\" class=\"vc_single_image-img attachment-full\" alt=\"\" title=\"sol-member-card\" srcset=\"https:\/\/www.soledu.net\/co\/app\/uploads\/2023\/02\/sol-member-card.png 902w, https:\/\/www.soledu.net\/co\/app\/uploads\/2023\/02\/sol-member-card-300x202.png 300w, https:\/\/www.soledu.net\/co\/app\/uploads\/2023\/02\/sol-member-card-768x516.png 768w\" sizes=\"auto, (max-width: 902px) 100vw, 902px\"  data-dt-location=\"https:\/\/www.soledu.net\/co\/membership-card\/sol-member-card\/\" \/><\/div>\n\t\t<\/figure>\n\t<\/div>\n<\/div><\/div><\/div><div class=\"content-wrapper wpb_column vc_column_container vc_col-sm-7\"><div class=\"vc_column-inner\"><div class=\"wpb_wrapper\">\n\t<div class=\"wpb_text_column wpb_content_element \" >\n\t\t<div class=\"wpb_wrapper\">\n\t\t\t<h1><strong>CONVI\u00c9RTETE EN <\/strong><\/h1>\n<h1><strong>SOCIO<\/strong>\u00a0SOL EDU<\/h1>\n<p>SOL Edu se encarga de todos los aspectos de tu vida en Australia. Obt\u00e9n nuestra tarjeta de membres\u00eda para hacer compras de manera m\u00e1s inteligente en tu \u00e1rea local. SOL Edu ha establecido una alianza con m\u00e1s de 80 empresas locales para brindarte grandes descuentos. Solo tienes que canjear la oferta presentando nuestra tarjeta de membres\u00eda.<\/p>\n<p><a href=\"https:\/\/www.soledu.net\/en\/event-membership\/membership-partner-shops\/\">Ir a nuestras tiendas<\/a><\/p>\n\n\t\t<\/div>\n\t<\/div>\n<\/div><\/div><\/div><\/div><\/div><\/div><\/div><\/div><div class=\"vc_row wpb_row vc_row-fluid mb-benefits\"><div class=\"wpb_column vc_column_container vc_col-sm-12\"><div class=\"vc_column-inner\"><div class=\"wpb_wrapper\"><div class=\"vc_row wpb_row vc_inner vc_row-fluid\"><div class=\"wpb_column vc_column_container vc_col-sm-12\"><div class=\"vc_column-inner\"><div class=\"wpb_wrapper\">\n\t<div class=\"wpb_text_column wpb_content_element \" >\n\t\t<div class=\"wpb_wrapper\">\n\t\t\t<h2 style=\"text-align: center;\"><strong>BENEFICIOS<\/strong>\u00a0DE LOS SOCIOS<\/h2>\n\n\t\t<\/div>\n\t<\/div>\n<\/div><\/div><\/div><\/div><\/div><\/div><\/div><\/div><div class=\"vc_row wpb_row vc_row-fluid mb-benefits scrolled\"><div class=\"wpb_column vc_column_container vc_col-sm-12\"><div class=\"vc_column-inner\"><div class=\"wpb_wrapper\"><div class=\"vc_row wpb_row vc_inner vc_row-fluid\"><div class=\"wpb_column vc_column_container vc_col-sm-4\"><div class=\"vc_column-inner\"><div class=\"wpb_wrapper\">\n\t<div class=\"wpb_text_column wpb_content_element \" >\n\t\t<div class=\"wpb_wrapper\">\n\t\t\t<h5 style=\"text-align: center;\">01<\/h5>\n<p style=\"text-align: center;\"><strong>Ofertas mensuales<\/strong>\u00a0exclusivas<br \/>\npara miembros de SOL<\/p>\n\n\t\t<\/div>\n\t<\/div>\n\n\t<div  class=\"wpb_single_image wpb_content_element vc_align_center\">\n\t\t\n\t\t<figure class=\"wpb_wrapper vc_figure\">\n\t\t\t<div class=\"vc_single_image-wrapper   vc_box_border_grey\"><img loading=\"lazy\" decoding=\"async\" width=\"572\" height=\"686\" src=\"https:\/\/www.soledu.net\/co\/app\/uploads\/2023\/02\/screen-1.png\" class=\"vc_single_image-img attachment-full\" alt=\"\" title=\"screen-1\" srcset=\"https:\/\/www.soledu.net\/co\/app\/uploads\/2023\/02\/screen-1.png 572w, https:\/\/www.soledu.net\/co\/app\/uploads\/2023\/02\/screen-1-250x300.png 250w\" sizes=\"auto, (max-width: 572px) 100vw, 572px\"  data-dt-location=\"https:\/\/www.soledu.net\/co\/membership-card\/screen-1\/\" \/><\/div>\n\t\t<\/figure>\n\t<\/div>\n<\/div><\/div><\/div><div class=\"wpb_column vc_column_container vc_col-sm-4\"><div class=\"vc_column-inner\"><div class=\"wpb_wrapper\">\n\t<div class=\"wpb_text_column wpb_content_element \" >\n\t\t<div class=\"wpb_wrapper\">\n\t\t\t<h5 style=\"text-align: center;\">02<\/h5>\n<p style=\"text-align: center;\">Gran\u00a0<strong>descuento<\/strong><br \/>\ndel 10% al\u00a0<strong>25%<\/strong><\/p>\n\n\t\t<\/div>\n\t<\/div>\n\n\t<div  class=\"wpb_single_image wpb_content_element vc_align_center\">\n\t\t\n\t\t<figure class=\"wpb_wrapper vc_figure\">\n\t\t\t<div class=\"vc_single_image-wrapper   vc_box_border_grey\"><img loading=\"lazy\" decoding=\"async\" width=\"628\" height=\"686\" src=\"https:\/\/www.soledu.net\/co\/app\/uploads\/2023\/02\/screen-2.png\" class=\"vc_single_image-img attachment-full\" alt=\"\" title=\"screen-2\" srcset=\"https:\/\/www.soledu.net\/co\/app\/uploads\/2023\/02\/screen-2.png 628w, https:\/\/www.soledu.net\/co\/app\/uploads\/2023\/02\/screen-2-275x300.png 275w\" sizes=\"auto, (max-width: 628px) 100vw, 628px\"  data-dt-location=\"https:\/\/www.soledu.net\/co\/membership-card\/screen-2\/\" \/><\/div>\n\t\t<\/figure>\n\t<\/div>\n<\/div><\/div><\/div><div class=\"wpb_column vc_column_container vc_col-sm-4\"><div class=\"vc_column-inner\"><div class=\"wpb_wrapper\">\n\t<div class=\"wpb_text_column wpb_content_element \" >\n\t\t<div class=\"wpb_wrapper\">\n\t\t\t<h5 style=\"text-align: center;\">03<\/h5>\n<div class=\"wpb_text_column wpb_content_element \">\n<div class=\"wpb_wrapper\">\n<p style=\"text-align: center;\"><strong>M\u00e1s de 50 eventos<\/strong><br \/>\npara estudiantes internacionales<\/p>\n<\/div>\n<\/div>\n\n\t\t<\/div>\n\t<\/div>\n\n\t<div  class=\"wpb_single_image wpb_content_element vc_align_center\">\n\t\t\n\t\t<figure class=\"wpb_wrapper vc_figure\">\n\t\t\t<div class=\"vc_single_image-wrapper   vc_box_border_grey\"><img loading=\"lazy\" decoding=\"async\" width=\"572\" height=\"686\" src=\"https:\/\/www.soledu.net\/co\/app\/uploads\/2023\/02\/screen-3.png\" class=\"vc_single_image-img attachment-full\" alt=\"\" title=\"screen-3\" srcset=\"https:\/\/www.soledu.net\/co\/app\/uploads\/2023\/02\/screen-3.png 572w, https:\/\/www.soledu.net\/co\/app\/uploads\/2023\/02\/screen-3-250x300.png 250w\" sizes=\"auto, (max-width: 572px) 100vw, 572px\"  data-dt-location=\"https:\/\/www.soledu.net\/co\/membership-card\/screen-3\/\" \/><\/div>\n\t\t<\/figure>\n\t<\/div>\n<\/div><\/div><\/div><\/div><\/div><\/div><\/div><\/div><div class=\"vc_row wpb_row vc_row-fluid mb-cards\"><div class=\"wpb_column vc_column_container vc_col-sm-12\"><div class=\"vc_column-inner\"><div class=\"wpb_wrapper\"><div class=\"vc_row wpb_row vc_inner vc_row-fluid\"><div class=\"wpb_column vc_column_container vc_col-sm-3\"><div class=\"vc_column-inner\"><div class=\"wpb_wrapper\">\n\t<div class=\"wpb_text_column wpb_content_element \" >\n\t\t<div class=\"wpb_wrapper\">\n\t\t\t<h3>TARJETAS\u00a0DE SOCIO SOL<\/h3>\n\n\t\t<\/div>\n\t<\/div>\n<\/div><\/div><\/div><div class=\"wpb_column vc_column_container vc_col-sm-9\"><div class=\"vc_column-inner\"><div class=\"wpb_wrapper\"><div class=\"aio-icon-component    style_1\"><div id=\"Info-box-wrap-9176\" class=\"aio-icon-box default-icon\" style=\"\"  ><div class=\"aio-icon-default\"><div class=\"ult-just-icon-wrapper  \"><div class=\"align-icon\" style=\"text-align:center;\">\n<div class=\"aio-icon-img \" style=\"font-size:100px;display:inline-block;\" >\n\t<img decoding=\"async\" class=\"img-icon\" alt=\"null\" src=\"https:\/\/www.soledu.net\/co\/app\/uploads\/2023\/02\/sol-digital-card.png\"\/>\n<\/div><\/div><\/div><\/div><div class=\"aio-icon-header\" ><h3 class=\"aio-icon-title ult-responsive\"  data-ultimate-target='#Info-box-wrap-9176 .aio-icon-title'  data-responsive-json-new='{\"font-size\":\"\",\"line-height\":\"\"}'  style=\"\">TARJETA DE MIEMBRO DIGITAL<\/h3><\/div> <!-- header --><div class=\"aio-icon-description ult-responsive\"  data-ultimate-target='#Info-box-wrap-9176 .aio-icon-description'  data-responsive-json-new='{\"font-size\":\"\",\"line-height\":\"\"}'  style=\"\">Descarga nuestra aplicaci\u00f3n y reg\u00edstrate para obtener la membres\u00eda en la aplicaci\u00f3n<\/div> <!-- description --><\/div> <!-- aio-icon-box --><\/div> <!-- aio-icon-component --><\/div><\/div><\/div><\/div><\/div><\/div><\/div><\/div>\n<\/div>","protected":false},"excerpt":{"rendered":"<p>\u00a1 DESCARGA NUESTRA APLICACI\u00d3N! 100% gratis\u00a0para iOS y Android MIEMBROS 15,000 + TIENDAS 75 + SERVICIOS GRATUITOS @ SOL\u2019s Office Servicio de impresi\u00f3n wifi ilimitado Foto del pasaporte CONVI\u00c9RTETE EN SOCIO\u00a0SOL EDU SOL Edu se encarga de todos los aspectos de tu vida en Australia. Obt\u00e9n nuestra tarjeta de membres\u00eda para hacer compras de manera&hellip;<\/p>\n","protected":false},"author":13,"featured_media":0,"parent":0,"menu_order":0,"comment_status":"closed","ping_status":"open","template":"","meta":{"_acf_changed":false,"om_disable_all_campaigns":false,"footnotes":""},"class_list":["post-1001859","page","type-page","status-publish","hentry","description-off"],"acf":[],"yoast_head":"<!-- This site is optimized with the Yoast SEO plugin v27.2 - https:\/\/yoast.com\/product\/yoast-seo-wordpress\/ -->\n<title>Membership card &#8211; SOL Edu Latinos<\/title>\n<meta name=\"robots\" content=\"index, follow, max-snippet:-1, max-image-preview:large, max-video-preview:-1\" \/>\n<link rel=\"canonical\" href=\"https:\/\/www.soledu.net\/co\/membership-card\/\" \/>\n<meta property=\"og:locale\" content=\"en_US\" \/>\n<meta property=\"og:type\" content=\"article\" \/>\n<meta property=\"og:title\" content=\"Membership card &#8211; SOL Edu Latinos\" \/>\n<meta property=\"og:url\" content=\"https:\/\/www.soledu.net\/co\/membership-card\/\" \/>\n<meta property=\"og:site_name\" content=\"SOL Edu Latinos\" \/>\n<meta property=\"article:publisher\" content=\"https:\/\/www.facebook.com\/SOLEdu.Latinos\/\" \/>\n<meta property=\"article:modified_time\" content=\"2026-01-21T05:21:21+00:00\" \/>\n<meta name=\"twitter:card\" content=\"summary_large_image\" \/>\n<meta name=\"twitter:label1\" content=\"Est. reading time\" \/>\n\t<meta name=\"twitter:data1\" content=\"1 minute\" \/>\n<script type=\"application\/ld+json\" class=\"yoast-schema-graph\">{\"@context\":\"https:\/\/schema.org\",\"@graph\":[{\"@type\":\"WebPage\",\"@id\":\"https:\/\/www.soledu.net\/co\/membership-card\/\",\"url\":\"https:\/\/www.soledu.net\/co\/membership-card\/\",\"name\":\"Membership card &#8211; SOL Edu Latinos\",\"isPartOf\":{\"@id\":\"https:\/\/www.soledu.net\/co\/#website\"},\"datePublished\":\"2018-05-09T23:23:52+00:00\",\"dateModified\":\"2026-01-21T05:21:21+00:00\",\"breadcrumb\":{\"@id\":\"https:\/\/www.soledu.net\/co\/membership-card\/#breadcrumb\"},\"inLanguage\":\"en-AU\",\"potentialAction\":[{\"@type\":\"ReadAction\",\"target\":[\"https:\/\/www.soledu.net\/co\/membership-card\/\"]}]},{\"@type\":\"BreadcrumbList\",\"@id\":\"https:\/\/www.soledu.net\/co\/membership-card\/#breadcrumb\",\"itemListElement\":[{\"@type\":\"ListItem\",\"position\":1,\"name\":\"Home\",\"item\":\"https:\/\/www.soledu.net\/co\/\"},{\"@type\":\"ListItem\",\"position\":2,\"name\":\"Membership card\"}]},{\"@type\":\"WebSite\",\"@id\":\"https:\/\/www.soledu.net\/co\/#website\",\"url\":\"https:\/\/www.soledu.net\/co\/\",\"name\":\"SOL Edu Latinos\",\"description\":\"Somos una agencia de estudios en exterior, que te ayuda a cumplir tu sue\u00f1o de estudiar y trabajar en Australia y Nueva Zelanda. Somos los \u00fanicos con convenio en todas las instituciones educativas de Australia.Con m\u00e1s de 25 a\u00f1os de experiencia,te ayudamos a gestionar tu visa de estudiante. Asesor\u00eda gratuita.\",\"publisher\":{\"@id\":\"https:\/\/www.soledu.net\/co\/#organization\"},\"potentialAction\":[{\"@type\":\"SearchAction\",\"target\":{\"@type\":\"EntryPoint\",\"urlTemplate\":\"https:\/\/www.soledu.net\/co\/?s={search_term_string}\"},\"query-input\":{\"@type\":\"PropertyValueSpecification\",\"valueRequired\":true,\"valueName\":\"search_term_string\"}}],\"inLanguage\":\"en-AU\"},{\"@type\":\"Organization\",\"@id\":\"https:\/\/www.soledu.net\/co\/#organization\",\"name\":\"Sol edu Latinos\",\"url\":\"https:\/\/www.soledu.net\/co\/\",\"logo\":{\"@type\":\"ImageObject\",\"inLanguage\":\"en-AU\",\"@id\":\"https:\/\/www.soledu.net\/co\/#\/schema\/logo\/image\/\",\"url\":\"https:\/\/www.soledu.net\/co\/wp-content\/uploads\/2017\/12\/logo-SOL-Edu-and-iae-extra-medium.png\",\"contentUrl\":\"https:\/\/www.soledu.net\/co\/wp-content\/uploads\/2017\/12\/logo-SOL-Edu-and-iae-extra-medium.png\",\"width\":580,\"height\":172,\"caption\":\"Sol edu Latinos\"},\"image\":{\"@id\":\"https:\/\/www.soledu.net\/co\/#\/schema\/logo\/image\/\"},\"sameAs\":[\"https:\/\/www.facebook.com\/SOLEdu.Latinos\/\",\"https:\/\/www.instagram.com\/soledulatinos\/\"]}]}<\/script>\n<!-- \/ Yoast SEO plugin. -->","yoast_head_json":{"title":"Membership card &#8211; SOL Edu Latinos","robots":{"index":"index","follow":"follow","max-snippet":"max-snippet:-1","max-image-preview":"max-image-preview:large","max-video-preview":"max-video-preview:-1"},"canonical":"https:\/\/www.soledu.net\/co\/membership-card\/","og_locale":"en_US","og_type":"article","og_title":"Membership card &#8211; SOL Edu Latinos","og_url":"https:\/\/www.soledu.net\/co\/membership-card\/","og_site_name":"SOL Edu Latinos","article_publisher":"https:\/\/www.facebook.com\/SOLEdu.Latinos\/","article_modified_time":"2026-01-21T05:21:21+00:00","twitter_card":"summary_large_image","twitter_misc":{"Est. reading time":"1 minute"},"schema":{"@context":"https:\/\/schema.org","@graph":[{"@type":"WebPage","@id":"https:\/\/www.soledu.net\/co\/membership-card\/","url":"https:\/\/www.soledu.net\/co\/membership-card\/","name":"Membership card &#8211; SOL Edu Latinos","isPartOf":{"@id":"https:\/\/www.soledu.net\/co\/#website"},"datePublished":"2018-05-09T23:23:52+00:00","dateModified":"2026-01-21T05:21:21+00:00","breadcrumb":{"@id":"https:\/\/www.soledu.net\/co\/membership-card\/#breadcrumb"},"inLanguage":"en-AU","potentialAction":[{"@type":"ReadAction","target":["https:\/\/www.soledu.net\/co\/membership-card\/"]}]},{"@type":"BreadcrumbList","@id":"https:\/\/www.soledu.net\/co\/membership-card\/#breadcrumb","itemListElement":[{"@type":"ListItem","position":1,"name":"Home","item":"https:\/\/www.soledu.net\/co\/"},{"@type":"ListItem","position":2,"name":"Membership card"}]},{"@type":"WebSite","@id":"https:\/\/www.soledu.net\/co\/#website","url":"https:\/\/www.soledu.net\/co\/","name":"SOL Edu Latinos","description":"Somos una agencia de estudios en exterior, que te ayuda a cumplir tu sue\u00f1o de estudiar y trabajar en Australia y Nueva Zelanda. Somos los \u00fanicos con convenio en todas las instituciones educativas de Australia.Con m\u00e1s de 25 a\u00f1os de experiencia,te ayudamos a gestionar tu visa de estudiante. Asesor\u00eda gratuita.","publisher":{"@id":"https:\/\/www.soledu.net\/co\/#organization"},"potentialAction":[{"@type":"SearchAction","target":{"@type":"EntryPoint","urlTemplate":"https:\/\/www.soledu.net\/co\/?s={search_term_string}"},"query-input":{"@type":"PropertyValueSpecification","valueRequired":true,"valueName":"search_term_string"}}],"inLanguage":"en-AU"},{"@type":"Organization","@id":"https:\/\/www.soledu.net\/co\/#organization","name":"Sol edu Latinos","url":"https:\/\/www.soledu.net\/co\/","logo":{"@type":"ImageObject","inLanguage":"en-AU","@id":"https:\/\/www.soledu.net\/co\/#\/schema\/logo\/image\/","url":"https:\/\/www.soledu.net\/co\/wp-content\/uploads\/2017\/12\/logo-SOL-Edu-and-iae-extra-medium.png","contentUrl":"https:\/\/www.soledu.net\/co\/wp-content\/uploads\/2017\/12\/logo-SOL-Edu-and-iae-extra-medium.png","width":580,"height":172,"caption":"Sol edu Latinos"},"image":{"@id":"https:\/\/www.soledu.net\/co\/#\/schema\/logo\/image\/"},"sameAs":["https:\/\/www.facebook.com\/SOLEdu.Latinos\/","https:\/\/www.instagram.com\/soledulatinos\/"]}]}},"_links":{"self":[{"href":"https:\/\/www.soledu.net\/co\/wp-json\/wp\/v2\/pages\/1001859","targetHints":{"allow":["GET"]}}],"collection":[{"href":"https:\/\/www.soledu.net\/co\/wp-json\/wp\/v2\/pages"}],"about":[{"href":"https:\/\/www.soledu.net\/co\/wp-json\/wp\/v2\/types\/page"}],"author":[{"embeddable":true,"href":"https:\/\/www.soledu.net\/co\/wp-json\/wp\/v2\/users\/13"}],"replies":[{"embeddable":true,"href":"https:\/\/www.soledu.net\/co\/wp-json\/wp\/v2\/comments?post=1001859"}],"version-history":[{"count":17,"href":"https:\/\/www.soledu.net\/co\/wp-json\/wp\/v2\/pages\/1001859\/revisions"}],"predecessor-version":[{"id":1015569,"href":"https:\/\/www.soledu.net\/co\/wp-json\/wp\/v2\/pages\/1001859\/revisions\/1015569"}],"wp:attachment":[{"href":"https:\/\/www.soledu.net\/co\/wp-json\/wp\/v2\/media?parent=1001859"}],"curies":[{"name":"wp","href":"https:\/\/api.w.org\/{rel}","templated":true}]}}