{"id":999261,"date":"2024-11-06T14:35:52","date_gmt":"2024-11-06T04:35:52","guid":{"rendered":"https:\/\/www.soledu.net\/br\/?page_id=999261"},"modified":"2025-01-16T11:14:21","modified_gmt":"2025-01-16T01:14:21","slug":"about-us","status":"publish","type":"page","link":"https:\/\/www.soledu.net\/br\/about-us\/","title":{"rendered":"A Sol Edu"},"content":{"rendered":"<div class=\"wpb-content-wrapper\"><div class=\"vc_row wpb_row vc_row-fluid\"><div class=\"wpb_column vc_column_container vc_col-sm-12\"><div class=\"vc_column-inner\"><div class=\"wpb_wrapper\"><h1 style=\"text-align: center;font-family:Montserrat;font-weight:700;font-style:normal\" class=\"vc_custom_heading vc_do_custom_heading vc_custom_1729577172466\" >Nossa hist\u00f3ria<\/h1><\/div><\/div><\/div><\/div><div class=\"vc_row wpb_row vc_row-fluid\"><div class=\"wpb_column vc_column_container vc_col-sm-12\"><div class=\"vc_column-inner\"><div class=\"wpb_wrapper\"><div class=\"smile_icon_list_wrap ult_info_list_container ult-adjust-bottom-margin  \"><ul class=\"smile_icon_list left square with_bg\"><li class=\"icon_list_item\" style=\" font-size:150px;\"><div class=\"icon_list_icon\" data-animation=\"fadeInUp\" data-animation-delay=\"03\" style=\"font-size:50px;border-width:1px;border-style:none;background:#ffffff;color:#ffc604;border-color:#333333;\"><img decoding=\"async\" class=\"list-img-icon lazyload\" alt=\"null\" data-src=\"https:\/\/www.soledu.net\/br\/app\/uploads\/2023\/03\/buildings-1.png\" src=\"data:image\/svg+xml;base64,PHN2ZyB3aWR0aD0iMSIgaGVpZ2h0PSIxIiB4bWxucz0iaHR0cDovL3d3dy53My5vcmcvMjAwMC9zdmciPjwvc3ZnPg==\" style=\"--smush-placeholder-width: 130px; --smush-placeholder-aspect-ratio: 130\/130;\" \/><\/div><div class=\"icon_description\" id=\"Info-list-wrap-3140\" style=\"font-size:50px;\"><h2 class=\"ult-responsive info-list-heading\"  data-ultimate-target='#Info-list-wrap-3140 h2'  data-responsive-json-new='{\"font-size\":\"desktop:16px;\",\"line-height\":\"desktop:24px;\"}'  style=\"\">2002<\/h2><div class=\"icon_description_text ult-responsive\"  data-ultimate-target='#Info-list-wrap-3140 .icon_description_text'  data-responsive-json-new='{\"font-size\":\"desktop:13px;\",\"line-height\":\"desktop:18px;\"}'  style=\"\"><p><span style=\"font-size: 12pt;\">A hist\u00f3ria da SOL Edu come\u00e7ou em 2002 com o estabelecimento da iae Edu Net Brisbane CBD. Como agente educacional na Austr\u00e1lia (atrav\u00e9s da franquia global iae), a companhia teve um crescimento excepcional e construiu um nome s\u00f3lido na ind\u00fastria de educa\u00e7\u00e3o.<\/span><\/p>\n<\/div><\/div><div class=\"icon_list_connector\"  style=\"border-right-width: 2px;border-right-style: dotted;border-color: #ffc604;left: 75px;\"><\/div><\/li><li class=\"icon_list_item\" style=\" font-size:150px;\"><div class=\"icon_list_icon\" data-animation=\"fadeInUp\" data-animation-delay=\"03\" style=\"font-size:50px;border-width:1px;border-style:none;background:#ffffff;color:#ffc604;border-color:#333333;\"><img decoding=\"async\" class=\"list-img-icon lazyload\" alt=\"null\" data-src=\"https:\/\/www.soledu.net\/br\/app\/uploads\/2023\/03\/route-1.png\" src=\"data:image\/svg+xml;base64,PHN2ZyB3aWR0aD0iMSIgaGVpZ2h0PSIxIiB4bWxucz0iaHR0cDovL3d3dy53My5vcmcvMjAwMC9zdmciPjwvc3ZnPg==\" style=\"--smush-placeholder-width: 130px; --smush-placeholder-aspect-ratio: 130\/130;\" \/><\/div><div class=\"icon_description\" id=\"Info-list-wrap-6085\" style=\"font-size:50px;\"><h2 class=\"ult-responsive info-list-heading\"  data-ultimate-target='#Info-list-wrap-6085 h2'  data-responsive-json-new='{\"font-size\":\"desktop:16px;\",\"line-height\":\"desktop:24px;\"}'  style=\"\">2012<\/h2><div class=\"icon_description_text ult-responsive\"  data-ultimate-target='#Info-list-wrap-6085 .icon_description_text'  data-responsive-json-new='{\"font-size\":\"desktop:13px;\",\"line-height\":\"desktop:18px;\"}'  style=\"\"><p><span style=\"font-size: 12pt;\">Abrimos outra unidade em Sunnybank ( localizado a Sudeste de Queensland \u2013 16km de Brisbane CBD) para ajudar e oferecer servi\u00e7os a estudantes de pa\u00edses de l\u00edngua chinesa.<\/span><\/p>\n<\/div><\/div><div class=\"icon_list_connector\"  style=\"border-right-width: 2px;border-right-style: dotted;border-color: #ffc604;left: 75px;\"><\/div><\/li><li class=\"icon_list_item\" style=\" font-size:150px;\"><div class=\"icon_list_icon\" data-animation=\"fadeInUp\" data-animation-delay=\"03\" style=\"font-size:50px;border-width:1px;border-style:none;background:#ffffff;color:#ffc604;border-color:#333333;\"><img decoding=\"async\" class=\"list-img-icon lazyload\" alt=\"null\" data-src=\"https:\/\/www.soledu.net\/br\/app\/uploads\/2023\/03\/australia-1.png\" src=\"data:image\/svg+xml;base64,PHN2ZyB3aWR0aD0iMSIgaGVpZ2h0PSIxIiB4bWxucz0iaHR0cDovL3d3dy53My5vcmcvMjAwMC9zdmciPjwvc3ZnPg==\" style=\"--smush-placeholder-width: 130px; --smush-placeholder-aspect-ratio: 130\/130;\" \/><\/div><div class=\"icon_description\" id=\"Info-list-wrap-6315\" style=\"font-size:50px;\"><h3 class=\"ult-responsive info-list-heading\"  data-ultimate-target='#Info-list-wrap-6315 h3'  data-responsive-json-new='{\"font-size\":\"desktop:16px;\",\"line-height\":\"desktop:24px;\"}'  style=\"\">2016<\/h3><div class=\"icon_description_text ult-responsive\"  data-ultimate-target='#Info-list-wrap-6315 .icon_description_text'  data-responsive-json-new='{\"font-size\":\"desktop:13px;\",\"line-height\":\"desktop:18px;\"}'  style=\"\"><p><span style=\"font-size: 12pt;\">Passamos a oferecer servi\u00e7os de assist\u00eancia para imigra\u00e7\u00e3o.<\/span><\/p>\n<\/div><\/div><div class=\"icon_list_connector\"  style=\"border-right-width: 2px;border-right-style: dotted;border-color: #ffc604;left: 75px;\"><\/div><\/li><li class=\"icon_list_item\" style=\" font-size:150px;\"><div class=\"icon_list_icon\" data-animation=\"fadeInUp\" data-animation-delay=\"03\" style=\"font-size:50px;border-width:1px;border-style:none;background:#ffffff;color:#ffc604;border-color:#333333;\"><img decoding=\"async\" class=\"list-img-icon lazyload\" alt=\"null\" data-src=\"https:\/\/www.soledu.net\/br\/app\/uploads\/2023\/03\/image-252.png\" src=\"data:image\/svg+xml;base64,PHN2ZyB3aWR0aD0iMSIgaGVpZ2h0PSIxIiB4bWxucz0iaHR0cDovL3d3dy53My5vcmcvMjAwMC9zdmciPjwvc3ZnPg==\" style=\"--smush-placeholder-width: 182px; --smush-placeholder-aspect-ratio: 182\/120;\" \/><\/div><div class=\"icon_description\" id=\"Info-list-wrap-2779\" style=\"font-size:50px;\"><h3 class=\"ult-responsive info-list-heading\"  data-ultimate-target='#Info-list-wrap-2779 h3'  data-responsive-json-new='{\"font-size\":\"desktop:16px;\",\"line-height\":\"desktop:24px;\"}'  style=\"\">2017<\/h3><div class=\"icon_description_text ult-responsive\"  data-ultimate-target='#Info-list-wrap-2779 .icon_description_text'  data-responsive-json-new='{\"font-size\":\"desktop:13px;\",\"line-height\":\"desktop:18px;\"}'  style=\"\"><p><span style=\"font-size: 12pt;\">A companhia deixou de ser uma franquia da iae Global e passou a ser chamada SOL Edu. No entanto, a estrutura organizacional, os funcion\u00e1rios e as localiza\u00e7\u00f5es permaneceram os mesmos. SOL \u00e9 a abrevia\u00e7\u00e3o de Seeds of Life, que no Portugu\u00eas significa sementes de vida \u2013 projetos da vida que s\u00e3o como semenstes da natureza aguardando as condi\u00e7\u00f5es ideais para florescerem. Na SOL Edu, n\u00f3s n\u00e3o apenas ajudamos a plantar essas sementes mas tamb\u00e9m nutrimos para que elas cres\u00e7am saud\u00e1veis.<\/span><\/p>\n<\/div><\/div><div class=\"icon_list_connector\"  style=\"border-right-width: 2px;border-right-style: dotted;border-color: #ffc604;left: 75px;\"><\/div><\/li><li class=\"icon_list_item\" style=\" font-size:150px;\"><div class=\"icon_list_icon\" data-animation=\"fadeInUp\" data-animation-delay=\"03\" style=\"font-size:50px;border-width:1px;border-style:none;background:#ffffff;color:#ffc604;border-color:#333333;\"><img decoding=\"async\" class=\"list-img-icon lazyload\" alt=\"null\" data-src=\"https:\/\/www.soledu.net\/br\/app\/uploads\/2023\/03\/product-1.png\" src=\"data:image\/svg+xml;base64,PHN2ZyB3aWR0aD0iMSIgaGVpZ2h0PSIxIiB4bWxucz0iaHR0cDovL3d3dy53My5vcmcvMjAwMC9zdmciPjwvc3ZnPg==\" style=\"--smush-placeholder-width: 130px; --smush-placeholder-aspect-ratio: 130\/130;\" \/><\/div><div class=\"icon_description\" id=\"Info-list-wrap-9033\" style=\"font-size:50px;\"><h3 class=\"ult-responsive info-list-heading\"  data-ultimate-target='#Info-list-wrap-9033 h3'  data-responsive-json-new='{\"font-size\":\"desktop:16px;\",\"line-height\":\"desktop:24px;\"}'  style=\"\">2022<\/h3><div class=\"icon_description_text ult-responsive\"  data-ultimate-target='#Info-list-wrap-9033 .icon_description_text'  data-responsive-json-new='{\"font-size\":\"desktop:13px;\",\"line-height\":\"desktop:18px;\"}'  style=\"\"><p><span style=\"font-size: 12pt;\">N\u00f3s permanecemos est\u00e1veis e fortes durante a pandamia de COVID-19 e continuamos oferecendo suporte de alta qualidade a estudantes internacionais.<\/span><\/p>\n<\/div><\/div><div class=\"icon_list_connector\"  style=\"border-right-width: 2px;border-right-style: dotted;border-color: #ffc604;left: 75px;\"><\/div><\/li><\/ul><\/div><div class=\"vc_empty_space\"   style=\"height: 24px\"><span class=\"vc_empty_space_inner\"><\/span><\/div><\/div><\/div><\/div><\/div><div data-vc-full-width=\"true\" data-vc-full-width-temp=\"true\" data-vc-full-width-init=\"false\" class=\"vc_row wpb_row vc_row-fluid grey-bg vc_custom_1677815777031 vc_row-has-fill\"><div class=\"wpb_column vc_column_container vc_col-sm-12\"><div class=\"vc_column-inner\"><div class=\"wpb_wrapper\"><div class=\"vc_empty_space\"   style=\"height: 25px\"><span class=\"vc_empty_space_inner\"><\/span><\/div><div class=\"vc_row wpb_row vc_inner vc_row-fluid vc_row-o-equal-height vc_row-flex\"><div class=\"wpb_column vc_column_container vc_col-sm-4\"><div class=\"vc_column-inner\"><div class=\"wpb_wrapper\">\n\t<div  class=\"wpb_single_image wpb_content_element vc_align_center  vc_custom_1651024085837\">\n\t\t\n\t\t<figure class=\"wpb_wrapper vc_figure\">\n\t\t\t<div class=\"vc_single_image-wrapper   vc_box_border_grey layzr-bg\"><img decoding=\"async\" class=\"lazy-load vc_single_image-img \" src=\"data:image\/svg+xml;charset=utf-8,%3Csvg xmlns%3D'http%3A%2F%2Fwww.w3.org%2F2000%2Fsvg' viewBox%3D'0 0 350 160'%2F%3E\" data-src=\"https:\/\/www.soledu.net\/br\/app\/uploads\/2022\/04\/10-language-2-350x160-1.png\" width=\"350\" height=\"160\" alt=\"10-language-2-350x160\" title=\"10-language-2-350x160\"  data-dt-location=\"https:\/\/www.soledu.net\/br\/quem-somos\/10-language-2-350x160\/\" \/><\/div>\n\t\t<\/figure>\n\t<\/div>\n<div class=\"vc_empty_space\"   style=\"height: 16px\"><span class=\"vc_empty_space_inner\"><\/span><\/div>\n\t<div class=\"wpb_text_column wpb_content_element  vc_custom_1677816640740\" >\n\t\t<div class=\"wpb_wrapper\">\n\t\t\t<h2 style=\"text-align: center; line-height: 24px;\"><span style=\"color: #ffffff;\"><span style=\"color: #ffc604;\">Idiomas para<\/span><br \/>\natendimento<\/span><\/h2>\n\n\t\t<\/div>\n\t<\/div>\n<\/div><\/div><\/div><div class=\"wpb_column vc_column_container vc_col-sm-4\"><div class=\"vc_column-inner\"><div class=\"wpb_wrapper\">\n\t<div  class=\"wpb_single_image wpb_content_element vc_align_center  vc_custom_1651024128588\">\n\t\t\n\t\t<figure class=\"wpb_wrapper vc_figure\">\n\t\t\t<div class=\"vc_single_image-wrapper   vc_box_border_grey layzr-bg\"><img decoding=\"async\" class=\"lazy-load vc_single_image-img \" src=\"data:image\/svg+xml;charset=utf-8,%3Csvg xmlns%3D'http%3A%2F%2Fwww.w3.org%2F2000%2Fsvg' viewBox%3D'0 0 350 160'%2F%3E\" data-src=\"https:\/\/www.soledu.net\/br\/app\/uploads\/2022\/04\/9-teams-2-350x160-1.png\" width=\"350\" height=\"160\" alt=\"9-teams-2-350x160\" title=\"9-teams-2-350x160\"  data-dt-location=\"https:\/\/www.soledu.net\/br\/quem-somos\/9-teams-2-350x160\/\" \/><\/div>\n\t\t<\/figure>\n\t<\/div>\n<div class=\"vc_empty_space\"   style=\"height: 16px\"><span class=\"vc_empty_space_inner\"><\/span><\/div>\n\t<div class=\"wpb_text_column wpb_content_element  vc_custom_1677816649692\" >\n\t\t<div class=\"wpb_wrapper\">\n\t\t\t<h2 style=\"text-align: center; line-height: 24px;\"><span style=\"color: #ffffff;\"><span style=\"color: #ffc604;\">Times de<\/span><br \/>\naconselhamento<\/span><\/h2>\n\n\t\t<\/div>\n\t<\/div>\n<\/div><\/div><\/div><div class=\"wpb_column vc_column_container vc_col-sm-4\"><div class=\"vc_column-inner\"><div class=\"wpb_wrapper\">\n\t<div  class=\"wpb_single_image wpb_content_element vc_align_center  vc_custom_1651024617178\">\n\t\t\n\t\t<figure class=\"wpb_wrapper vc_figure\">\n\t\t\t<div class=\"vc_single_image-wrapper   vc_box_border_grey layzr-bg\"><img decoding=\"async\" class=\"lazy-load vc_single_image-img \" src=\"data:image\/svg+xml;charset=utf-8,%3Csvg xmlns%3D'http%3A%2F%2Fwww.w3.org%2F2000%2Fsvg' viewBox%3D'0 0 350 160'%2F%3E\" data-src=\"https:\/\/www.soledu.net\/br\/app\/uploads\/2022\/04\/50-employees-350x160-1.png\" width=\"350\" height=\"160\" alt=\"50-employees-350x160\" title=\"50-employees-350x160\"  data-dt-location=\"https:\/\/www.soledu.net\/br\/quem-somos\/50-employees-350x160\/\" \/><\/div>\n\t\t<\/figure>\n\t<\/div>\n<div class=\"vc_empty_space\"   style=\"height: 16px\"><span class=\"vc_empty_space_inner\"><\/span><\/div>\n\t<div class=\"wpb_text_column wpb_content_element  vc_custom_1677816657562\" >\n\t\t<div class=\"wpb_wrapper\">\n\t\t\t<h2 style=\"text-align: center; line-height: 24px;\"><span style=\"color: #ffffff;\"><span style=\"color: #ffc604;\">50+<\/span><br \/>\nProfissionais<\/span><\/h2>\n\n\t\t<\/div>\n\t<\/div>\n<\/div><\/div><\/div><\/div>\n\t<div class=\"wpb_text_column wpb_content_element  text-justify\" >\n\t\t<div class=\"wpb_wrapper\">\n\t\t\t<p style=\"text-align: center;\"><strong><span style=\"color: #ffffff;\">Atualmente, com mais de 50 profissionais capacitados, n\u00f3s oferecemos servi\u00e7os de educa\u00e7\u00e3o internacional para todas as idades, desde ensino fundamental at\u00e9 educa\u00e7\u00e3o de n\u00edvel superior.<\/span><\/strong><\/p>\n<p style=\"text-align: center;\"><span style=\"color: #ffffff; font-size: 16px;\">A maioria dos nossos alunos s\u00e3o da Cor\u00e9ia, Jap\u00e3o, Vietn\u00e3, Tail\u00e2ndia, Hong Kong, Am\u00e9rica Latina, Brasil, India e Oriente M\u00e9dio.<\/span><br \/>\n<span style=\"color: #ffffff; font-size: 16px;\">Al\u00e9m disso, nosso time fala mais de 10 idiomas diferentes, podendo atender os alunos da melhor forma em sua l\u00edngua nativa.<\/span><\/p>\n\n\t\t<\/div>\n\t<\/div>\n<div class=\"vc_empty_space\"   style=\"height: 50px\"><span class=\"vc_empty_space_inner\"><\/span><\/div><\/div><\/div><\/div><\/div><div class=\"vc_row-full-width vc_clearfix\"><\/div><div data-vc-full-width=\"true\" data-vc-full-width-temp=\"true\" data-vc-full-width-init=\"false\" class=\"vc_row wpb_row vc_row-fluid vc_custom_1651024569771 vc_row-has-fill vc_column-gap-20 vc_row-o-equal-height vc_row-o-content-middle vc_row-flex\"><div class=\"wpb_column vc_column_container vc_col-sm-6 vc_col-has-fill\"><div class=\"vc_column-inner vc_custom_1640148283158\"><div class=\"wpb_wrapper\"><div class=\"vc_empty_space\"   style=\"height: 100px\"><span class=\"vc_empty_space_inner\"><\/span><\/div><h2 style=\"font-size: 32px;color: #ffffff;line-height: normal;text-align: center;font-family:Montserrat;font-weight:700;font-style:normal\" class=\"vc_custom_heading vc_do_custom_heading\" >Nossa Miss\u00e3o<\/h2><div class=\"vc_empty_space\"   style=\"height: 12px\"><span class=\"vc_empty_space_inner\"><\/span><\/div><div class=\"vc_separator wpb_content_element vc_separator_align_center vc_sep_width_20 vc_sep_border_width_4 vc_sep_pos_align_center vc_separator_no_text wpb_content_element  wpb_content_element\" ><span class=\"vc_sep_holder vc_sep_holder_l\"><span style=\"border-color:#fdcc00;\" class=\"vc_sep_line\"><\/span><\/span><span class=\"vc_sep_holder vc_sep_holder_r\"><span style=\"border-color:#fdcc00;\" class=\"vc_sep_line\"><\/span><\/span>\n<\/div>\n\t<div class=\"wpb_text_column wpb_content_element \" >\n\t\t<div class=\"wpb_wrapper\">\n\t\t\t<h3 class=\"p4\" style=\"font-family: 'Montserrat'; text-align: center; font-weight: bold; font-size: 32px; line-height: 39px;\"><span class=\"s1\" style=\"color: #ffffff; font-weight: bold; font-size: 32px; line-height: 39px;\"><b>N\u00d3S FAZEMOS<br \/>\nVOC\u00ca CRESCER<\/b><\/span><\/h3>\n\n\t\t<\/div>\n\t<\/div>\n<div class=\"vc_empty_space\"   style=\"height: 125px\"><span class=\"vc_empty_space_inner\"><\/span><\/div><\/div><\/div><\/div><div class=\"wpb_column vc_column_container vc_col-sm-6\"><div class=\"vc_column-inner\"><div class=\"wpb_wrapper\"><\/div><\/div><\/div><\/div><div class=\"vc_row-full-width vc_clearfix\"><\/div><!-- Row Backgrounds --><div class=\"upb_bg_img\" data-ultimate-bg=\"url(https:\/\/www.soledu.net\/br\/app\/uploads\/2022\/04\/SOL-logo-bg-2.png)\" data-image-id=\"id^998149|url^https:\/\/www.soledu.net\/br\/app\/uploads\/2022\/04\/SOL-logo-bg-2.png|caption^null|alt^null|title^SOL-logo-bg-2|description^null\" data-ultimate-bg-style=\"vcpb-default\" data-bg-img-repeat=\"repeat\" data-bg-img-size=\"cover\" data-bg-img-position=\"\" data-parallx_sense=\"30\" data-bg-override=\"0\" data-bg_img_attach=\"scroll\" data-upb-overlay-color=\"\" data-upb-bg-animation=\"\" data-fadeout=\"\" data-bg-animation=\"left-animation\" data-bg-animation-type=\"h\" data-animation-repeat=\"repeat\" data-fadeout-percentage=\"30\" data-parallax-content=\"\" data-parallax-content-sense=\"30\" data-row-effect-mobile-disable=\"true\" data-img-parallax-mobile-disable=\"true\" data-rtl=\"false\"  data-custom-vc-row=\"\"  data-vc=\"8.7.2\"  data-is_old_vc=\"\"  data-theme-support=\"\"   data-overlay=\"false\" data-overlay-color=\"\" data-overlay-pattern=\"\" data-overlay-pattern-opacity=\"\" data-overlay-pattern-size=\"\"    ><\/div><div data-vc-full-width=\"true\" data-vc-full-width-temp=\"true\" data-vc-full-width-init=\"false\" data-vc-stretch-content=\"true\" class=\"vc_row wpb_row vc_row-fluid columna vc_custom_1677816909173 vc_row-no-padding vc_row-o-content-middle vc_row-flex\"><div class=\"wpb_column vc_column_container vc_col-sm-6\"><div class=\"vc_column-inner vc_custom_1516422982854\"><div class=\"wpb_wrapper\">\n\t<div  class=\"wpb_single_image wpb_content_element vc_align_center  vc_custom_1677817290651\">\n\t\t\n\t\t<figure class=\"wpb_wrapper vc_figure\">\n\t\t\t<div class=\"vc_single_image-wrapper   vc_box_border_grey\"><img decoding=\"async\" width=\"1584\" height=\"1188\" data-src=\"https:\/\/www.soledu.net\/br\/app\/uploads\/2023\/03\/Group-187-1.png\" class=\"vc_single_image-img attachment-full lazyload\" alt=\"\" title=\"Group 187 (1)\" data-srcset=\"https:\/\/www.soledu.net\/br\/app\/uploads\/2023\/03\/Group-187-1.png 1584w, https:\/\/www.soledu.net\/br\/app\/uploads\/2023\/03\/Group-187-1-300x225.png 300w, https:\/\/www.soledu.net\/br\/app\/uploads\/2023\/03\/Group-187-1-1024x768.png 1024w, https:\/\/www.soledu.net\/br\/app\/uploads\/2023\/03\/Group-187-1-768x576.png 768w, https:\/\/www.soledu.net\/br\/app\/uploads\/2023\/03\/Group-187-1-1536x1152.png 1536w\" data-sizes=\"(max-width: 1584px) 100vw, 1584px\"  data-dt-location=\"https:\/\/www.soledu.net\/br\/quem-somos\/group-187-1\/\" src=\"data:image\/svg+xml;base64,PHN2ZyB3aWR0aD0iMSIgaGVpZ2h0PSIxIiB4bWxucz0iaHR0cDovL3d3dy53My5vcmcvMjAwMC9zdmciPjwvc3ZnPg==\" style=\"--smush-placeholder-width: 1584px; --smush-placeholder-aspect-ratio: 1584\/1188;\" \/><\/div>\n\t\t<\/figure>\n\t<\/div>\n<\/div><\/div><\/div><div class=\"wpb_column vc_column_container vc_col-sm-6\"><div class=\"vc_column-inner\"><div class=\"wpb_wrapper\">\n\t<div  class=\"wpb_single_image wpb_content_element vc_align_center  vc_custom_1736990059351\">\n\t\t\n\t\t<figure class=\"wpb_wrapper vc_figure\">\n\t\t\t<div class=\"vc_single_image-wrapper   vc_box_border_grey\"><img decoding=\"async\" width=\"1584\" height=\"1188\" data-src=\"https:\/\/www.soledu.net\/br\/app\/uploads\/2025\/01\/Buscamos-oferer-o-melhor-atendimento-1.png\" class=\"vc_single_image-img attachment-full lazyload\" alt=\"\" title=\"Buscamos oferer o melhor atendimento (1)\" data-srcset=\"https:\/\/www.soledu.net\/br\/app\/uploads\/2025\/01\/Buscamos-oferer-o-melhor-atendimento-1.png 1584w, https:\/\/www.soledu.net\/br\/app\/uploads\/2025\/01\/Buscamos-oferer-o-melhor-atendimento-1-300x225.png 300w, https:\/\/www.soledu.net\/br\/app\/uploads\/2025\/01\/Buscamos-oferer-o-melhor-atendimento-1-1024x768.png 1024w, https:\/\/www.soledu.net\/br\/app\/uploads\/2025\/01\/Buscamos-oferer-o-melhor-atendimento-1-768x576.png 768w, https:\/\/www.soledu.net\/br\/app\/uploads\/2025\/01\/Buscamos-oferer-o-melhor-atendimento-1-1536x1152.png 1536w\" data-sizes=\"(max-width: 1584px) 100vw, 1584px\"  data-dt-location=\"https:\/\/www.soledu.net\/br\/about-us\/buscamos-oferer-o-melhor-atendimento-1\/\" src=\"data:image\/svg+xml;base64,PHN2ZyB3aWR0aD0iMSIgaGVpZ2h0PSIxIiB4bWxucz0iaHR0cDovL3d3dy53My5vcmcvMjAwMC9zdmciPjwvc3ZnPg==\" style=\"--smush-placeholder-width: 1584px; --smush-placeholder-aspect-ratio: 1584\/1188;\" \/><\/div>\n\t\t<\/figure>\n\t<\/div>\n<\/div><\/div><\/div><\/div><div class=\"vc_row-full-width vc_clearfix\"><\/div>\n<\/div>","protected":false},"excerpt":{"rendered":"<p>Nossa hist\u00f3ria2002A hist\u00f3ria da SOL Edu come\u00e7ou em 2002 com o estabelecimento da iae Edu Net Brisbane CBD. Como agente educacional na Austr\u00e1lia (atrav\u00e9s da franquia global iae), a companhia teve um crescimento excepcional e construiu um nome s\u00f3lido na ind\u00fastria de educa\u00e7\u00e3o. 2012Abrimos outra unidade em Sunnybank ( localizado a Sudeste de Queensland \u2013&hellip;<\/p>\n","protected":false},"author":12,"featured_media":0,"parent":0,"menu_order":0,"comment_status":"closed","ping_status":"open","template":"","meta":{"_acf_changed":false,"footnotes":""},"class_list":["post-999261","page","type-page","status-publish","hentry","description-off"],"acf":[],"yoast_head":"<!-- This site is optimized with the Yoast SEO plugin v27.2 - https:\/\/yoast.com\/product\/yoast-seo-wordpress\/ -->\n<title>A Sol Edu - SOL Edu Brasileiros<\/title>\n<meta name=\"robots\" content=\"index, follow, max-snippet:-1, max-image-preview:large, max-video-preview:-1\" \/>\n<link rel=\"canonical\" href=\"https:\/\/www.soledu.net\/br\/about-us\/\" \/>\n<meta property=\"og:locale\" content=\"en_US\" \/>\n<meta property=\"og:type\" content=\"article\" \/>\n<meta property=\"og:title\" content=\"A Sol Edu - SOL Edu Brasileiros\" \/>\n<meta property=\"og:url\" content=\"https:\/\/www.soledu.net\/br\/about-us\/\" \/>\n<meta property=\"og:site_name\" content=\"SOL Edu Brasileiros\" \/>\n<meta property=\"article:modified_time\" content=\"2025-01-16T01:14:21+00:00\" \/>\n<meta name=\"twitter:card\" content=\"summary_large_image\" \/>\n<meta name=\"twitter:label1\" content=\"Est. reading time\" \/>\n\t<meta name=\"twitter:data1\" content=\"2 minutes\" \/>\n<script type=\"application\/ld+json\" class=\"yoast-schema-graph\">{\"@context\":\"https:\/\/schema.org\",\"@graph\":[{\"@type\":\"WebPage\",\"@id\":\"https:\/\/www.soledu.net\/br\/about-us\/\",\"url\":\"https:\/\/www.soledu.net\/br\/about-us\/\",\"name\":\"A Sol Edu - SOL Edu Brasileiros\",\"isPartOf\":{\"@id\":\"https:\/\/www.soledu.net\/br\/#website\"},\"datePublished\":\"2024-11-06T04:35:52+00:00\",\"dateModified\":\"2025-01-16T01:14:21+00:00\",\"breadcrumb\":{\"@id\":\"https:\/\/www.soledu.net\/br\/about-us\/#breadcrumb\"},\"inLanguage\":\"en-US\",\"potentialAction\":[{\"@type\":\"ReadAction\",\"target\":[\"https:\/\/www.soledu.net\/br\/about-us\/\"]}]},{\"@type\":\"BreadcrumbList\",\"@id\":\"https:\/\/www.soledu.net\/br\/about-us\/#breadcrumb\",\"itemListElement\":[{\"@type\":\"ListItem\",\"position\":1,\"name\":\"Home\",\"item\":\"https:\/\/www.soledu.net\/br\/\"},{\"@type\":\"ListItem\",\"position\":2,\"name\":\"A Sol Edu\"}]},{\"@type\":\"WebSite\",\"@id\":\"https:\/\/www.soledu.net\/br\/#website\",\"url\":\"https:\/\/www.soledu.net\/br\/\",\"name\":\"SOL Edu Brasileiros\",\"description\":\"SOL Edu Brasileiros\",\"potentialAction\":[{\"@type\":\"SearchAction\",\"target\":{\"@type\":\"EntryPoint\",\"urlTemplate\":\"https:\/\/www.soledu.net\/br\/?s={search_term_string}\"},\"query-input\":{\"@type\":\"PropertyValueSpecification\",\"valueRequired\":true,\"valueName\":\"search_term_string\"}}],\"inLanguage\":\"en-US\"}]}<\/script>\n<!-- \/ Yoast SEO plugin. -->","yoast_head_json":{"title":"A Sol Edu - SOL Edu Brasileiros","robots":{"index":"index","follow":"follow","max-snippet":"max-snippet:-1","max-image-preview":"max-image-preview:large","max-video-preview":"max-video-preview:-1"},"canonical":"https:\/\/www.soledu.net\/br\/about-us\/","og_locale":"en_US","og_type":"article","og_title":"A Sol Edu - SOL Edu Brasileiros","og_url":"https:\/\/www.soledu.net\/br\/about-us\/","og_site_name":"SOL Edu Brasileiros","article_modified_time":"2025-01-16T01:14:21+00:00","twitter_card":"summary_large_image","twitter_misc":{"Est. reading time":"2 minutes"},"schema":{"@context":"https:\/\/schema.org","@graph":[{"@type":"WebPage","@id":"https:\/\/www.soledu.net\/br\/about-us\/","url":"https:\/\/www.soledu.net\/br\/about-us\/","name":"A Sol Edu - SOL Edu Brasileiros","isPartOf":{"@id":"https:\/\/www.soledu.net\/br\/#website"},"datePublished":"2024-11-06T04:35:52+00:00","dateModified":"2025-01-16T01:14:21+00:00","breadcrumb":{"@id":"https:\/\/www.soledu.net\/br\/about-us\/#breadcrumb"},"inLanguage":"en-US","potentialAction":[{"@type":"ReadAction","target":["https:\/\/www.soledu.net\/br\/about-us\/"]}]},{"@type":"BreadcrumbList","@id":"https:\/\/www.soledu.net\/br\/about-us\/#breadcrumb","itemListElement":[{"@type":"ListItem","position":1,"name":"Home","item":"https:\/\/www.soledu.net\/br\/"},{"@type":"ListItem","position":2,"name":"A Sol Edu"}]},{"@type":"WebSite","@id":"https:\/\/www.soledu.net\/br\/#website","url":"https:\/\/www.soledu.net\/br\/","name":"SOL Edu Brasileiros","description":"SOL Edu Brasileiros","potentialAction":[{"@type":"SearchAction","target":{"@type":"EntryPoint","urlTemplate":"https:\/\/www.soledu.net\/br\/?s={search_term_string}"},"query-input":{"@type":"PropertyValueSpecification","valueRequired":true,"valueName":"search_term_string"}}],"inLanguage":"en-US"}]}},"_links":{"self":[{"href":"https:\/\/www.soledu.net\/br\/wp-json\/wp\/v2\/pages\/999261","targetHints":{"allow":["GET"]}}],"collection":[{"href":"https:\/\/www.soledu.net\/br\/wp-json\/wp\/v2\/pages"}],"about":[{"href":"https:\/\/www.soledu.net\/br\/wp-json\/wp\/v2\/types\/page"}],"author":[{"embeddable":true,"href":"https:\/\/www.soledu.net\/br\/wp-json\/wp\/v2\/users\/12"}],"replies":[{"embeddable":true,"href":"https:\/\/www.soledu.net\/br\/wp-json\/wp\/v2\/comments?post=999261"}],"version-history":[{"count":6,"href":"https:\/\/www.soledu.net\/br\/wp-json\/wp\/v2\/pages\/999261\/revisions"}],"predecessor-version":[{"id":999525,"href":"https:\/\/www.soledu.net\/br\/wp-json\/wp\/v2\/pages\/999261\/revisions\/999525"}],"wp:attachment":[{"href":"https:\/\/www.soledu.net\/br\/wp-json\/wp\/v2\/media?parent=999261"}],"curies":[{"name":"wp","href":"https:\/\/api.w.org\/{rel}","templated":true}]}}