{"id":994625,"date":"2018-10-08T15:46:25","date_gmt":"2018-10-08T05:46:25","guid":{"rendered":"https:\/\/soledu.net\/br\/?page_id=994625"},"modified":"2024-11-19T14:01:34","modified_gmt":"2024-11-19T04:01:34","slug":"membership","status":"publish","type":"page","link":"https:\/\/www.soledu.net\/br\/membership\/","title":{"rendered":"Membership"},"content":{"rendered":"<div class=\"wpb-content-wrapper\"><div class=\"vc_row wpb_row vc_row-fluid mb-download full-width-wrap dt-default\" style=\"padding-left: 0px;padding-right: 0px;margin-top: 0px;margin-bottom: 0px\"><div data-vc-parallax=\"1.5\" data-vc-parallax-image=\"https:\/\/www.soledu.net\/br\/app\/uploads\/2023\/03\/download-bg.png\" class=\"wpb_column vc_column_container vc_col-sm-12 vc_col-has-fill vc_general vc_parallax vc_parallax-content-moving\"><div class=\"vc_column-inner\"><div class=\"wpb_wrapper\"><div class=\"vc_row wpb_row vc_inner vc_row-fluid\"><div class=\"wpb_column vc_column_container vc_col-sm-6\"><div class=\"vc_column-inner\"><div class=\"wpb_wrapper\">\n\t<div class=\"wpb_text_column wpb_content_element \" >\n\t\t<div class=\"wpb_wrapper\">\n\t\t\t<h3>BAIXE O NOSSO<br \/>\nAPLICATIVO AGORA!<\/h3>\n<p><strong>100% gr\u00e1tis<\/strong> para iOS e Android<\/p>\n\n\t\t<\/div>\n\t<\/div>\n\n\t<div  class=\"wpb_single_image wpb_content_element vc_align_left\">\n\t\t\n\t\t<figure class=\"wpb_wrapper vc_figure\">\n\t\t\t<a href=\"https:\/\/play.google.com\/store\/apps\/details?id=com.soledu.students&amp;hl=en_AU\" target=\"_blank\"  class=\"vc_single_image-wrapper   vc_box_border_grey rollover\"   ><img decoding=\"async\" width=\"270\" height=\"80\" data-src=\"https:\/\/www.soledu.net\/br\/app\/uploads\/2023\/03\/download-play-store.png\" class=\"vc_single_image-img attachment-full lazyload\" alt=\"\" title=\"download-play-store\"  data-dt-location=\"https:\/\/www.soledu.net\/br\/membership\/download-play-store\/\" src=\"data:image\/svg+xml;base64,PHN2ZyB3aWR0aD0iMSIgaGVpZ2h0PSIxIiB4bWxucz0iaHR0cDovL3d3dy53My5vcmcvMjAwMC9zdmciPjwvc3ZnPg==\" style=\"--smush-placeholder-width: 270px; --smush-placeholder-aspect-ratio: 270\/80;\" \/><\/a>\n\t\t<\/figure>\n\t<\/div>\n\n\t<div  class=\"wpb_single_image wpb_content_element vc_align_left\">\n\t\t\n\t\t<figure class=\"wpb_wrapper vc_figure\">\n\t\t\t<a href=\"https:\/\/apps.apple.com\/au\/app\/sol-edu\/id1473357487\" target=\"_blank\"  class=\"vc_single_image-wrapper   vc_box_border_grey rollover\"   ><img decoding=\"async\" width=\"241\" height=\"80\" data-src=\"https:\/\/www.soledu.net\/br\/app\/uploads\/2023\/03\/download-app-store.png\" class=\"vc_single_image-img attachment-full lazyload\" alt=\"\" title=\"download-app-store\"  data-dt-location=\"https:\/\/www.soledu.net\/br\/membership\/download-app-store\/\" src=\"data:image\/svg+xml;base64,PHN2ZyB3aWR0aD0iMSIgaGVpZ2h0PSIxIiB4bWxucz0iaHR0cDovL3d3dy53My5vcmcvMjAwMC9zdmciPjwvc3ZnPg==\" style=\"--smush-placeholder-width: 241px; --smush-placeholder-aspect-ratio: 241\/80;\" \/><\/a>\n\t\t<\/figure>\n\t<\/div>\n<\/div><\/div><\/div><div class=\"wpb_column vc_column_container vc_col-sm-6 vc_hidden-md vc_hidden-sm vc_hidden-xs\"><div class=\"vc_column-inner\"><div class=\"wpb_wrapper\"><\/div><\/div><\/div><\/div><\/div><\/div><\/div><\/div><div class=\"vc_row wpb_row vc_row-fluid mb-extra full-width-wrap dt-default\" style=\"padding-left: 0px;padding-right: 0px;margin-top: 0px;margin-bottom: 0px\"><div class=\"wpb_column vc_column_container vc_col-sm-12\"><div class=\"vc_column-inner\"><div class=\"wpb_wrapper\"><div class=\"vc_row wpb_row vc_inner vc_row-fluid\"><div class=\"wpb_column vc_column_container vc_col-sm-2\"><div class=\"vc_column-inner\"><div class=\"wpb_wrapper\">\n\t<div class=\"wpb_text_column wpb_content_element \" >\n\t\t<div class=\"wpb_wrapper\">\n\t\t\t<h4>Total de<br \/>\nMembros<\/h4>\n<h2>15,000 <strong>+<\/strong><\/h2>\n\n\t\t<\/div>\n\t<\/div>\n<\/div><\/div><\/div><div class=\"wpb_column vc_column_container vc_col-sm-2\"><div class=\"vc_column-inner\"><div class=\"wpb_wrapper\">\n\t<div class=\"wpb_text_column wpb_content_element \" >\n\t\t<div class=\"wpb_wrapper\">\n\t\t\t<h4>LOJAS<br \/>\nPARCEIRAS<\/h4>\n<h2>75 <strong>+<\/strong><\/h2>\n\n\t\t<\/div>\n\t<\/div>\n<\/div><\/div><\/div><div class=\"wpb_column vc_column_container vc_col-sm-2\"><div class=\"vc_column-inner\"><div class=\"wpb_wrapper\">\n\t<div class=\"wpb_text_column wpb_content_element \" >\n\t\t<div class=\"wpb_wrapper\">\n\t\t\t<h3>SERVI\u00c7OS<br \/>\nGRATUITOS<\/h3>\n<h6>@ SOL\u2019s Office<\/h6>\n\n\t\t<\/div>\n\t<\/div>\n<\/div><\/div><\/div><div class=\"wpb_column vc_column_container vc_col-sm-2\"><div class=\"vc_column-inner\"><div class=\"wpb_wrapper\">\n\t<div class=\"wpb_text_column wpb_content_element \" >\n\t\t<div class=\"wpb_wrapper\">\n\t\t\t<ul>\n<li>Impress\u00e3o Gratuita<\/li>\n<li>Wi-Fi ilimitado<\/li>\n<li>Foto de Passaporte<\/li>\n<\/ul>\n\n\t\t<\/div>\n\t<\/div>\n<\/div><\/div><\/div><div class=\"wpb_column vc_column_container vc_col-sm-4\"><div class=\"vc_column-inner\"><div class=\"wpb_wrapper\">\n\t<div class=\"wpb_video_widget wpb_content_element vc_clearfix   vc_video-aspect-ratio-169 vc_video-el-width-100 vc_video-align-left\" >\n\t\t<div class=\"wpb_wrapper\">\n\t\t\t\n\t\t\t<div class=\"wpb_video_wrapper\"><iframe title=\"SOL Edu App Is On App Store Now!\" width=\"500\" height=\"281\" data-src=\"https:\/\/www.youtube.com\/embed\/dvnn1j1JptI?feature=oembed\" frameborder=\"0\" allow=\"accelerometer; autoplay; clipboard-write; encrypted-media; gyroscope; picture-in-picture; web-share\" allowfullscreen src=\"data:image\/svg+xml;base64,PHN2ZyB3aWR0aD0iMSIgaGVpZ2h0PSIxIiB4bWxucz0iaHR0cDovL3d3dy53My5vcmcvMjAwMC9zdmciPjwvc3ZnPg==\" class=\"lazyload\" data-load-mode=\"1\"><\/iframe><\/div>\n\t\t<\/div>\n\t<\/div>\n<\/div><\/div><\/div><\/div><\/div><\/div><\/div><\/div><div class=\"vc_row wpb_row vc_row-fluid mb-cards full-width-wrap dt-default\" style=\"padding-left: 0px;padding-right: 0px;margin-top: 0px;margin-bottom: 0px\"><div class=\"wpb_column vc_column_container vc_col-sm-12\"><div class=\"vc_column-inner\"><div class=\"wpb_wrapper\"><div class=\"vc_row wpb_row vc_inner vc_row-fluid\"><div class=\"wpb_column vc_column_container vc_col-sm-5\"><div class=\"vc_column-inner\"><div class=\"wpb_wrapper\">\n\t<div  class=\"wpb_single_image wpb_content_element vc_align_center   card\">\n\t\t\n\t\t<figure class=\"wpb_wrapper vc_figure\">\n\t\t\t<div class=\"vc_single_image-wrapper   vc_box_border_grey\"><img decoding=\"async\" width=\"902\" height=\"606\" data-src=\"https:\/\/www.soledu.net\/br\/app\/uploads\/2023\/03\/sol-member-card.png\" class=\"vc_single_image-img attachment-full lazyload\" alt=\"\" title=\"sol-member-card\" data-srcset=\"https:\/\/www.soledu.net\/br\/app\/uploads\/2023\/03\/sol-member-card.png 902w, https:\/\/www.soledu.net\/br\/app\/uploads\/2023\/03\/sol-member-card-300x202.png 300w, https:\/\/www.soledu.net\/br\/app\/uploads\/2023\/03\/sol-member-card-768x516.png 768w\" data-sizes=\"(max-width: 902px) 100vw, 902px\"  data-dt-location=\"https:\/\/www.soledu.net\/br\/membership\/sol-member-card\/\" src=\"data:image\/svg+xml;base64,PHN2ZyB3aWR0aD0iMSIgaGVpZ2h0PSIxIiB4bWxucz0iaHR0cDovL3d3dy53My5vcmcvMjAwMC9zdmciPjwvc3ZnPg==\" style=\"--smush-placeholder-width: 902px; --smush-placeholder-aspect-ratio: 902\/606;\" \/><\/div>\n\t\t<\/figure>\n\t<\/div>\n<\/div><\/div><\/div><div class=\"content-wrapper wpb_column vc_column_container vc_col-sm-7\"><div class=\"vc_column-inner\"><div class=\"wpb_wrapper\">\n\t<div class=\"wpb_text_column wpb_content_element \" >\n\t\t<div class=\"wpb_wrapper\">\n\t\t\t<h1>SEJA MEMBRO DA SOL EDU<br \/>\nE APROVEITE TODOS OS<br \/>\nDESCONTOS!<\/h1>\n<div class=\"flex-shrink-0 flex flex-col relative items-end\">\n<div>\n<div class=\"pt-0\">\n<div class=\"gizmo-bot-avatar flex h-8 w-8 items-center justify-center overflow-hidden rounded-full\">\n<div class=\"relative p-1 rounded-sm flex items-center justify-center bg-token-main-surface-primary text-token-text-primary h-8 w-8\"><\/div>\n<\/div>\n<\/div>\n<\/div>\n<\/div>\n<div class=\"group\/conversation-turn relative flex w-full min-w-0 flex-col agent-turn\">\n<div class=\"flex-col gap-1 md:gap-3\">\n<div class=\"flex max-w-full flex-col flex-grow\">\n<div class=\"min-h-8 text-message flex w-full flex-col items-end gap-2 whitespace-normal break-words &#091;.text-message+&amp;&#093;:mt-5\" dir=\"auto\" data-message-author-role=\"assistant\" data-message-id=\"0fa66c0a-1bf9-408d-907c-c532bfbaf22c\" data-message-model-slug=\"gpt-4o\">\n<div class=\"flex w-full flex-col gap-1 empty:hidden first:pt-&#091;3px&#093;\">\n<div class=\"markdown prose w-full break-words dark:prose-invert light\">\n<p><strong>A SOL Edu cuida de voc\u00ea em cada etapa da sua jornada na Austr\u00e1lia!<\/strong><br \/>\nQuer aproveitar descontos exclusivos em suas compras? N\u00e3o perca tempo e garanta j\u00e1 o seu cart\u00e3o de membro SOL Edu!<\/p>\n<p>Com parcerias com mais de 80 empresas locais, oferecemos benef\u00edcios incr\u00edveis. Basta apresentar o cart\u00e3o de membro para aproveitar todas as ofertas e economizar!<\/p>\n<\/div>\n<\/div>\n<\/div>\n<\/div>\n<\/div>\n<\/div>\n<p><a href=\"https:\/\/www.soledu.net\/en\/event-membership\/membership-partner-shops\/\">Conhe\u00e7a nossas lojas parceiras<\/a><\/p>\n\n\t\t<\/div>\n\t<\/div>\n<\/div><\/div><\/div><\/div><\/div><\/div><\/div><\/div><div class=\"vc_row wpb_row vc_row-fluid mb-benefits dt-default\" style=\"margin-top: 0px;margin-bottom: 0px\"><div class=\"wpb_column vc_column_container vc_col-sm-12\"><div class=\"vc_column-inner\"><div class=\"wpb_wrapper\"><div class=\"vc_row wpb_row vc_inner vc_row-fluid\"><div class=\"wpb_column vc_column_container vc_col-sm-12\"><div class=\"vc_column-inner\"><div class=\"wpb_wrapper\">\n\t<div class=\"wpb_text_column wpb_content_element \" >\n\t\t<div class=\"wpb_wrapper\">\n\t\t\t<h2 style=\"text-align: center;\"><strong><span class=\"NormalTextRun SCXW4129837 BCX0\" data-ccp-parastyle=\"heading 4\">Benef\u00edcios para os me<\/span><span class=\"NormalTextRun SCXW4129837 BCX0\" data-ccp-parastyle=\"heading 4\">mbro<\/span><span class=\"NormalTextRun SCXW4129837 BCX0\" data-ccp-parastyle=\"heading 4\">s SOL Edu<\/span><\/strong><\/h2>\n\n\t\t<\/div>\n\t<\/div>\n<\/div><\/div><\/div><\/div><\/div><\/div><\/div><\/div><div class=\"vc_row wpb_row vc_row-fluid mb-benefits scrolled dt-default\" style=\"margin-top: 0px;margin-bottom: 0px\"><div class=\"wpb_column vc_column_container vc_col-sm-12\"><div class=\"vc_column-inner\"><div class=\"wpb_wrapper\"><div class=\"vc_row wpb_row vc_inner vc_row-fluid\"><div class=\"wpb_column vc_column_container vc_col-sm-4\"><div class=\"vc_column-inner\"><div class=\"wpb_wrapper\">\n\t<div class=\"wpb_text_column wpb_content_element \" >\n\t\t<div class=\"wpb_wrapper\">\n\t\t\t<h5 style=\"text-align: center;\">01<\/h5>\n<p style=\"text-align: center;\"><span class=\"NormalTextRun SCXW4129837 BCX0\" data-ccp-parastyle=\"heading 4\"><strong>Ofertas mensais exclusivas<\/strong><br \/>\npara os <\/span><span class=\"NormalTextRun SCXW4129837 BCX0\" data-ccp-parastyle=\"heading 4\">nossos <\/span><span class=\"NormalTextRun SCXW4129837 BCX0\" data-ccp-parastyle=\"heading 4\">membros<\/span><\/p>\n\n\t\t<\/div>\n\t<\/div>\n\n\t<div  class=\"wpb_single_image wpb_content_element vc_align_center\">\n\t\t\n\t\t<figure class=\"wpb_wrapper vc_figure\">\n\t\t\t<div class=\"vc_single_image-wrapper   vc_box_border_grey\"><img decoding=\"async\" width=\"572\" height=\"686\" data-src=\"https:\/\/www.soledu.net\/br\/app\/uploads\/2023\/03\/screen-1.png\" class=\"vc_single_image-img attachment-full lazyload\" alt=\"\" title=\"screen-1\" data-srcset=\"https:\/\/www.soledu.net\/br\/app\/uploads\/2023\/03\/screen-1.png 572w, https:\/\/www.soledu.net\/br\/app\/uploads\/2023\/03\/screen-1-250x300.png 250w\" data-sizes=\"(max-width: 572px) 100vw, 572px\"  data-dt-location=\"https:\/\/www.soledu.net\/br\/membership\/screen-1\/\" src=\"data:image\/svg+xml;base64,PHN2ZyB3aWR0aD0iMSIgaGVpZ2h0PSIxIiB4bWxucz0iaHR0cDovL3d3dy53My5vcmcvMjAwMC9zdmciPjwvc3ZnPg==\" style=\"--smush-placeholder-width: 572px; --smush-placeholder-aspect-ratio: 572\/686;\" \/><\/div>\n\t\t<\/figure>\n\t<\/div>\n<\/div><\/div><\/div><div class=\"wpb_column vc_column_container vc_col-sm-4\"><div class=\"vc_column-inner\"><div class=\"wpb_wrapper\">\n\t<div class=\"wpb_text_column wpb_content_element \" >\n\t\t<div class=\"wpb_wrapper\">\n\t\t\t<h5 style=\"text-align: center;\">02<\/h5>\n<p style=\"text-align: center;\"><strong><span class=\"TextRun SCXW4129837 BCX0\" lang=\"PT\" xml:lang=\"PT\" data-contrast=\"none\"><span class=\"NormalTextRun SCXW4129837 BCX0\" data-ccp-parastyle=\"heading 4\">Descontos<br \/>\nentre 10%-25%<\/span><\/span><br \/>\n<\/strong><\/p>\n\n\t\t<\/div>\n\t<\/div>\n\n\t<div  class=\"wpb_single_image wpb_content_element vc_align_center\">\n\t\t\n\t\t<figure class=\"wpb_wrapper vc_figure\">\n\t\t\t<div class=\"vc_single_image-wrapper   vc_box_border_grey\"><img decoding=\"async\" width=\"628\" height=\"686\" data-src=\"https:\/\/www.soledu.net\/br\/app\/uploads\/2023\/03\/screen-2.png\" class=\"vc_single_image-img attachment-full lazyload\" alt=\"\" title=\"screen-2\" data-srcset=\"https:\/\/www.soledu.net\/br\/app\/uploads\/2023\/03\/screen-2.png 628w, https:\/\/www.soledu.net\/br\/app\/uploads\/2023\/03\/screen-2-275x300.png 275w\" data-sizes=\"(max-width: 628px) 100vw, 628px\"  data-dt-location=\"https:\/\/www.soledu.net\/br\/membership\/screen-2\/\" src=\"data:image\/svg+xml;base64,PHN2ZyB3aWR0aD0iMSIgaGVpZ2h0PSIxIiB4bWxucz0iaHR0cDovL3d3dy53My5vcmcvMjAwMC9zdmciPjwvc3ZnPg==\" style=\"--smush-placeholder-width: 628px; --smush-placeholder-aspect-ratio: 628\/686;\" \/><\/div>\n\t\t<\/figure>\n\t<\/div>\n<\/div><\/div><\/div><div class=\"wpb_column vc_column_container vc_col-sm-4\"><div class=\"vc_column-inner\"><div class=\"wpb_wrapper\">\n\t<div class=\"wpb_text_column wpb_content_element \" >\n\t\t<div class=\"wpb_wrapper\">\n\t\t\t<h5 style=\"text-align: center;\">03<\/h5>\n<p style=\"text-align: center;\"><span class=\"TextRun SCXW4129837 BCX0\" lang=\"PT\" xml:lang=\"PT\" data-contrast=\"none\"><span class=\"NormalTextRun SCXW4129837 BCX0\" data-ccp-parastyle=\"heading 4\"><strong>+ de 50 eventos anuais<\/strong><br \/>\npara estudantes SOL Edu.<\/span><\/span><\/p>\n\n\t\t<\/div>\n\t<\/div>\n\n\t<div  class=\"wpb_single_image wpb_content_element vc_align_center\">\n\t\t\n\t\t<figure class=\"wpb_wrapper vc_figure\">\n\t\t\t<div class=\"vc_single_image-wrapper   vc_box_border_grey\"><img decoding=\"async\" width=\"572\" height=\"686\" data-src=\"https:\/\/www.soledu.net\/br\/app\/uploads\/2023\/03\/screen-3.png\" class=\"vc_single_image-img attachment-full lazyload\" alt=\"\" title=\"screen-3\" data-srcset=\"https:\/\/www.soledu.net\/br\/app\/uploads\/2023\/03\/screen-3.png 572w, https:\/\/www.soledu.net\/br\/app\/uploads\/2023\/03\/screen-3-250x300.png 250w\" data-sizes=\"(max-width: 572px) 100vw, 572px\"  data-dt-location=\"https:\/\/www.soledu.net\/br\/membership\/screen-3\/\" src=\"data:image\/svg+xml;base64,PHN2ZyB3aWR0aD0iMSIgaGVpZ2h0PSIxIiB4bWxucz0iaHR0cDovL3d3dy53My5vcmcvMjAwMC9zdmciPjwvc3ZnPg==\" style=\"--smush-placeholder-width: 572px; --smush-placeholder-aspect-ratio: 572\/686;\" \/><\/div>\n\t\t<\/figure>\n\t<\/div>\n<\/div><\/div><\/div><\/div><\/div><\/div><\/div><\/div><div class=\"vc_row wpb_row vc_row-fluid dt-default\" style=\"margin-top: 0px;margin-bottom: 0px\"><div class=\"wpb_column vc_column_container vc_col-sm-12\"><div class=\"vc_column-inner\"><div class=\"wpb_wrapper\"><div class=\"vc_empty_space\"   style=\"height: 32px\"><span class=\"vc_empty_space_inner\"><\/span><\/div><\/div><\/div><\/div><\/div>\n<\/div>","protected":false},"excerpt":{"rendered":"<p>BAIXE O NOSSO APLICATIVO AGORA! 100% gr\u00e1tis para iOS e Android Total de Membros 15,000 + LOJAS PARCEIRAS 75 + SERVI\u00c7OS GRATUITOS @ SOL\u2019s Office Impress\u00e3o Gratuita Wi-Fi ilimitado Foto de Passaporte SEJA MEMBRO DA SOL EDU E APROVEITE TODOS OS DESCONTOS! A SOL Edu cuida de voc\u00ea em cada etapa da sua jornada na&hellip;<\/p>\n","protected":false},"author":12,"featured_media":0,"parent":0,"menu_order":0,"comment_status":"closed","ping_status":"closed","template":"","meta":{"_acf_changed":false,"footnotes":""},"class_list":["post-994625","page","type-page","status-publish","hentry","description-off"],"acf":[],"yoast_head":"<!-- This site is optimized with the Yoast SEO plugin v27.2 - https:\/\/yoast.com\/product\/yoast-seo-wordpress\/ -->\n<title>Membership - SOL Edu Brasileiros<\/title>\n<meta name=\"robots\" content=\"index, follow, max-snippet:-1, max-image-preview:large, max-video-preview:-1\" \/>\n<link rel=\"canonical\" href=\"https:\/\/www.soledu.net\/br\/membership\/\" \/>\n<meta property=\"og:locale\" content=\"en_US\" \/>\n<meta property=\"og:type\" content=\"article\" \/>\n<meta property=\"og:title\" content=\"Membership - SOL Edu Brasileiros\" \/>\n<meta property=\"og:url\" content=\"https:\/\/www.soledu.net\/br\/membership\/\" \/>\n<meta property=\"og:site_name\" content=\"SOL Edu Brasileiros\" \/>\n<meta property=\"article:modified_time\" content=\"2024-11-19T04:01:34+00:00\" \/>\n<meta name=\"twitter:card\" content=\"summary_large_image\" \/>\n<meta name=\"twitter:label1\" content=\"Est. reading time\" \/>\n\t<meta name=\"twitter:data1\" content=\"5 minutes\" \/>\n<script type=\"application\/ld+json\" class=\"yoast-schema-graph\">{\"@context\":\"https:\/\/schema.org\",\"@graph\":[{\"@type\":\"WebPage\",\"@id\":\"https:\/\/www.soledu.net\/br\/membership\/\",\"url\":\"https:\/\/www.soledu.net\/br\/membership\/\",\"name\":\"Membership - SOL Edu Brasileiros\",\"isPartOf\":{\"@id\":\"https:\/\/www.soledu.net\/br\/#website\"},\"datePublished\":\"2018-10-08T05:46:25+00:00\",\"dateModified\":\"2024-11-19T04:01:34+00:00\",\"breadcrumb\":{\"@id\":\"https:\/\/www.soledu.net\/br\/membership\/#breadcrumb\"},\"inLanguage\":\"en-US\",\"potentialAction\":[{\"@type\":\"ReadAction\",\"target\":[\"https:\/\/www.soledu.net\/br\/membership\/\"]}]},{\"@type\":\"BreadcrumbList\",\"@id\":\"https:\/\/www.soledu.net\/br\/membership\/#breadcrumb\",\"itemListElement\":[{\"@type\":\"ListItem\",\"position\":1,\"name\":\"Home\",\"item\":\"https:\/\/www.soledu.net\/br\/\"},{\"@type\":\"ListItem\",\"position\":2,\"name\":\"Membership\"}]},{\"@type\":\"WebSite\",\"@id\":\"https:\/\/www.soledu.net\/br\/#website\",\"url\":\"https:\/\/www.soledu.net\/br\/\",\"name\":\"SOL Edu Brasileiros\",\"description\":\"SOL Edu Brasileiros\",\"potentialAction\":[{\"@type\":\"SearchAction\",\"target\":{\"@type\":\"EntryPoint\",\"urlTemplate\":\"https:\/\/www.soledu.net\/br\/?s={search_term_string}\"},\"query-input\":{\"@type\":\"PropertyValueSpecification\",\"valueRequired\":true,\"valueName\":\"search_term_string\"}}],\"inLanguage\":\"en-US\"}]}<\/script>\n<!-- \/ Yoast SEO plugin. -->","yoast_head_json":{"title":"Membership - SOL Edu Brasileiros","robots":{"index":"index","follow":"follow","max-snippet":"max-snippet:-1","max-image-preview":"max-image-preview:large","max-video-preview":"max-video-preview:-1"},"canonical":"https:\/\/www.soledu.net\/br\/membership\/","og_locale":"en_US","og_type":"article","og_title":"Membership - SOL Edu Brasileiros","og_url":"https:\/\/www.soledu.net\/br\/membership\/","og_site_name":"SOL Edu Brasileiros","article_modified_time":"2024-11-19T04:01:34+00:00","twitter_card":"summary_large_image","twitter_misc":{"Est. reading time":"5 minutes"},"schema":{"@context":"https:\/\/schema.org","@graph":[{"@type":"WebPage","@id":"https:\/\/www.soledu.net\/br\/membership\/","url":"https:\/\/www.soledu.net\/br\/membership\/","name":"Membership - SOL Edu Brasileiros","isPartOf":{"@id":"https:\/\/www.soledu.net\/br\/#website"},"datePublished":"2018-10-08T05:46:25+00:00","dateModified":"2024-11-19T04:01:34+00:00","breadcrumb":{"@id":"https:\/\/www.soledu.net\/br\/membership\/#breadcrumb"},"inLanguage":"en-US","potentialAction":[{"@type":"ReadAction","target":["https:\/\/www.soledu.net\/br\/membership\/"]}]},{"@type":"BreadcrumbList","@id":"https:\/\/www.soledu.net\/br\/membership\/#breadcrumb","itemListElement":[{"@type":"ListItem","position":1,"name":"Home","item":"https:\/\/www.soledu.net\/br\/"},{"@type":"ListItem","position":2,"name":"Membership"}]},{"@type":"WebSite","@id":"https:\/\/www.soledu.net\/br\/#website","url":"https:\/\/www.soledu.net\/br\/","name":"SOL Edu Brasileiros","description":"SOL Edu Brasileiros","potentialAction":[{"@type":"SearchAction","target":{"@type":"EntryPoint","urlTemplate":"https:\/\/www.soledu.net\/br\/?s={search_term_string}"},"query-input":{"@type":"PropertyValueSpecification","valueRequired":true,"valueName":"search_term_string"}}],"inLanguage":"en-US"}]}},"_links":{"self":[{"href":"https:\/\/www.soledu.net\/br\/wp-json\/wp\/v2\/pages\/994625","targetHints":{"allow":["GET"]}}],"collection":[{"href":"https:\/\/www.soledu.net\/br\/wp-json\/wp\/v2\/pages"}],"about":[{"href":"https:\/\/www.soledu.net\/br\/wp-json\/wp\/v2\/types\/page"}],"author":[{"embeddable":true,"href":"https:\/\/www.soledu.net\/br\/wp-json\/wp\/v2\/users\/12"}],"replies":[{"embeddable":true,"href":"https:\/\/www.soledu.net\/br\/wp-json\/wp\/v2\/comments?post=994625"}],"version-history":[{"count":42,"href":"https:\/\/www.soledu.net\/br\/wp-json\/wp\/v2\/pages\/994625\/revisions"}],"predecessor-version":[{"id":999340,"href":"https:\/\/www.soledu.net\/br\/wp-json\/wp\/v2\/pages\/994625\/revisions\/999340"}],"wp:attachment":[{"href":"https:\/\/www.soledu.net\/br\/wp-json\/wp\/v2\/media?parent=994625"}],"curies":[{"name":"wp","href":"https:\/\/api.w.org\/{rel}","templated":true}]}}