{"id":994436,"date":"2018-09-28T17:37:57","date_gmt":"2018-09-28T07:37:57","guid":{"rendered":"https:\/\/soledu.net\/br\/?page_id=994436"},"modified":"2025-07-14T12:43:56","modified_gmt":"2025-07-14T02:43:56","slug":"quem-somos","status":"publish","type":"page","link":"https:\/\/www.soledu.net\/br\/quem-somos\/","title":{"rendered":"Quem Somos"},"content":{"rendered":"<div class=\"wpb-content-wrapper\"><div data-vc-full-width=\"true\" data-vc-full-width-temp=\"true\" data-vc-full-width-init=\"false\" data-vc-stretch-content=\"true\" class=\"vc_row wpb_row vc_row-fluid vc_row-no-padding\"><div class=\"wpb_column vc_column_container vc_col-sm-12\"><div class=\"vc_column-inner\"><div class=\"wpb_wrapper\">\n\t<div  class=\"wpb_single_image wpb_content_element vc_align_center\">\n\t\t\n\t\t<figure class=\"wpb_wrapper vc_figure\">\n\t\t\t<div class=\"vc_single_image-wrapper   vc_box_border_grey\"><img decoding=\"async\" width=\"2560\" height=\"790\" data-src=\"https:\/\/www.soledu.net\/br\/app\/uploads\/2023\/03\/Untitled-1-1-scaled.jpg\" class=\"vc_single_image-img attachment-full lazyload\" alt=\"\" title=\"Untitled-1\" data-srcset=\"https:\/\/www.soledu.net\/br\/app\/uploads\/2023\/03\/Untitled-1-1-scaled.jpg 2560w, https:\/\/www.soledu.net\/br\/app\/uploads\/2023\/03\/Untitled-1-1-300x93.jpg 300w, https:\/\/www.soledu.net\/br\/app\/uploads\/2023\/03\/Untitled-1-1-1024x316.jpg 1024w, https:\/\/www.soledu.net\/br\/app\/uploads\/2023\/03\/Untitled-1-1-768x237.jpg 768w, https:\/\/www.soledu.net\/br\/app\/uploads\/2023\/03\/Untitled-1-1-1536x474.jpg 1536w, https:\/\/www.soledu.net\/br\/app\/uploads\/2023\/03\/Untitled-1-1-2048x632.jpg 2048w\" data-sizes=\"(max-width: 2560px) 100vw, 2560px\"  data-dt-location=\"https:\/\/www.soledu.net\/br\/quem-somos\/untitled-1-3\/\" src=\"data:image\/svg+xml;base64,PHN2ZyB3aWR0aD0iMSIgaGVpZ2h0PSIxIiB4bWxucz0iaHR0cDovL3d3dy53My5vcmcvMjAwMC9zdmciPjwvc3ZnPg==\" style=\"--smush-placeholder-width: 2560px; --smush-placeholder-aspect-ratio: 2560\/790;\" \/><\/div>\n\t\t<\/figure>\n\t<\/div>\n<\/div><\/div><\/div><\/div><div class=\"vc_row-full-width vc_clearfix\"><\/div><div class=\"vc_row wpb_row vc_row-fluid dt-default\" style=\"margin-top: 0px;margin-bottom: 0px\"><div class=\"wpb_column vc_column_container vc_col-sm-12\"><div class=\"vc_column-inner\"><div class=\"wpb_wrapper\"><div class=\"vc_empty_space\"   style=\"height: 32px\"><span class=\"vc_empty_space_inner\"><\/span><\/div><h2 style=\"color: #333333;text-align: left;font-family:Montserrat;font-weight:700;font-style:normal\" class=\"vc_custom_heading vc_do_custom_heading\" >Conhe\u00e7a nosso time - Brasil<\/h2><div class=\"vc_empty_space\"   style=\"height: 16px\"><span class=\"vc_empty_space_inner\"><\/span><\/div><div class=\"vc_separator wpb_content_element vc_separator_align_center vc_sep_width_20 vc_sep_border_width_4 vc_sep_pos_align_left vc_separator_no_text wpb_content_element  wpb_content_element\" ><span class=\"vc_sep_holder vc_sep_holder_l\"><span style=\"border-color:#fdcc00;\" class=\"vc_sep_line\"><\/span><\/span><span class=\"vc_sep_holder vc_sep_holder_r\"><span style=\"border-color:#fdcc00;\" class=\"vc_sep_line\"><\/span><\/span>\n<\/div><div class=\"vc_empty_space\"   style=\"height: 32px\"><span class=\"vc_empty_space_inner\"><\/span><\/div><div class=\"vc_empty_space\"   style=\"height: 8px\"><span class=\"vc_empty_space_inner\"><\/span><\/div><\/div><\/div><\/div><\/div><div class=\"vc_row wpb_row vc_row-fluid member vc_row-o-equal-height vc_row-o-content-middle vc_row-flex\"><div class=\"wpb_column vc_column_container vc_col-sm-6\"><div class=\"vc_column-inner\"><div class=\"wpb_wrapper\">\n\t<div  class=\"wpb_single_image wpb_content_element vc_align_center\">\n\t\t\n\t\t<figure class=\"wpb_wrapper vc_figure\">\n\t\t\t<div class=\"vc_single_image-wrapper vc_box_border_circle  vc_box_border_orange\"><img decoding=\"async\" width=\"300\" height=\"300\" data-src=\"https:\/\/www.soledu.net\/br\/app\/uploads\/2023\/03\/IMG_5789-300x300.jpg\" class=\"vc_single_image-img attachment-medium lazyload\" alt=\"\" title=\"IMG_5789\" data-srcset=\"https:\/\/www.soledu.net\/br\/app\/uploads\/2023\/03\/IMG_5789-300x300.jpg 300w, https:\/\/www.soledu.net\/br\/app\/uploads\/2023\/03\/IMG_5789-1024x1024.jpg 1024w, https:\/\/www.soledu.net\/br\/app\/uploads\/2023\/03\/IMG_5789-150x150.jpg 150w, https:\/\/www.soledu.net\/br\/app\/uploads\/2023\/03\/IMG_5789-768x768.jpg 768w, https:\/\/www.soledu.net\/br\/app\/uploads\/2023\/03\/IMG_5789.jpg 1500w\" data-sizes=\"(max-width: 300px) 100vw, 300px\"  data-dt-location=\"https:\/\/www.soledu.net\/br\/quem-somos\/img_5789\/\" src=\"data:image\/svg+xml;base64,PHN2ZyB3aWR0aD0iMSIgaGVpZ2h0PSIxIiB4bWxucz0iaHR0cDovL3d3dy53My5vcmcvMjAwMC9zdmciPjwvc3ZnPg==\" style=\"--smush-placeholder-width: 300px; --smush-placeholder-aspect-ratio: 300\/300;\" \/><\/div>\n\t\t<\/figure>\n\t<\/div>\n<style type=\"text\/css\" data-type=\"the7_shortcodes-inline-css\">#default-btn-dd539436937a4fd043c6de80cbe38a98.ico-right-side > i {\n  margin-right: 0px;\n  margin-left: 8px;\n}\n#default-btn-dd539436937a4fd043c6de80cbe38a98 > i {\n  margin-right: 8px;\n}<\/style><div class=\"btn-align-center\"><a href=\"https:\/\/api.whatsapp.com\/send?phone=61411360007&amp;text=Ol%C3%A1%2C%20gostaria%20de%20um%20or%C3%A7amento%20para%20estudar%20na%20Austr%C3%A1lia!\" class=\"default-btn-shortcode dt-btn dt-btn-l link-hover-off \" target=\"_blank\" id=\"default-btn-dd539436937a4fd043c6de80cbe38a98\" style=\"width:300px;\" title=\"Solicite seu or\u00e7amento\" rel=\"noopener\"><span>Fale comigo!<\/span><\/a><\/div><div class=\"vc_empty_space\"   style=\"height: 32px\"><span class=\"vc_empty_space_inner\"><\/span><\/div><div class=\"vc_empty_space\"   style=\"height: 32px\"><span class=\"vc_empty_space_inner\"><\/span><\/div><\/div><\/div><\/div><div class=\"wpb_column vc_column_container vc_col-sm-6\"><div class=\"vc_column-inner\"><div class=\"wpb_wrapper\">\n\t<div class=\"wpb_text_column wpb_content_element \" >\n\t\t<div class=\"wpb_wrapper\">\n\t\t\t<h3>Camilla<\/h3>\n<h6>Team Leader<\/h6>\n<p>Meu nome \u00e9 Camilla, e eu sou de S\u00e3o Paulo. Vim para a Austr\u00e1lia em 2015 para estudar ingl\u00eas e depois de avan\u00e7ar no idioma, fiz meu mestrado em Business Management com especializa\u00e7\u00e3o em Marketing na Central Queensland University. Trabalho na SOL Edu &amp; Migration desde 2020, mas atuo na ind\u00fastria de educa\u00e7\u00e3o na Australia desde 2017. O que eu mais gosto no meu trabalho \u00e9 ver as pessoas conquistarem seus objetivos aqui na Australia, desde melhorar o ingl\u00eas, adquirir uma nova qualifica\u00e7\u00e3o, arrumar um emprego na \u00e1rea ou at\u00e9 mesmo conseguir a t\u00e3o sonhada resid\u00eancia permanente.<\/p>\n\n\t\t<\/div>\n\t<\/div>\n<div class=\"vc_empty_space\"   style=\"height: 32px\"><span class=\"vc_empty_space_inner\"><\/span><\/div><\/div><\/div><\/div><\/div><div class=\"vc_row wpb_row vc_row-fluid member vc_row-o-equal-height vc_row-o-content-middle vc_row-flex\"><div class=\"wpb_column vc_column_container vc_col-sm-6\"><div class=\"vc_column-inner\"><div class=\"wpb_wrapper\">\n\t<div class=\"wpb_text_column wpb_content_element \" >\n\t\t<div class=\"wpb_wrapper\">\n\t\t\t<h3>Kamille<\/h3>\n<h6>Education Counsellor<\/h6>\n<p>Meu nome e Kamille, cheguei na Austr\u00e1lia em maio de 2022 mas j\u00e1 tive a oportunidade de viver um interc\u00e2mbio na Irlanda entre 2019 e 2021, e outro mais curto, em Londres, em 2013. Hoje, aplico um pouco da minha experi\u00eancia como estudante internacional integrando a equipe Brazil da SOL Edu &amp; Migration, como Education Counsellor.<\/p>\n\n\t\t<\/div>\n\t<\/div>\n<\/div><\/div><\/div><div class=\"wpb_column vc_column_container vc_col-sm-6\"><div class=\"vc_column-inner\"><div class=\"wpb_wrapper\">\n\t<div  class=\"wpb_single_image wpb_content_element vc_align_center\">\n\t\t\n\t\t<figure class=\"wpb_wrapper vc_figure\">\n\t\t\t<div class=\"vc_single_image-wrapper vc_box_border_circle  vc_box_border_orange\"><img decoding=\"async\" class=\"vc_single_image-img lazyload\" data-src=\"https:\/\/www.soledu.net\/br\/app\/uploads\/2024\/11\/Design-sem-nome-2-1-300x300.png\" width=\"300\" height=\"300\" alt=\"Design sem nome (2)\" title=\"Design sem nome (2)\"  data-dt-location=\"https:\/\/www.soledu.net\/br\/quem-somos\/design-sem-nome-2-3\/\" src=\"data:image\/svg+xml;base64,PHN2ZyB3aWR0aD0iMSIgaGVpZ2h0PSIxIiB4bWxucz0iaHR0cDovL3d3dy53My5vcmcvMjAwMC9zdmciPjwvc3ZnPg==\" style=\"--smush-placeholder-width: 300px; --smush-placeholder-aspect-ratio: 300\/300;\" \/><\/div>\n\t\t<\/figure>\n\t<\/div>\n<style type=\"text\/css\" data-type=\"the7_shortcodes-inline-css\">#default-btn-193d6983035081262e9a74bab90dcb4e.ico-right-side > i {\n  margin-right: 0px;\n  margin-left: 8px;\n}\n#default-btn-193d6983035081262e9a74bab90dcb4e > i {\n  margin-right: 8px;\n}<\/style><div class=\"btn-align-center\"><a href=\"https:\/\/api.whatsapp.com\/send?phone=61412796079&amp;text=Ol%C3%A1%2C%20gostaria%20de%20um%20or%C3%A7amento%20para%20estudar%20na%20Austr%C3%A1lia!\" class=\"default-btn-shortcode dt-btn dt-btn-l link-hover-off \" target=\"_blank\" id=\"default-btn-193d6983035081262e9a74bab90dcb4e\" style=\"width:300px;\" title=\"Solicite seu or\u00e7amento\" rel=\"noopener\"><span>Fale comigo!<\/span><\/a><\/div><div class=\"vc_empty_space\"   style=\"height: 32px\"><span class=\"vc_empty_space_inner\"><\/span><\/div><div class=\"vc_empty_space\"   style=\"height: 32px\"><span class=\"vc_empty_space_inner\"><\/span><\/div><\/div><\/div><\/div><\/div><div class=\"vc_row wpb_row vc_row-fluid member vc_custom_1730854627039 vc_row-has-fill vc_row-o-equal-height vc_row-o-content-middle vc_row-flex\"><div class=\"wpb_column vc_column_container vc_col-sm-6\"><div class=\"vc_column-inner\"><div class=\"wpb_wrapper\">\n\t<div  class=\"wpb_single_image wpb_content_element vc_align_center\">\n\t\t\n\t\t<figure class=\"wpb_wrapper vc_figure\">\n\t\t\t<div class=\"vc_single_image-wrapper vc_box_border_circle  vc_box_border_orange\"><img decoding=\"async\" class=\"vc_single_image-img lazyload\" data-src=\"https:\/\/www.soledu.net\/br\/app\/uploads\/2025\/04\/Foto-2-1-scaled-300x300.jpeg\" width=\"300\" height=\"300\" alt=\"Foto 2 (1)\" title=\"Foto 2 (1)\"  data-dt-location=\"https:\/\/www.soledu.net\/br\/quem-somos\/foto-2-1\/\" src=\"data:image\/svg+xml;base64,PHN2ZyB3aWR0aD0iMSIgaGVpZ2h0PSIxIiB4bWxucz0iaHR0cDovL3d3dy53My5vcmcvMjAwMC9zdmciPjwvc3ZnPg==\" style=\"--smush-placeholder-width: 300px; --smush-placeholder-aspect-ratio: 300\/300;\" \/><\/div>\n\t\t<\/figure>\n\t<\/div>\n<style type=\"text\/css\" data-type=\"the7_shortcodes-inline-css\">#default-btn-c917e6a2fa271424fd9b6e23e159f588.ico-right-side > i {\n  margin-right: 0px;\n  margin-left: 8px;\n}\n#default-btn-c917e6a2fa271424fd9b6e23e159f588 > i {\n  margin-right: 8px;\n}<\/style><div class=\"btn-align-center\"><a href=\"https:\/\/api.whatsapp.com\/send\/?phone=61432390736&amp;text&amp;type=phone_number&amp;app_absent=0\" class=\"default-btn-shortcode dt-btn dt-btn-l link-hover-off \" target=\"_blank\" id=\"default-btn-c917e6a2fa271424fd9b6e23e159f588\" style=\"width:300px;\" title=\"Solicite seu or\u00e7amento\" rel=\"noopener\"><span>Fale comigo!<\/span><\/a><\/div><div class=\"vc_empty_space\"   style=\"height: 32px\"><span class=\"vc_empty_space_inner\"><\/span><\/div><div class=\"vc_empty_space\"   style=\"height: 32px\"><span class=\"vc_empty_space_inner\"><\/span><\/div><div class=\"vc_empty_space\"   style=\"height: 32px\"><span class=\"vc_empty_space_inner\"><\/span><\/div><\/div><\/div><\/div><div class=\"wpb_column vc_column_container vc_col-sm-6\"><div class=\"vc_column-inner\"><div class=\"wpb_wrapper\">\n\t<div class=\"wpb_text_column wpb_content_element \" >\n\t\t<div class=\"wpb_wrapper\">\n\t\t\t<h3>Thaise<\/h3>\n<h6>Education Counsellor<\/h6>\n<p><span data-teams=\"true\">Meu nome \u00e9 Thaise, venho do interior de S\u00e3o Paulo e cheguei na Austr\u00e1lia em abril de 2023. Estudo ingl\u00eas desde crian\u00e7a e sempre foi o meu sonho viver o idioma como uma realidade, no dia a dia. Hoje, o meu objetivo vai muito mais al\u00e9m disso &#8211; na Austr\u00e1lia, eu aprendo e enfrento desafios que me fazem ser melhor a cada dia. E com a SOL Edu, posso contribuir para que outras pessoas tamb\u00e9m tenham o privil\u00e9gio de vivenciar a experi\u00eancia \u00fanica de cruzar oceanos!<\/span><\/p>\n\n\t\t<\/div>\n\t<\/div>\n<div class=\"vc_empty_space\"   style=\"height: 32px\"><span class=\"vc_empty_space_inner\"><\/span><\/div><\/div><\/div><\/div><\/div><div class=\"vc_row wpb_row vc_row-fluid member vc_row-o-equal-height vc_row-o-content-middle vc_row-flex\"><div class=\"wpb_column vc_column_container vc_col-sm-6\"><div class=\"vc_column-inner\"><div class=\"wpb_wrapper\">\n\t<div class=\"wpb_text_column wpb_content_element \" >\n\t\t<div class=\"wpb_wrapper\">\n\t\t\t<h3>Kai<\/h3>\n<h6>Content Creator<\/h6>\n<p><strong data-start=\"0\" data-end=\"21\">Oi, eu sou o Kai!<\/strong> \ud83d\ude42<br \/>\nCheguei na Austr\u00e1lia no final de 2023 e, desde ent\u00e3o, venho vivendo na pr\u00e1tica tudo o que \u00e9 planejar uma nova fase por aqui. Como algu\u00e9m que veio explorar oportunidades e se reinventar, sei bem o que \u00e9 se jogar no desconhecido \u2013 e \u00e9 exatamente esse esp\u00edrito que trago pro meu trabalho. Hoje, sou respons\u00e1vel por toda a comunica\u00e7\u00e3o da <strong data-start=\"315\" data-end=\"333\">SOL Edu Brasil<\/strong>. Se voc\u00ea acompanha a gente, provavelmente j\u00e1 viu meu trabalho por a\u00ed. Gosto de transformar ideias em algo que realmente conecta, trazendo informa\u00e7\u00e3o de um jeito claro, interessante e, principalmente, \u00fatil pra quem t\u00e1 construindo seu caminho na Austr\u00e1lia. Vamos juntos?<\/p>\n\n\t\t<\/div>\n\t<\/div>\n<\/div><\/div><\/div><div class=\"wpb_column vc_column_container vc_col-sm-6\"><div class=\"vc_column-inner\"><div class=\"wpb_wrapper\">\n\t<div  class=\"wpb_single_image wpb_content_element vc_align_center\">\n\t\t\n\t\t<figure class=\"wpb_wrapper vc_figure\">\n\t\t\t<div class=\"vc_single_image-wrapper vc_box_border_circle  vc_box_border_orange\"><img decoding=\"async\" class=\"vc_single_image-img lazyload\" data-src=\"https:\/\/www.soledu.net\/br\/app\/uploads\/2025\/07\/fdc98b5c-3889-41f7-b90b-a21949b1bc33-1-scaled-300x300.jpg\" width=\"300\" height=\"300\" alt=\"fdc98b5c-3889-41f7-b90b-a21949b1bc33\" title=\"fdc98b5c-3889-41f7-b90b-a21949b1bc33\"  data-dt-location=\"https:\/\/www.soledu.net\/br\/fdc98b5c-3889-41f7-b90b-a21949b1bc33-2\/\" src=\"data:image\/svg+xml;base64,PHN2ZyB3aWR0aD0iMSIgaGVpZ2h0PSIxIiB4bWxucz0iaHR0cDovL3d3dy53My5vcmcvMjAwMC9zdmciPjwvc3ZnPg==\" style=\"--smush-placeholder-width: 300px; --smush-placeholder-aspect-ratio: 300\/300;\" \/><\/div>\n\t\t<\/figure>\n\t<\/div>\n<style type=\"text\/css\" data-type=\"the7_shortcodes-inline-css\">#default-btn-c92bb37e45802cbe0c20e18814319356.ico-right-side > i {\n  margin-right: 0px;\n  margin-left: 8px;\n}\n#default-btn-c92bb37e45802cbe0c20e18814319356 > i {\n  margin-right: 8px;\n}<\/style><div class=\"btn-align-center\"><a href=\"https:\/\/api.whatsapp.com\/send\/?phone=61423849218\" class=\"default-btn-shortcode dt-btn dt-btn-l link-hover-off \" target=\"_blank\" id=\"default-btn-c92bb37e45802cbe0c20e18814319356\" style=\"width:300px;\" rel=\"noopener\"><span>Fale comigo!<\/span><\/a><\/div><div class=\"vc_empty_space\"   style=\"height: 32px\"><span class=\"vc_empty_space_inner\"><\/span><\/div><div class=\"vc_empty_space\"   style=\"height: 32px\"><span class=\"vc_empty_space_inner\"><\/span><\/div><div class=\"vc_empty_space\"   style=\"height: 32px\"><span class=\"vc_empty_space_inner\"><\/span><\/div><\/div><\/div><\/div><\/div>\n<\/div>","protected":false},"excerpt":{"rendered":"<p>Conhe\u00e7a nosso time &#8211; Brasil Camilla Team Leader Meu nome \u00e9 Camilla, e eu sou de S\u00e3o Paulo. Vim para a Austr\u00e1lia em 2015 para estudar ingl\u00eas e depois de avan\u00e7ar no idioma, fiz meu mestrado em Business Management com especializa\u00e7\u00e3o em Marketing na Central Queensland University. Trabalho na SOL Edu &amp; Migration desde 2020,&hellip;<\/p>\n","protected":false},"author":12,"featured_media":0,"parent":0,"menu_order":0,"comment_status":"closed","ping_status":"open","template":"","meta":{"_acf_changed":false,"footnotes":""},"class_list":["post-994436","page","type-page","status-publish","hentry","description-off"],"acf":[],"yoast_head":"<!-- This site is optimized with the Yoast SEO plugin v27.2 - https:\/\/yoast.com\/product\/yoast-seo-wordpress\/ -->\n<title>Quem Somos - SOL Edu Brasileiros<\/title>\n<meta name=\"robots\" content=\"index, follow, max-snippet:-1, max-image-preview:large, max-video-preview:-1\" \/>\n<link rel=\"canonical\" href=\"https:\/\/www.soledu.net\/br\/quem-somos\/\" \/>\n<meta property=\"og:locale\" content=\"en_US\" \/>\n<meta property=\"og:type\" content=\"article\" \/>\n<meta property=\"og:title\" content=\"Quem Somos - SOL Edu Brasileiros\" \/>\n<meta property=\"og:url\" content=\"https:\/\/www.soledu.net\/br\/quem-somos\/\" \/>\n<meta property=\"og:site_name\" content=\"SOL Edu Brasileiros\" \/>\n<meta property=\"article:modified_time\" content=\"2025-07-14T02:43:56+00:00\" \/>\n<meta name=\"twitter:card\" content=\"summary_large_image\" \/>\n<meta name=\"twitter:label1\" content=\"Est. reading time\" \/>\n\t<meta name=\"twitter:data1\" content=\"4 minutes\" \/>\n<script type=\"application\/ld+json\" class=\"yoast-schema-graph\">{\"@context\":\"https:\/\/schema.org\",\"@graph\":[{\"@type\":\"WebPage\",\"@id\":\"https:\/\/www.soledu.net\/br\/quem-somos\/\",\"url\":\"https:\/\/www.soledu.net\/br\/quem-somos\/\",\"name\":\"Quem Somos - SOL Edu Brasileiros\",\"isPartOf\":{\"@id\":\"https:\/\/www.soledu.net\/br\/#website\"},\"datePublished\":\"2018-09-28T07:37:57+00:00\",\"dateModified\":\"2025-07-14T02:43:56+00:00\",\"breadcrumb\":{\"@id\":\"https:\/\/www.soledu.net\/br\/quem-somos\/#breadcrumb\"},\"inLanguage\":\"en-US\",\"potentialAction\":[{\"@type\":\"ReadAction\",\"target\":[\"https:\/\/www.soledu.net\/br\/quem-somos\/\"]}]},{\"@type\":\"BreadcrumbList\",\"@id\":\"https:\/\/www.soledu.net\/br\/quem-somos\/#breadcrumb\",\"itemListElement\":[{\"@type\":\"ListItem\",\"position\":1,\"name\":\"Home\",\"item\":\"https:\/\/www.soledu.net\/br\/\"},{\"@type\":\"ListItem\",\"position\":2,\"name\":\"Quem Somos\"}]},{\"@type\":\"WebSite\",\"@id\":\"https:\/\/www.soledu.net\/br\/#website\",\"url\":\"https:\/\/www.soledu.net\/br\/\",\"name\":\"SOL Edu Brasileiros\",\"description\":\"SOL Edu Brasileiros\",\"potentialAction\":[{\"@type\":\"SearchAction\",\"target\":{\"@type\":\"EntryPoint\",\"urlTemplate\":\"https:\/\/www.soledu.net\/br\/?s={search_term_string}\"},\"query-input\":{\"@type\":\"PropertyValueSpecification\",\"valueRequired\":true,\"valueName\":\"search_term_string\"}}],\"inLanguage\":\"en-US\"}]}<\/script>\n<!-- \/ Yoast SEO plugin. -->","yoast_head_json":{"title":"Quem Somos - SOL Edu Brasileiros","robots":{"index":"index","follow":"follow","max-snippet":"max-snippet:-1","max-image-preview":"max-image-preview:large","max-video-preview":"max-video-preview:-1"},"canonical":"https:\/\/www.soledu.net\/br\/quem-somos\/","og_locale":"en_US","og_type":"article","og_title":"Quem Somos - SOL Edu Brasileiros","og_url":"https:\/\/www.soledu.net\/br\/quem-somos\/","og_site_name":"SOL Edu Brasileiros","article_modified_time":"2025-07-14T02:43:56+00:00","twitter_card":"summary_large_image","twitter_misc":{"Est. reading time":"4 minutes"},"schema":{"@context":"https:\/\/schema.org","@graph":[{"@type":"WebPage","@id":"https:\/\/www.soledu.net\/br\/quem-somos\/","url":"https:\/\/www.soledu.net\/br\/quem-somos\/","name":"Quem Somos - SOL Edu Brasileiros","isPartOf":{"@id":"https:\/\/www.soledu.net\/br\/#website"},"datePublished":"2018-09-28T07:37:57+00:00","dateModified":"2025-07-14T02:43:56+00:00","breadcrumb":{"@id":"https:\/\/www.soledu.net\/br\/quem-somos\/#breadcrumb"},"inLanguage":"en-US","potentialAction":[{"@type":"ReadAction","target":["https:\/\/www.soledu.net\/br\/quem-somos\/"]}]},{"@type":"BreadcrumbList","@id":"https:\/\/www.soledu.net\/br\/quem-somos\/#breadcrumb","itemListElement":[{"@type":"ListItem","position":1,"name":"Home","item":"https:\/\/www.soledu.net\/br\/"},{"@type":"ListItem","position":2,"name":"Quem Somos"}]},{"@type":"WebSite","@id":"https:\/\/www.soledu.net\/br\/#website","url":"https:\/\/www.soledu.net\/br\/","name":"SOL Edu Brasileiros","description":"SOL Edu Brasileiros","potentialAction":[{"@type":"SearchAction","target":{"@type":"EntryPoint","urlTemplate":"https:\/\/www.soledu.net\/br\/?s={search_term_string}"},"query-input":{"@type":"PropertyValueSpecification","valueRequired":true,"valueName":"search_term_string"}}],"inLanguage":"en-US"}]}},"_links":{"self":[{"href":"https:\/\/www.soledu.net\/br\/wp-json\/wp\/v2\/pages\/994436","targetHints":{"allow":["GET"]}}],"collection":[{"href":"https:\/\/www.soledu.net\/br\/wp-json\/wp\/v2\/pages"}],"about":[{"href":"https:\/\/www.soledu.net\/br\/wp-json\/wp\/v2\/types\/page"}],"author":[{"embeddable":true,"href":"https:\/\/www.soledu.net\/br\/wp-json\/wp\/v2\/users\/12"}],"replies":[{"embeddable":true,"href":"https:\/\/www.soledu.net\/br\/wp-json\/wp\/v2\/comments?post=994436"}],"version-history":[{"count":133,"href":"https:\/\/www.soledu.net\/br\/wp-json\/wp\/v2\/pages\/994436\/revisions"}],"predecessor-version":[{"id":1000043,"href":"https:\/\/www.soledu.net\/br\/wp-json\/wp\/v2\/pages\/994436\/revisions\/1000043"}],"wp:attachment":[{"href":"https:\/\/www.soledu.net\/br\/wp-json\/wp\/v2\/media?parent=994436"}],"curies":[{"name":"wp","href":"https:\/\/api.w.org\/{rel}","templated":true}]}}