{"id":994395,"date":"2018-09-27T17:47:12","date_gmt":"2018-09-27T07:47:12","guid":{"rendered":"https:\/\/soledu.net\/br\/?page_id=994395"},"modified":"2024-11-07T13:31:31","modified_gmt":"2024-11-07T03:31:31","slug":"destinos","status":"publish","type":"page","link":"https:\/\/www.soledu.net\/br\/destinos\/","title":{"rendered":"Destinos"},"content":{"rendered":"<div class=\"wpb-content-wrapper\"><div class=\"vc_row wpb_row vc_row-fluid jp_uni-title full-width-wrap dt-default\" style=\"padding-left: 0px;padding-right: 0px;margin-top: 0px;margin-bottom: 0px\"><div class=\"wpb_column vc_column_container vc_col-sm-12\"><div class=\"vc_column-inner\"><div class=\"wpb_wrapper\"><div class=\"vc_row wpb_row vc_inner vc_row-fluid\"><div class=\"wpb_column vc_column_container vc_col-sm-6\"><div class=\"vc_column-inner\"><div class=\"wpb_wrapper\">\n\t<div class=\"wpb_text_column wpb_content_element \" >\n\t\t<div class=\"wpb_wrapper\">\n\t\t\t<h1>Interc\u00e2mbio<\/h1>\n\n\t\t<\/div>\n\t<\/div>\n<\/div><\/div><\/div><div class=\"wpb_column vc_column_container vc_col-sm-6\"><div class=\"vc_column-inner\"><div class=\"wpb_wrapper\">\n\t<div class=\"wpb_text_column wpb_content_element \" >\n\t\t<div class=\"wpb_wrapper\">\n\t\t\t<h2 style=\"text-align: right;\">ESCOLHA SEU DESTINO<\/h2>\n\n\t\t<\/div>\n\t<\/div>\n<\/div><\/div><\/div><\/div><\/div><\/div><\/div><\/div><div class=\"vc_row wpb_row vc_row-fluid intro dt-default\" style=\"margin-top: 0px;margin-bottom: 0px\"><div class=\"wpb_column vc_column_container vc_col-sm-12\"><div class=\"vc_column-inner\"><div class=\"wpb_wrapper\">\n\t<div class=\"wpb_text_column wpb_content_element \" >\n\t\t<div class=\"wpb_wrapper\">\n\t\t\t<p><span style=\"font-size: 12pt;\"><strong><span class=\"TextRun SCXW258178608 BCX0\" lang=\"PT-BR\" xml:lang=\"PT-BR\" data-contrast=\"auto\"><span class=\"NormalTextRun SCXW258178608 BCX0\">Explore o Mundo com a Sol Edu: Sua Ag\u00eancia de Interc\u00e2mbio na Austr\u00e1lia<\/span><\/span><\/strong><\/span><\/p>\n<p><span class=\"TextRun SCXW185034692 BCX0\" lang=\"PT-BR\" xml:lang=\"PT-BR\" data-contrast=\"auto\"><span class=\"NormalTextRun SCXW185034692 BCX0\">A Sol Edu \u00e9 uma empresa especializada em interc\u00e2mbio na Austr\u00e1lia, oferecendo uma sele\u00e7\u00e3o de destinos incr\u00edveis que atendem a diversos interesses e objetivos. O interc\u00e2mbio \u00e9 uma experi\u00eancia transformadora que permite que voc\u00ea aprenda um novo idioma, vivencie uma nova cultura, conhe\u00e7a pessoas do mundo inteiro e desenvolva habilidades valiosas para sua vida pessoal e profissional.<\/span><\/span><span class=\"EOP SCXW185034692 BCX0\" data-ccp-props=\"{}\">\u00a0<\/span><\/p>\n<p><span style=\"font-size: 12pt;\"><strong><span class=\"TextRun SCXW59043512 BCX0\" lang=\"PT-BR\" xml:lang=\"PT-BR\" data-contrast=\"auto\"><span class=\"NormalTextRun SCXW59043512 BCX0\">Por que fazer Interc\u00e2mbio?<\/span><\/span><\/strong><\/span><\/p>\n<p><span class=\"TextRun SCXW137095926 BCX0\" lang=\"PT-BR\" xml:lang=\"PT-BR\" data-contrast=\"auto\"><span class=\"NormalTextRun SCXW137095926 BCX0\">Participar de um programa de interc\u00e2mbio \u00e9 mais do que apenas viajar; \u00e9 uma oportunidade de crescimento e desenvolvimento. Ao escolher estudar ou trabalhar no exterior, voc\u00ea amplia sua vis\u00e3o de mundo, faz novas amizades e adquire experi\u00eancias que podem enriquecer seu curr\u00edculo.<\/span><\/span><\/p>\n<p><span style=\"font-size: 12pt;\"><strong><span class=\"TextRun SCXW59595403 BCX0\" lang=\"PT-BR\" xml:lang=\"PT-BR\" data-contrast=\"auto\"><span class=\"NormalTextRun SCXW59595403 BCX0\">A Import\u00e2ncia da Escolha da Cidade<\/span><\/span><\/strong><\/span><\/p>\n<p><span data-contrast=\"auto\">A escolha da cidade onde voc\u00ea ir\u00e1 realizar seu interc\u00e2mbio \u00e9 um passo crucial neste processo. Cada destino oferece caracter\u00edsticas \u00fanicas que podem influenciar sua experi\u00eancia, desde a cultura local e estilo de vida at\u00e9 as oportunidades de trabalho e estudo. Na Sol Edu, ajudamos voc\u00ea a encontrar a cidade que melhor se adapta aos seus objetivos e interesses, garantindo que sua experi\u00eancia seja enriquecedora e inesquec\u00edvel.<\/span><span data-ccp-props=\"{}\">\u00a0<\/span><\/p>\n<p><span data-contrast=\"auto\">Explore nossos destinos e descubra onde sua jornada de interc\u00e2mbio pode te levar. Nossa equipe especializada est\u00e1 pronta para auxili\u00e1-lo em cada etapa, fornecendo informa\u00e7\u00f5es detalhadas sobre cursos, acomoda\u00e7\u00f5es e atividades locais.<\/span><span data-ccp-props=\"{}\">\u00a0<\/span><\/p>\n<p><span data-contrast=\"auto\">Pronto para dar o pr\u00f3ximo passo em sua aventura? Escolha a Sol Edu e comece sua jornada de interc\u00e2mbio na Austr\u00e1lia!<\/span><span data-ccp-props=\"{}\">\u00a0<\/span><\/p>\n<p><span data-contrast=\"auto\">Veja abaixo algumas das principais cidades destinos para seu interc\u00e2mbio.<\/span><span data-ccp-props=\"{}\">\u00a0<\/span><\/p>\n\n\t\t<\/div>\n\t<\/div>\n<\/div><\/div><\/div><\/div><div class=\"vc_row wpb_row vc_row-fluid intro dt-default\" style=\"margin-top: 0px;margin-bottom: 0px\"><div class=\"wpb_column vc_column_container vc_col-sm-12\"><div class=\"vc_column-inner\"><div class=\"wpb_wrapper\">\n\t<div class=\"wpb_text_column wpb_content_element \" >\n\t\t<div class=\"wpb_wrapper\">\n\t\t\t<h3 style=\"text-align: center;\">Destinos na Austr\u00e1lia<\/h3>\n\n\t\t<\/div>\n\t<\/div>\n<\/div><\/div><\/div><\/div><div class=\"vc_row wpb_row vc_row-fluid section-cities dt-default fadeInUp animate-element\" style=\"margin-top: 0px;margin-bottom: 0px\"><div class=\"wpb_column vc_column_container vc_col-sm-12\"><div class=\"vc_column-inner vc_custom_1677820586947\"><div class=\"wpb_wrapper\"><div class=\"ult-content-box-container \" >\t<a class=\"ult-content-box-anchor\" href=\"https:\/\/www.soledu.net\/br\/destinos\/destinos-em-australia-brisbane\/\" >\t\t<div class=\"ult-content-box lazyload\" style=\"background-image:inherit;background-size: cover;background-repeat: repeat;background-position: center center;background-color: rgba(0, 0, 0, 0);box-shadow: px px px px none;-webkit-transition: all 700ms ease;-moz-transition: all 700ms ease;-ms-transition: all 700ms ease;-o-transition: all 700ms ease;transition: all 700ms ease;\"  data-hover_box_shadow=\"none\"     data-bg-image=\"url(&#039;https:\/\/www.soledu.net\/br\/app\/uploads\/2023\/03\/Group-191.png&#039;)\">\n\t<div class=\"wpb_text_column wpb_content_element \" >\n\t\t<div class=\"wpb_wrapper\">\n\t\t\t<p style=\"text-align: center;\">Brisbane<\/p>\n\n\t\t<\/div>\n\t<\/div>\n\t\t<\/div>\t<\/a><\/div><div class=\"ult-content-box-container \" >\t<a class=\"ult-content-box-anchor\" href=\"https:\/\/www.soledu.net\/br\/destinos\/destinos-em-australia-sydney\/\" >\t\t<div class=\"ult-content-box lazyload\" style=\"background-image:inherit;background-size: cover;background-repeat: repeat;background-position: center center;background-color: rgba(0, 0, 0, 0);box-shadow: px px px px none;-webkit-transition: all 700ms ease;-moz-transition: all 700ms ease;-ms-transition: all 700ms ease;-o-transition: all 700ms ease;transition: all 700ms ease;\"  data-hover_box_shadow=\"none\"     data-bg-image=\"url(&#039;https:\/\/www.soledu.net\/br\/app\/uploads\/2023\/03\/Group-192.png&#039;)\">\n\t<div class=\"wpb_text_column wpb_content_element \" >\n\t\t<div class=\"wpb_wrapper\">\n\t\t\t<p style=\"text-align: center;\">Sydney<\/p>\n\n\t\t<\/div>\n\t<\/div>\n\t\t<\/div>\t<\/a><\/div><div class=\"ult-content-box-container \" >\t<a class=\"ult-content-box-anchor\" href=\"https:\/\/www.soledu.net\/br\/destinos\/destinos-em-australia-melbourne\/\" >\t\t<div class=\"ult-content-box lazyload\" style=\"background-image:inherit;background-size: cover;background-repeat: repeat;background-position: center center;background-color: rgba(0, 0, 0, 0);box-shadow: px px px px none;-webkit-transition: all 700ms ease;-moz-transition: all 700ms ease;-ms-transition: all 700ms ease;-o-transition: all 700ms ease;transition: all 700ms ease;\"  data-hover_box_shadow=\"none\"     data-bg-image=\"url(&#039;https:\/\/www.soledu.net\/br\/app\/uploads\/2023\/03\/Group-193.png&#039;)\">\n\t<div class=\"wpb_text_column wpb_content_element \" >\n\t\t<div class=\"wpb_wrapper\">\n\t\t\t<p style=\"text-align: center;\">Melbourne<\/p>\n\n\t\t<\/div>\n\t<\/div>\n\t\t<\/div>\t<\/a><\/div><div class=\"ult-content-box-container \" >\t<a class=\"ult-content-box-anchor\" href=\"https:\/\/www.soledu.net\/br\/destinos\/destinos-em-australia-goldcoast\/\" >\t\t<div class=\"ult-content-box lazyload\" style=\"background-image:inherit;background-size: cover;background-repeat: repeat;background-position: center center;background-color: rgba(0, 0, 0, 0);box-shadow: px px px px none;-webkit-transition: all 700ms ease;-moz-transition: all 700ms ease;-ms-transition: all 700ms ease;-o-transition: all 700ms ease;transition: all 700ms ease;\"  data-hover_box_shadow=\"none\"     data-bg-image=\"url(&#039;https:\/\/www.soledu.net\/br\/app\/uploads\/2023\/03\/Group-190.png&#039;)\">\n\t<div class=\"wpb_text_column wpb_content_element \" >\n\t\t<div class=\"wpb_wrapper\">\n\t\t\t<p style=\"text-align: center;\">Gold Coast<\/p>\n\n\t\t<\/div>\n\t<\/div>\n\t\t<\/div>\t<\/a><\/div><div class=\"ult-content-box-container \" >\t<a class=\"ult-content-box-anchor\" href=\"https:\/\/www.soledu.net\/br\/destinos\/destinos-em-australia-perth\/\" >\t\t<div class=\"ult-content-box lazyload\" style=\"background-image:inherit;background-size: cover;background-repeat: repeat;background-position: center center;background-color: rgba(0, 0, 0, 0);box-shadow: px px px px none;-webkit-transition: all 700ms ease;-moz-transition: all 700ms ease;-ms-transition: all 700ms ease;-o-transition: all 700ms ease;transition: all 700ms ease;\"  data-hover_box_shadow=\"none\"     data-bg-image=\"url(&#039;https:\/\/www.soledu.net\/br\/app\/uploads\/2023\/03\/Group-189.png&#039;)\">\n\t<div class=\"wpb_text_column wpb_content_element \" >\n\t\t<div class=\"wpb_wrapper\">\n\t\t\t<p style=\"text-align: center;\">Perth<\/p>\n\n\t\t<\/div>\n\t<\/div>\n\t\t<\/div>\t<\/a><\/div><div class=\"ult-content-box-container \" >\t<a class=\"ult-content-box-anchor\" href=\"https:\/\/www.soledu.net\/br\/destinos\/destinos-em-australia-adelaide\/\" >\t\t<div class=\"ult-content-box lazyload\" style=\"background-image:inherit;background-size: cover;background-repeat: repeat;background-position: center center;background-color: rgba(0, 0, 0, 0);box-shadow: px px px px none;-webkit-transition: all 700ms ease;-moz-transition: all 700ms ease;-ms-transition: all 700ms ease;-o-transition: all 700ms ease;transition: all 700ms ease;\"  data-hover_box_shadow=\"none\"     data-bg-image=\"url(&#039;https:\/\/www.soledu.net\/br\/app\/uploads\/2023\/03\/Group-188.png&#039;)\">\n\t<div class=\"wpb_text_column wpb_content_element \" >\n\t\t<div class=\"wpb_wrapper\">\n\t\t\t<p style=\"text-align: center;\">Adelaide<\/p>\n\n\t\t<\/div>\n\t<\/div>\n\t\t<\/div>\t<\/a><\/div><\/div><\/div><\/div><\/div>\n<\/div>","protected":false},"excerpt":{"rendered":"<p>Interc\u00e2mbio ESCOLHA SEU DESTINO Explore o Mundo com a Sol Edu: Sua Ag\u00eancia de Interc\u00e2mbio na Austr\u00e1lia A Sol Edu \u00e9 uma empresa especializada em interc\u00e2mbio na Austr\u00e1lia, oferecendo uma sele\u00e7\u00e3o de destinos incr\u00edveis que atendem a diversos interesses e objetivos. O interc\u00e2mbio \u00e9 uma experi\u00eancia transformadora que permite que voc\u00ea aprenda um novo idioma,&hellip;<\/p>\n","protected":false},"author":12,"featured_media":0,"parent":0,"menu_order":0,"comment_status":"closed","ping_status":"open","template":"","meta":{"_acf_changed":false,"footnotes":""},"class_list":["post-994395","page","type-page","status-publish","hentry","description-off"],"acf":[],"yoast_head":"<!-- This site is optimized with the Yoast SEO plugin v27.2 - https:\/\/yoast.com\/product\/yoast-seo-wordpress\/ -->\n<title>Destinos - SOL Edu Brasileiros<\/title>\n<meta name=\"robots\" content=\"index, follow, max-snippet:-1, max-image-preview:large, max-video-preview:-1\" \/>\n<link rel=\"canonical\" href=\"https:\/\/www.soledu.net\/br\/destinos\/\" \/>\n<meta property=\"og:locale\" content=\"en_US\" \/>\n<meta property=\"og:type\" content=\"article\" \/>\n<meta property=\"og:title\" content=\"Destinos - SOL Edu Brasileiros\" \/>\n<meta property=\"og:url\" content=\"https:\/\/www.soledu.net\/br\/destinos\/\" \/>\n<meta property=\"og:site_name\" content=\"SOL Edu Brasileiros\" \/>\n<meta property=\"article:modified_time\" content=\"2024-11-07T03:31:31+00:00\" \/>\n<meta name=\"twitter:card\" content=\"summary_large_image\" \/>\n<meta name=\"twitter:label1\" content=\"Est. reading time\" \/>\n\t<meta name=\"twitter:data1\" content=\"2 minutes\" \/>\n<script type=\"application\/ld+json\" class=\"yoast-schema-graph\">{\"@context\":\"https:\/\/schema.org\",\"@graph\":[{\"@type\":\"WebPage\",\"@id\":\"https:\/\/www.soledu.net\/br\/destinos\/\",\"url\":\"https:\/\/www.soledu.net\/br\/destinos\/\",\"name\":\"Destinos - SOL Edu Brasileiros\",\"isPartOf\":{\"@id\":\"https:\/\/www.soledu.net\/br\/#website\"},\"datePublished\":\"2018-09-27T07:47:12+00:00\",\"dateModified\":\"2024-11-07T03:31:31+00:00\",\"breadcrumb\":{\"@id\":\"https:\/\/www.soledu.net\/br\/destinos\/#breadcrumb\"},\"inLanguage\":\"en-US\",\"potentialAction\":[{\"@type\":\"ReadAction\",\"target\":[\"https:\/\/www.soledu.net\/br\/destinos\/\"]}]},{\"@type\":\"BreadcrumbList\",\"@id\":\"https:\/\/www.soledu.net\/br\/destinos\/#breadcrumb\",\"itemListElement\":[{\"@type\":\"ListItem\",\"position\":1,\"name\":\"Home\",\"item\":\"https:\/\/www.soledu.net\/br\/\"},{\"@type\":\"ListItem\",\"position\":2,\"name\":\"Destinos\"}]},{\"@type\":\"WebSite\",\"@id\":\"https:\/\/www.soledu.net\/br\/#website\",\"url\":\"https:\/\/www.soledu.net\/br\/\",\"name\":\"SOL Edu Brasileiros\",\"description\":\"SOL Edu Brasileiros\",\"potentialAction\":[{\"@type\":\"SearchAction\",\"target\":{\"@type\":\"EntryPoint\",\"urlTemplate\":\"https:\/\/www.soledu.net\/br\/?s={search_term_string}\"},\"query-input\":{\"@type\":\"PropertyValueSpecification\",\"valueRequired\":true,\"valueName\":\"search_term_string\"}}],\"inLanguage\":\"en-US\"}]}<\/script>\n<!-- \/ Yoast SEO plugin. -->","yoast_head_json":{"title":"Destinos - SOL Edu Brasileiros","robots":{"index":"index","follow":"follow","max-snippet":"max-snippet:-1","max-image-preview":"max-image-preview:large","max-video-preview":"max-video-preview:-1"},"canonical":"https:\/\/www.soledu.net\/br\/destinos\/","og_locale":"en_US","og_type":"article","og_title":"Destinos - SOL Edu Brasileiros","og_url":"https:\/\/www.soledu.net\/br\/destinos\/","og_site_name":"SOL Edu Brasileiros","article_modified_time":"2024-11-07T03:31:31+00:00","twitter_card":"summary_large_image","twitter_misc":{"Est. reading time":"2 minutes"},"schema":{"@context":"https:\/\/schema.org","@graph":[{"@type":"WebPage","@id":"https:\/\/www.soledu.net\/br\/destinos\/","url":"https:\/\/www.soledu.net\/br\/destinos\/","name":"Destinos - SOL Edu Brasileiros","isPartOf":{"@id":"https:\/\/www.soledu.net\/br\/#website"},"datePublished":"2018-09-27T07:47:12+00:00","dateModified":"2024-11-07T03:31:31+00:00","breadcrumb":{"@id":"https:\/\/www.soledu.net\/br\/destinos\/#breadcrumb"},"inLanguage":"en-US","potentialAction":[{"@type":"ReadAction","target":["https:\/\/www.soledu.net\/br\/destinos\/"]}]},{"@type":"BreadcrumbList","@id":"https:\/\/www.soledu.net\/br\/destinos\/#breadcrumb","itemListElement":[{"@type":"ListItem","position":1,"name":"Home","item":"https:\/\/www.soledu.net\/br\/"},{"@type":"ListItem","position":2,"name":"Destinos"}]},{"@type":"WebSite","@id":"https:\/\/www.soledu.net\/br\/#website","url":"https:\/\/www.soledu.net\/br\/","name":"SOL Edu Brasileiros","description":"SOL Edu Brasileiros","potentialAction":[{"@type":"SearchAction","target":{"@type":"EntryPoint","urlTemplate":"https:\/\/www.soledu.net\/br\/?s={search_term_string}"},"query-input":{"@type":"PropertyValueSpecification","valueRequired":true,"valueName":"search_term_string"}}],"inLanguage":"en-US"}]}},"_links":{"self":[{"href":"https:\/\/www.soledu.net\/br\/wp-json\/wp\/v2\/pages\/994395","targetHints":{"allow":["GET"]}}],"collection":[{"href":"https:\/\/www.soledu.net\/br\/wp-json\/wp\/v2\/pages"}],"about":[{"href":"https:\/\/www.soledu.net\/br\/wp-json\/wp\/v2\/types\/page"}],"author":[{"embeddable":true,"href":"https:\/\/www.soledu.net\/br\/wp-json\/wp\/v2\/users\/12"}],"replies":[{"embeddable":true,"href":"https:\/\/www.soledu.net\/br\/wp-json\/wp\/v2\/comments?post=994395"}],"version-history":[{"count":17,"href":"https:\/\/www.soledu.net\/br\/wp-json\/wp\/v2\/pages\/994395\/revisions"}],"predecessor-version":[{"id":999282,"href":"https:\/\/www.soledu.net\/br\/wp-json\/wp\/v2\/pages\/994395\/revisions\/999282"}],"wp:attachment":[{"href":"https:\/\/www.soledu.net\/br\/wp-json\/wp\/v2\/media?parent=994395"}],"curies":[{"name":"wp","href":"https:\/\/api.w.org\/{rel}","templated":true}]}}